{"id":13042,"date":"2026-02-10T21:54:15","date_gmt":"2026-02-10T19:54:15","guid":{"rendered":"https:\/\/www.vt.ee\/?page_id=13042"},"modified":"2026-02-12T12:32:35","modified_gmt":"2026-02-12T10:32:35","slug":"nobe-ou-2026","status":"publish","type":"page","link":"https:\/\/www.vt.ee\/en\/nobe-ou-2026\/","title":{"rendered":"NOBE O\u00dc 2026"},"content":{"rendered":"<div data-elementor-type=\"wp-page\" data-elementor-id=\"13042\" class=\"elementor elementor-13042\">\n\t\t\t\t\t\t<div class=\"elementor-inner\">\n\t\t\t\t<div class=\"elementor-section-wrap\">\n\t\t\t\t\t\t\t\t\t<section class=\"elementor-section elementor-top-section elementor-element elementor-element-3e9853a4 elementor-section-stretched elementor-section-height-min-height elementor-section-boxed elementor-section-height-default elementor-section-items-middle\" data-id=\"3e9853a4\" data-element_type=\"section\" data-settings=\"{&quot;stretch_section&quot;:&quot;section-stretched&quot;,&quot;background_background&quot;:&quot;gradient&quot;,&quot;shape_divider_bottom&quot;:&quot;curve-asymmetrical&quot;,&quot;shape_divider_bottom_negative&quot;:&quot;yes&quot;}\">\n\t\t\t\t\t<div class=\"elementor-shape elementor-shape-bottom\" data-negative=\"true\">\n\t\t\t<svg xmlns=\"http:\/\/www.w3.org\/2000\/svg\" viewbox=\"0 0 1000 100\" preserveaspectratio=\"none\">\n\t<path class=\"elementor-shape-fill\" d=\"M615.2,96.7C240.2,97.8,0,18.9,0,0v100h1000V0C1000,19.2,989.8,96,615.2,96.7z\"\/>\n<\/svg>\t\t<\/div>\n\t\t\t\t\t<div class=\"elementor-container elementor-column-gap-default\">\n\t\t\t\t\t\t\t<div class=\"elementor-row\">\n\t\t\t\t\t<div class=\"aux-parallax-section elementor-column elementor-col-50 elementor-top-column elementor-element elementor-element-608865fd\" data-id=\"608865fd\" data-element_type=\"column\">\n\t\t\t<div class=\"elementor-column-wrap elementor-element-populated\">\n\t\t\t\t\t\t\t<div class=\"elementor-widget-wrap\">\n\t\t\t\t\t\t<section class=\"elementor-section elementor-inner-section elementor-element elementor-element-66922874 elementor-section-content-middle elementor-section-full_width elementor-section-height-default elementor-section-height-default\" data-id=\"66922874\" data-element_type=\"section\" data-settings=\"{&quot;background_background&quot;:&quot;classic&quot;}\">\n\t\t\t\t\t\t<div class=\"elementor-container elementor-column-gap-default\">\n\t\t\t\t\t\t\t<div class=\"elementor-row\">\n\t\t\t\t\t<div class=\"aux-parallax-section elementor-column elementor-col-50 elementor-inner-column elementor-element elementor-element-592adf0\" data-id=\"592adf0\" data-element_type=\"column\">\n\t\t\t<div class=\"elementor-column-wrap elementor-element-populated\">\n\t\t\t\t\t\t\t<div class=\"elementor-widget-wrap\">\n\t\t\t\t\t\t<div class=\"elementor-element elementor-element-1c4d3242 elementor-widget elementor-widget-image\" data-id=\"1c4d3242\" data-element_type=\"widget\" data-widget_type=\"image.default\">\n\t\t\t\t<div class=\"elementor-widget-container\">\n\t\t\t\t\t\t\t\t<div class=\"elementor-image\">\n\t\t\t\t\t\t\t\t\t\t\t\t<img decoding=\"async\" width=\"300\" height=\"300\" src=\"https:\/\/www.vt.ee\/wp-content\/uploads\/Nordecon-Betoon-OU_-NOBE-300x300.png\" class=\"attachment-medium size-medium wp-image-7290\" alt=\"\" loading=\"lazy\" srcset=\"https:\/\/www.vt.ee\/wp-content\/uploads\/Nordecon-Betoon-OU_-NOBE-300x300.png 300w, https:\/\/www.vt.ee\/wp-content\/uploads\/Nordecon-Betoon-OU_-NOBE-150x150.png 150w, https:\/\/www.vt.ee\/wp-content\/uploads\/Nordecon-Betoon-OU_-NOBE-768x768.png 768w, https:\/\/www.vt.ee\/wp-content\/uploads\/Nordecon-Betoon-OU_-NOBE-12x12.png 12w, https:\/\/www.vt.ee\/wp-content\/uploads\/Nordecon-Betoon-OU_-NOBE-24x24.png 24w, https:\/\/www.vt.ee\/wp-content\/uploads\/Nordecon-Betoon-OU_-NOBE-36x36.png 36w, https:\/\/www.vt.ee\/wp-content\/uploads\/Nordecon-Betoon-OU_-NOBE-48x48.png 48w, https:\/\/www.vt.ee\/wp-content\/uploads\/Nordecon-Betoon-OU_-NOBE.png 1000w\" sizes=\"(max-width: 300px) 100vw, 300px\" \/>\t\t\t\t\t\t\t\t\t\t\t\t\t\t<\/div>\n\t\t\t\t\t\t<\/div>\n\t\t\t\t<\/div>\n\t\t\t\t\t\t<\/div>\n\t\t\t\t\t<\/div>\n\t\t<\/div>\n\t\t\t\t<div class=\"aux-parallax-section elementor-column elementor-col-50 elementor-inner-column elementor-element elementor-element-2d8251f7\" data-id=\"2d8251f7\" data-element_type=\"column\">\n\t\t\t<div class=\"elementor-column-wrap elementor-element-populated\">\n\t\t\t\t\t\t\t<div class=\"elementor-widget-wrap\">\n\t\t\t\t\t\t<div class=\"elementor-element elementor-element-2605a4e7 elementor-widget elementor-widget-heading\" data-id=\"2605a4e7\" data-element_type=\"widget\" data-widget_type=\"heading.default\">\n\t\t\t\t<div class=\"elementor-widget-container\">\n\t\t\t<h2 class=\"elementor-heading-title elementor-size-default\">NOBE O\u00dc<\/h2>\t\t<\/div>\n\t\t\t\t<\/div>\n\t\t\t\t<div class=\"elementor-element elementor-element-fc876ce elementor-widget elementor-widget-text-editor\" data-id=\"fc876ce\" data-element_type=\"widget\" data-widget_type=\"text-editor.default\">\n\t\t\t\t<div class=\"elementor-widget-container\">\n\t\t\t\t\t\t\t\t<div class=\"elementor-text-editor elementor-clearfix\">\n\t\t\t\t<p>Main field: Construction<\/p>\t\t\t\t\t<\/div>\n\t\t\t\t\t\t<\/div>\n\t\t\t\t<\/div>\n\t\t\t\t\t\t<\/div>\n\t\t\t\t\t<\/div>\n\t\t<\/div>\n\t\t\t\t\t\t\t\t<\/div>\n\t\t\t\t\t<\/div>\n\t\t<\/section>\n\t\t\t\t\t\t<\/div>\n\t\t\t\t\t<\/div>\n\t\t<\/div>\n\t\t\t\t<div class=\"aux-parallax-section elementor-column elementor-col-50 elementor-top-column elementor-element elementor-element-3856a28 elementor-hidden-phone\" data-id=\"3856a28\" data-element_type=\"column\">\n\t\t\t<div class=\"elementor-column-wrap elementor-element-populated\">\n\t\t\t\t\t\t\t<div class=\"elementor-widget-wrap\">\n\t\t\t\t\t\t<div class=\"elementor-element elementor-element-3f6ce37b elementor-widget elementor-widget-heading\" data-id=\"3f6ce37b\" data-element_type=\"widget\" data-widget_type=\"heading.default\">\n\t\t\t\t<div class=\"elementor-widget-container\">\n\t\t\t<h2 class=\"elementor-heading-title elementor-size-default\">Contact<\/h2>\t\t<\/div>\n\t\t\t\t<\/div>\n\t\t\t\t<div class=\"elementor-element elementor-element-5d9ab0e5 elementor-widget elementor-widget-text-editor\" data-id=\"5d9ab0e5\" data-element_type=\"widget\" data-widget_type=\"text-editor.default\">\n\t\t\t\t<div class=\"elementor-widget-container\">\n\t\t\t\t\t\t\t\t<div class=\"elementor-text-editor elementor-clearfix\">\n\t\t\t\t<p>Sepise 7, Tallinn<\/p><p>nobe.ee<\/p><p>nobe@nobe.ee<\/p>\t\t\t\t\t<\/div>\n\t\t\t\t\t\t<\/div>\n\t\t\t\t<\/div>\n\t\t\t\t\t\t<\/div>\n\t\t\t\t\t<\/div>\n\t\t<\/div>\n\t\t\t\t\t\t\t\t<\/div>\n\t\t\t\t\t<\/div>\n\t\t<\/section>\n\t\t\t\t<section class=\"elementor-section elementor-top-section elementor-element elementor-element-72a321e0 elementor-section-stretched elementor-section-boxed elementor-section-height-default elementor-section-height-default\" data-id=\"72a321e0\" data-element_type=\"section\" data-settings=\"{&quot;stretch_section&quot;:&quot;section-stretched&quot;}\">\n\t\t\t\t\t\t<div class=\"elementor-container elementor-column-gap-default\">\n\t\t\t\t\t\t\t<div class=\"elementor-row\">\n\t\t\t\t\t<div class=\"aux-parallax-section elementor-column elementor-col-100 elementor-top-column elementor-element elementor-element-59db84a4\" data-id=\"59db84a4\" data-element_type=\"column\">\n\t\t\t<div class=\"elementor-column-wrap elementor-element-populated\">\n\t\t\t\t\t\t\t<div class=\"elementor-widget-wrap\">\n\t\t\t\t\t\t<div class=\"elementor-element elementor-element-6e4a7ec3 elementor-widget elementor-widget-heading\" data-id=\"6e4a7ec3\" data-element_type=\"widget\" data-widget_type=\"heading.default\">\n\t\t\t\t<div class=\"elementor-widget-container\">\n\t\t\t<h2 class=\"elementor-heading-title elementor-size-default\">Company values<\/h2>\t\t<\/div>\n\t\t\t\t<\/div>\n\t\t\t\t<div class=\"elementor-element elementor-element-76ed8c22 elementor-widget elementor-widget-text-editor\" data-id=\"76ed8c22\" data-element_type=\"widget\" data-widget_type=\"text-editor.default\">\n\t\t\t\t<div class=\"elementor-widget-container\">\n\t\t\t\t\t\t\t\t<div class=\"elementor-text-editor elementor-clearfix\">\n\t\t\t\t<p>In our work and activities, we rely on three core values \u2013 trust, flexibility, and creativity.<\/p>\t\t\t\t\t<\/div>\n\t\t\t\t\t\t<\/div>\n\t\t\t\t<\/div>\n\t\t\t\t<div class=\"elementor-element elementor-element-1a975a60 elementor-widget elementor-widget-heading\" data-id=\"1a975a60\" data-element_type=\"widget\" data-widget_type=\"heading.default\">\n\t\t\t\t<div class=\"elementor-widget-container\">\n\t\t\t<h2 class=\"elementor-heading-title elementor-size-default\">Vision<\/h2>\t\t<\/div>\n\t\t\t\t<\/div>\n\t\t\t\t<div class=\"elementor-element elementor-element-31478576 elementor-widget elementor-widget-text-editor\" data-id=\"31478576\" data-element_type=\"widget\" data-widget_type=\"text-editor.default\">\n\t\t\t\t<div class=\"elementor-widget-container\">\n\t\t\t\t\t\t\t\t<div class=\"elementor-text-editor elementor-clearfix\">\n\t\t\t\t<p>Our goal is to increase the value of the client's assets with smart construction solutions.<\/p>\t\t\t\t\t<\/div>\n\t\t\t\t\t\t<\/div>\n\t\t\t\t<\/div>\n\t\t\t\t<div class=\"elementor-element elementor-element-db74a5d elementor-widget elementor-widget-heading\" data-id=\"db74a5d\" data-element_type=\"widget\" data-widget_type=\"heading.default\">\n\t\t\t\t<div class=\"elementor-widget-container\">\n\t\t\t<h2 class=\"elementor-heading-title elementor-size-default\">Mission<\/h2>\t\t<\/div>\n\t\t\t\t<\/div>\n\t\t\t\t<div class=\"elementor-element elementor-element-b750675 elementor-widget elementor-widget-text-editor\" data-id=\"b750675\" data-element_type=\"widget\" data-widget_type=\"text-editor.default\">\n\t\t\t\t<div class=\"elementor-widget-container\">\n\t\t\t\t\t\t\t\t<div class=\"elementor-text-editor elementor-clearfix\">\n\t\t\t\t<p>We execute the projects entrusted to us with high construction quality, adhering to the agreed timelines and budgets. Drawing on our experience, we solve complex tasks and potential issues with the client\u2019s interests with the best possible outcome in mind.<\/p>\t\t\t\t\t<\/div>\n\t\t\t\t\t\t<\/div>\n\t\t\t\t<\/div>\n\t\t\t\t\t\t<\/div>\n\t\t\t\t\t<\/div>\n\t\t<\/div>\n\t\t\t\t<div class=\"aux-parallax-section elementor-column elementor-col-100 elementor-top-column elementor-element elementor-element-368102b4\" data-id=\"368102b4\" data-element_type=\"column\">\n\t\t\t<div class=\"elementor-column-wrap elementor-element-populated\">\n\t\t\t\t\t\t\t<div class=\"elementor-widget-wrap\">\n\t\t\t\t\t\t<div class=\"elementor-element elementor-element-76171554 elementor-widget elementor-widget-heading\" data-id=\"76171554\" data-element_type=\"widget\" data-widget_type=\"heading.default\">\n\t\t\t\t<div class=\"elementor-widget-container\">\n\t\t\t<h2 class=\"elementor-heading-title elementor-size-default\">Statistics<\/h2>\t\t<\/div>\n\t\t\t\t<\/div>\n\t\t\t\t<div class=\"elementor-element elementor-element-fba43d5 elementor-widget elementor-widget-text-editor\" data-id=\"fba43d5\" data-element_type=\"widget\" data-widget_type=\"text-editor.default\">\n\t\t\t\t<div class=\"elementor-widget-container\">\n\t\t\t\t\t\t\t\t<div class=\"elementor-text-editor elementor-clearfix\">\n\t\t\t\t<p>NOBE employs 150 hardworking people.\u00a0<\/p>\t\t\t\t\t<\/div>\n\t\t\t\t\t\t<\/div>\n\t\t\t\t<\/div>\n\t\t\t\t<div class=\"elementor-element elementor-element-39a756ca elementor-widget elementor-widget-heading\" data-id=\"39a756ca\" data-element_type=\"widget\" data-widget_type=\"heading.default\">\n\t\t\t\t<div class=\"elementor-widget-container\">\n\t\t\t<h2 class=\"elementor-heading-title elementor-size-default\">Why should students come to your company for an internship or a job?<\/h2>\t\t<\/div>\n\t\t\t\t<\/div>\n\t\t\t\t<div class=\"elementor-element elementor-element-90a8e70 elementor-widget elementor-widget-text-editor\" data-id=\"90a8e70\" data-element_type=\"widget\" data-widget_type=\"text-editor.default\">\n\t\t\t\t<div class=\"elementor-widget-container\">\n\t\t\t\t\t\t\t\t<div class=\"elementor-text-editor elementor-clearfix\">\n\t\t\t\t<p>We have exciting and diverse construction projects, memorable team events and a sporty, youthful, and supportive team.<\/p>\t\t\t\t\t<\/div>\n\t\t\t\t\t\t<\/div>\n\t\t\t\t<\/div>\n\t\t\t\t<div class=\"elementor-element elementor-element-02ba40c elementor-widget elementor-widget-heading\" data-id=\"02ba40c\" data-element_type=\"widget\" data-widget_type=\"heading.default\">\n\t\t\t\t<div class=\"elementor-widget-container\">\n\t\t\t<h2 class=\"elementor-heading-title elementor-size-default\">Foreign students<\/h2>\t\t<\/div>\n\t\t\t\t<\/div>\n\t\t\t\t<div class=\"elementor-element elementor-element-6811217a elementor-widget elementor-widget-text-editor\" data-id=\"6811217a\" data-element_type=\"widget\" data-widget_type=\"text-editor.default\">\n\t\t\t\t<div class=\"elementor-widget-container\">\n\t\t\t\t\t\t\t\t<div class=\"elementor-text-editor elementor-clearfix\">\n\t\t\t\t<p>Working at NOBE requires a good level of proficiency in the Estonian language.<\/p>\t\t\t\t\t<\/div>\n\t\t\t\t\t\t<\/div>\n\t\t\t\t<\/div>\n\t\t\t\t\t\t<\/div>\n\t\t\t\t\t<\/div>\n\t\t<\/div>\n\t\t\t\t\t\t\t\t<\/div>\n\t\t\t\t\t<\/div>\n\t\t<\/section>\n\t\t\t\t<section class=\"elementor-section elementor-top-section elementor-element elementor-element-5ecfe1cd elementor-section-stretched elementor-hidden-desktop elementor-hidden-tablet elementor-section-height-min-height elementor-section-boxed elementor-section-height-default elementor-section-items-middle\" data-id=\"5ecfe1cd\" data-element_type=\"section\" data-settings=\"{&quot;stretch_section&quot;:&quot;section-stretched&quot;,&quot;background_background&quot;:&quot;gradient&quot;,&quot;shape_divider_top&quot;:&quot;curve-asymmetrical&quot;}\">\n\t\t\t\t\t<div class=\"elementor-shape elementor-shape-top\" data-negative=\"false\">\n\t\t\t<svg xmlns=\"http:\/\/www.w3.org\/2000\/svg\" viewbox=\"0 0 1000 100\" preserveaspectratio=\"none\">\n\t<path class=\"elementor-shape-fill\" d=\"M0,0c0,0,0,6,0,6.7c0,18,240.2,93.6,615.2,92.6C989.8,98.5,1000,25,1000,6.7c0-0.7,0-6.7,0-6.7H0z\"\/>\n<\/svg>\t\t<\/div>\n\t\t\t\t\t<div class=\"elementor-container elementor-column-gap-default\">\n\t\t\t\t\t\t\t<div class=\"elementor-row\">\n\t\t\t\t\t<div class=\"aux-parallax-section elementor-column elementor-col-100 elementor-top-column elementor-element elementor-element-74d16f6\" data-id=\"74d16f6\" data-element_type=\"column\">\n\t\t\t<div class=\"elementor-column-wrap elementor-element-populated\">\n\t\t\t\t\t\t\t<div class=\"elementor-widget-wrap\">\n\t\t\t\t\t\t<div class=\"elementor-element elementor-element-59ea724b elementor-widget elementor-widget-heading\" data-id=\"59ea724b\" data-element_type=\"widget\" data-widget_type=\"heading.default\">\n\t\t\t\t<div class=\"elementor-widget-container\">\n\t\t\t<h2 class=\"elementor-heading-title elementor-size-default\">Contact<\/h2>\t\t<\/div>\n\t\t\t\t<\/div>\n\t\t\t\t<div class=\"elementor-element elementor-element-9e175f3 elementor-widget elementor-widget-text-editor\" data-id=\"9e175f3\" data-element_type=\"widget\" data-widget_type=\"text-editor.default\">\n\t\t\t\t<div class=\"elementor-widget-container\">\n\t\t\t\t\t\t\t\t<div class=\"elementor-text-editor elementor-clearfix\">\n\t\t\t\t<p>Sepise 7, Tallinn<\/p><p>nobe.ee<\/p><p>nobe@nobe.ee<\/p>\t\t\t\t\t<\/div>\n\t\t\t\t\t\t<\/div>\n\t\t\t\t<\/div>\n\t\t\t\t\t\t<\/div>\n\t\t\t\t\t<\/div>\n\t\t<\/div>\n\t\t\t\t\t\t\t\t<\/div>\n\t\t\t\t\t<\/div>\n\t\t<\/section>\n\t\t\t\t\t\t\t\t\t<\/div>\n\t\t\t<\/div>\n\t\t\t\t\t<\/div>","protected":false},"excerpt":{"rendered":"<p>NOBE O\u00dc P\u00f5hivaldkond: Ehitus Kontakt Sepise 7, Tallinn nobe.ee nobe@nobe.ee Ettev\u00f5tte v\u00e4\u00e4rtused Oma t\u00f6\u00f6des ja tegemistes tugineme kolmele p\u00f5hiv\u00e4\u00e4rtusele \u2013 usaldus, paindlikkus ja loovus. Visioon Meie eesm\u00e4rk on t\u00f5sta kliendi vara v\u00e4\u00e4rtust nutikate ehituslahendustega. Missioon Viime ellu meile usaldatud projektid k\u00f5rge ehituskvaliteedi ning kokkulepitud aja- ja eelarvekavaga. Oma kogemustele toetudes lahendame keerukaid \u00fclesandeid ja v\u00f5imalikke [&hellip;]<\/p>","protected":false},"author":1,"featured_media":0,"parent":0,"menu_order":0,"comment_status":"closed","ping_status":"closed","template":"","meta":[],"yoast_head":"<!-- This site is optimized with the Yoast SEO plugin v20.8 - https:\/\/yoast.com\/wordpress\/plugins\/seo\/ -->\n<title>NOBE O\u00dc 2026 - V\u00f5ti Tulevikku<\/title>\n<meta name=\"robots\" content=\"index, follow, max-snippet:-1, max-image-preview:large, max-video-preview:-1\" \/>\n<link rel=\"canonical\" href=\"https:\/\/www.vt.ee\/en\/nobe-ou-2026\/\" \/>\n<meta property=\"og:locale\" content=\"en_US\" \/>\n<meta property=\"og:type\" content=\"article\" \/>\n<meta property=\"og:title\" content=\"NOBE O\u00dc 2026 - V\u00f5ti Tulevikku\" \/>\n<meta property=\"og:description\" content=\"NOBE O\u00dc P\u00f5hivaldkond: Ehitus Kontakt Sepise 7, Tallinn nobe.ee nobe@nobe.ee Ettev\u00f5tte v\u00e4\u00e4rtused Oma t\u00f6\u00f6des ja tegemistes tugineme kolmele p\u00f5hiv\u00e4\u00e4rtusele \u2013 usaldus, paindlikkus ja loovus. Visioon Meie eesm\u00e4rk on t\u00f5sta kliendi vara v\u00e4\u00e4rtust nutikate ehituslahendustega. Missioon Viime ellu meile usaldatud projektid k\u00f5rge ehituskvaliteedi ning kokkulepitud aja- ja eelarvekavaga. Oma kogemustele toetudes lahendame keerukaid \u00fclesandeid ja v\u00f5imalikke [&hellip;]\" \/>\n<meta property=\"og:url\" content=\"https:\/\/www.vt.ee\/en\/nobe-ou-2026\/\" \/>\n<meta property=\"og:site_name\" content=\"V\u00f5ti Tulevikku\" \/>\n<meta property=\"article:publisher\" content=\"https:\/\/www.facebook.com\/VotiTulevikku\/\" \/>\n<meta property=\"article:modified_time\" content=\"2026-02-12T10:32:35+00:00\" \/>\n<meta property=\"og:image\" content=\"https:\/\/www.vt.ee\/wp-content\/uploads\/Nordecon-Betoon-OU_-NOBE-300x300.png\" \/>\n<meta name=\"twitter:card\" content=\"summary_large_image\" \/>\n<meta name=\"twitter:label1\" content=\"Est. reading time\" \/>\n\t<meta name=\"twitter:data1\" content=\"1 minute\" \/>\n<script type=\"application\/ld+json\" class=\"yoast-schema-graph\">{\"@context\":\"https:\/\/schema.org\",\"@graph\":[{\"@type\":\"WebPage\",\"@id\":\"https:\/\/www.vt.ee\/nobe-ou-2026\/\",\"url\":\"https:\/\/www.vt.ee\/nobe-ou-2026\/\",\"name\":\"NOBE O\u00dc 2026 - V\u00f5ti Tulevikku\",\"isPartOf\":{\"@id\":\"https:\/\/www.vt.ee\/#website\"},\"datePublished\":\"2026-02-10T19:54:15+00:00\",\"dateModified\":\"2026-02-12T10:32:35+00:00\",\"breadcrumb\":{\"@id\":\"https:\/\/www.vt.ee\/nobe-ou-2026\/#breadcrumb\"},\"inLanguage\":\"en-US\",\"potentialAction\":[{\"@type\":\"ReadAction\",\"target\":[\"https:\/\/www.vt.ee\/nobe-ou-2026\/\"]}]},{\"@type\":\"BreadcrumbList\",\"@id\":\"https:\/\/www.vt.ee\/nobe-ou-2026\/#breadcrumb\",\"itemListElement\":[{\"@type\":\"ListItem\",\"position\":1,\"name\":\"Home\",\"item\":\"https:\/\/www.vt.ee\/\"},{\"@type\":\"ListItem\",\"position\":2,\"name\":\"NOBE O\u00dc 2026\"}]},{\"@type\":\"WebSite\",\"@id\":\"https:\/\/www.vt.ee\/#website\",\"url\":\"https:\/\/www.vt.ee\/\",\"name\":\"V\u00f5ti Tulevikku\",\"description\":\"Eesti suurim karj\u00e4\u00e4ri\u00fcritus, mis viib kokku tudengid ja ettev\u00f5tted.\",\"publisher\":{\"@id\":\"https:\/\/www.vt.ee\/#organization\"},\"potentialAction\":[{\"@type\":\"SearchAction\",\"target\":{\"@type\":\"EntryPoint\",\"urlTemplate\":\"https:\/\/www.vt.ee\/?s={search_term_string}\"},\"query-input\":\"required name=search_term_string\"}],\"inLanguage\":\"en-US\"},{\"@type\":\"Organization\",\"@id\":\"https:\/\/www.vt.ee\/#organization\",\"name\":\"V\u00f5ti Tulevikku\",\"url\":\"https:\/\/www.vt.ee\/\",\"logo\":{\"@type\":\"ImageObject\",\"inLanguage\":\"en-US\",\"@id\":\"https:\/\/www.vt.ee\/#\/schema\/logo\/image\/\",\"url\":\"https:\/\/www.vt.ee\/wp-content\/uploads\/veebilogo.png\",\"contentUrl\":\"https:\/\/www.vt.ee\/wp-content\/uploads\/veebilogo.png\",\"width\":750,\"height\":750,\"caption\":\"V\u00f5ti Tulevikku\"},\"image\":{\"@id\":\"https:\/\/www.vt.ee\/#\/schema\/logo\/image\/\"},\"sameAs\":[\"https:\/\/www.facebook.com\/VotiTulevikku\/\",\"https:\/\/www.instagram.com\/votitulevikku\/\",\"https:\/\/www.linkedin.com\/company\/vti-tulevikku\/\",\"https:\/\/www.youtube.com\/channel\/UCE3cFRB50dToVNcGsUANlrw\"]}]}<\/script>\n<!-- \/ Yoast SEO plugin. -->","yoast_head_json":{"title":"NOBE O\u00dc 2026 - V\u00f5ti Tulevikku","robots":{"index":"index","follow":"follow","max-snippet":"max-snippet:-1","max-image-preview":"max-image-preview:large","max-video-preview":"max-video-preview:-1"},"canonical":"https:\/\/www.vt.ee\/en\/nobe-ou-2026\/","og_locale":"en_US","og_type":"article","og_title":"NOBE O\u00dc 2026 - V\u00f5ti Tulevikku","og_description":"NOBE O\u00dc P\u00f5hivaldkond: Ehitus Kontakt Sepise 7, Tallinn nobe.ee nobe@nobe.ee Ettev\u00f5tte v\u00e4\u00e4rtused Oma t\u00f6\u00f6des ja tegemistes tugineme kolmele p\u00f5hiv\u00e4\u00e4rtusele \u2013 usaldus, paindlikkus ja loovus. Visioon Meie eesm\u00e4rk on t\u00f5sta kliendi vara v\u00e4\u00e4rtust nutikate ehituslahendustega. Missioon Viime ellu meile usaldatud projektid k\u00f5rge ehituskvaliteedi ning kokkulepitud aja- ja eelarvekavaga. Oma kogemustele toetudes lahendame keerukaid \u00fclesandeid ja v\u00f5imalikke [&hellip;]","og_url":"https:\/\/www.vt.ee\/en\/nobe-ou-2026\/","og_site_name":"V\u00f5ti Tulevikku","article_publisher":"https:\/\/www.facebook.com\/VotiTulevikku\/","article_modified_time":"2026-02-12T10:32:35+00:00","og_image":[{"url":"https:\/\/www.vt.ee\/wp-content\/uploads\/Nordecon-Betoon-OU_-NOBE-300x300.png"}],"twitter_card":"summary_large_image","twitter_misc":{"Est. reading time":"1 minute"},"schema":{"@context":"https:\/\/schema.org","@graph":[{"@type":"WebPage","@id":"https:\/\/www.vt.ee\/nobe-ou-2026\/","url":"https:\/\/www.vt.ee\/nobe-ou-2026\/","name":"NOBE O\u00dc 2026 - V\u00f5ti Tulevikku","isPartOf":{"@id":"https:\/\/www.vt.ee\/#website"},"datePublished":"2026-02-10T19:54:15+00:00","dateModified":"2026-02-12T10:32:35+00:00","breadcrumb":{"@id":"https:\/\/www.vt.ee\/nobe-ou-2026\/#breadcrumb"},"inLanguage":"en-US","potentialAction":[{"@type":"ReadAction","target":["https:\/\/www.vt.ee\/nobe-ou-2026\/"]}]},{"@type":"BreadcrumbList","@id":"https:\/\/www.vt.ee\/nobe-ou-2026\/#breadcrumb","itemListElement":[{"@type":"ListItem","position":1,"name":"Home","item":"https:\/\/www.vt.ee\/"},{"@type":"ListItem","position":2,"name":"NOBE O\u00dc 2026"}]},{"@type":"WebSite","@id":"https:\/\/www.vt.ee\/#website","url":"https:\/\/www.vt.ee\/","name":"V\u00f5ti Tulevikku","description":"Eesti suurim karj\u00e4\u00e4ri\u00fcritus, mis viib kokku tudengid ja ettev\u00f5tted.","publisher":{"@id":"https:\/\/www.vt.ee\/#organization"},"potentialAction":[{"@type":"SearchAction","target":{"@type":"EntryPoint","urlTemplate":"https:\/\/www.vt.ee\/?s={search_term_string}"},"query-input":"required name=search_term_string"}],"inLanguage":"en-US"},{"@type":"Organization","@id":"https:\/\/www.vt.ee\/#organization","name":"V\u00f5ti Tulevikku","url":"https:\/\/www.vt.ee\/","logo":{"@type":"ImageObject","inLanguage":"en-US","@id":"https:\/\/www.vt.ee\/#\/schema\/logo\/image\/","url":"https:\/\/www.vt.ee\/wp-content\/uploads\/veebilogo.png","contentUrl":"https:\/\/www.vt.ee\/wp-content\/uploads\/veebilogo.png","width":750,"height":750,"caption":"V\u00f5ti Tulevikku"},"image":{"@id":"https:\/\/www.vt.ee\/#\/schema\/logo\/image\/"},"sameAs":["https:\/\/www.facebook.com\/VotiTulevikku\/","https:\/\/www.instagram.com\/votitulevikku\/","https:\/\/www.linkedin.com\/company\/vti-tulevikku\/","https:\/\/www.youtube.com\/channel\/UCE3cFRB50dToVNcGsUANlrw"]}]}},"guten_post_layout_featured_media_urls":{"full":false,"thumbnail":false,"medium":false,"medium_large":false,"large":false,"1536x1536":false,"2048x2048":false,"trp-custom-language-flag":false,"guten_post_layout_landscape_large":false,"guten_post_layout_portrait_large":false,"guten_post_layout_square_large":false,"guten_post_layout_landscape":false,"guten_post_layout_portrait":false,"guten_post_layout_square":false,"post-thumbnail":false,"menu-24x24":false,"menu-36x36":false,"menu-48x48":false},"_links":{"self":[{"href":"https:\/\/www.vt.ee\/en\/wp-json\/wp\/v2\/pages\/13042"}],"collection":[{"href":"https:\/\/www.vt.ee\/en\/wp-json\/wp\/v2\/pages"}],"about":[{"href":"https:\/\/www.vt.ee\/en\/wp-json\/wp\/v2\/types\/page"}],"author":[{"embeddable":true,"href":"https:\/\/www.vt.ee\/en\/wp-json\/wp\/v2\/users\/1"}],"replies":[{"embeddable":true,"href":"https:\/\/www.vt.ee\/en\/wp-json\/wp\/v2\/comments?post=13042"}],"version-history":[{"count":9,"href":"https:\/\/www.vt.ee\/en\/wp-json\/wp\/v2\/pages\/13042\/revisions"}],"predecessor-version":[{"id":13095,"href":"https:\/\/www.vt.ee\/en\/wp-json\/wp\/v2\/pages\/13042\/revisions\/13095"}],"wp:attachment":[{"href":"https:\/\/www.vt.ee\/en\/wp-json\/wp\/v2\/media?parent=13042"}],"curies":[{"name":"wp","href":"https:\/\/api.w.org\/{rel}","templated":true}]}}