{"id":2039,"date":"2020-02-11T23:47:16","date_gmt":"2020-02-11T21:47:16","guid":{"rendered":"https:\/\/www.vt.ee\/?page_id=2039"},"modified":"2020-02-18T15:00:20","modified_gmt":"2020-02-18T13:00:20","slug":"comatec","status":"publish","type":"page","link":"https:\/\/www.vt.ee\/en\/comatec\/","title":{"rendered":"Comatec \u2022 Mehaanika"},"content":{"rendered":"<p><img decoding=\"async\" loading=\"lazy\" width=\"300\" height=\"300\" src=\"https:\/\/www.vt.ee\/wp-content\/uploads\/comatec-logo-300x300.png\" alt=\"\" srcset=\"https:\/\/www.vt.ee\/wp-content\/uploads\/comatec-logo-300x300.png 300w, https:\/\/www.vt.ee\/wp-content\/uploads\/comatec-logo-150x150.png 150w, https:\/\/www.vt.ee\/wp-content\/uploads\/comatec-logo.png 750w\" sizes=\"(max-width: 300px) 100vw, 300px\" \/>\t\t\t\t\t\t\t\t\t\t\t<\/p>\n<h2>Comatec<\/h2>\n<p>Main field: MECHANICS<\/p>\n<p>Other fields: Energetics<\/p>\n<h2>Contact<\/h2>\n<p>Esko Aura, 56706120<\/p>\n<p>Homepage: <a href=\"http:\/\/www.comatec.fi\/en\">www.comatec.fi\/en<\/a><\/p>\n<h2>Values<\/h2>\n<p>\t\tCustomer satisfaction, profitability, growth, constant learning and ability to cooperate.\t\t<\/p>\n<h2>Vision<\/h2>\n<p>\t\tTo be preferred engineering partner for technology industry.\t\t<\/p>\n<h2>Statistics<\/h2>\n<p>\t\t7 workers.\t\t<\/p>\n<h2>Internship and work possibilities<\/h2>\n<p>\t\tMechanics and electrical engineer.\t\t<\/p>\n<h2>Why should a student choose your company?<\/h2>\n<p>\t\tGreat colleagues, interesting projects and good working atmosphere.\t\t<\/p>\n<h2>Contact<\/h2>\n<p>Esko Aura, 56706120<\/p>\n<p>Homepage: <a href=\"http:\/\/www.comatec.fi\/en\">www.comatec.fi\/en<\/a><\/p>","protected":false},"excerpt":{"rendered":"<p>Comatec Main field: MECHANICS Other fields: Energetics Contact Esko Aura, 56706120 Homepage: www.comatec.fi\/en Values Customer satisfaction, profitability, growth, constant learning and ability to cooperate. Vision To be preferred engineering partner for technology industry. Statistics 7 workers. Internship and work possibilities Mechanics and electrical engineer. Why should a student choose your company? Great colleagues, interesting projects [&hellip;]<\/p>","protected":false},"author":1,"featured_media":0,"parent":0,"menu_order":0,"comment_status":"closed","ping_status":"closed","template":"","meta":[],"yoast_head":"<!-- This site is optimized with the Yoast SEO plugin v20.8 - https:\/\/yoast.com\/wordpress\/plugins\/seo\/ -->\n<title>Comatec \u2022 Mehaanika - V\u00f5ti Tulevikku<\/title>\n<meta name=\"robots\" content=\"index, follow, max-snippet:-1, max-image-preview:large, max-video-preview:-1\" \/>\n<link rel=\"canonical\" href=\"https:\/\/www.vt.ee\/en\/comatec\/\" \/>\n<meta property=\"og:locale\" content=\"en_US\" \/>\n<meta property=\"og:type\" content=\"article\" \/>\n<meta property=\"og:title\" content=\"Comatec \u2022 Mehaanika - V\u00f5ti Tulevikku\" \/>\n<meta property=\"og:description\" content=\"Comatec Main field: MECHANICS Other fields: Energetics Contact Esko Aura, 56706120 Homepage: www.comatec.fi\/en Values Customer satisfaction, profitability, growth, constant learning and ability to cooperate. Vision To be preferred engineering partner for technology industry. Statistics 7 workers. Internship and work possibilities Mechanics and electrical engineer. Why should a student choose your company? Great colleagues, interesting projects [&hellip;]\" \/>\n<meta property=\"og:url\" content=\"https:\/\/www.vt.ee\/en\/comatec\/\" \/>\n<meta property=\"og:site_name\" content=\"V\u00f5ti Tulevikku\" \/>\n<meta property=\"article:publisher\" content=\"https:\/\/www.facebook.com\/VotiTulevikku\/\" \/>\n<meta property=\"article:modified_time\" content=\"2020-02-18T13:00:20+00:00\" \/>\n<meta property=\"og:image\" content=\"https:\/\/www.vt.ee\/wp-content\/uploads\/comatec-logo-300x300.png\" \/>\n<meta name=\"twitter:card\" content=\"summary_large_image\" \/>\n<script type=\"application\/ld+json\" class=\"yoast-schema-graph\">{\"@context\":\"https:\/\/schema.org\",\"@graph\":[{\"@type\":\"WebPage\",\"@id\":\"https:\/\/www.vt.ee\/comatec\/\",\"url\":\"https:\/\/www.vt.ee\/comatec\/\",\"name\":\"Comatec \u2022 Mehaanika - V\u00f5ti Tulevikku\",\"isPartOf\":{\"@id\":\"https:\/\/www.vt.ee\/#website\"},\"datePublished\":\"2020-02-11T21:47:16+00:00\",\"dateModified\":\"2020-02-18T13:00:20+00:00\",\"breadcrumb\":{\"@id\":\"https:\/\/www.vt.ee\/comatec\/#breadcrumb\"},\"inLanguage\":\"en-US\",\"potentialAction\":[{\"@type\":\"ReadAction\",\"target\":[\"https:\/\/www.vt.ee\/comatec\/\"]}]},{\"@type\":\"BreadcrumbList\",\"@id\":\"https:\/\/www.vt.ee\/comatec\/#breadcrumb\",\"itemListElement\":[{\"@type\":\"ListItem\",\"position\":1,\"name\":\"Home\",\"item\":\"https:\/\/www.vt.ee\/\"},{\"@type\":\"ListItem\",\"position\":2,\"name\":\"Comatec \u2022 Mehaanika\"}]},{\"@type\":\"WebSite\",\"@id\":\"https:\/\/www.vt.ee\/#website\",\"url\":\"https:\/\/www.vt.ee\/\",\"name\":\"V\u00f5ti Tulevikku\",\"description\":\"Eesti suurim karj\u00e4\u00e4ri\u00fcritus, mis viib kokku tudengid ja ettev\u00f5tted.\",\"publisher\":{\"@id\":\"https:\/\/www.vt.ee\/#organization\"},\"potentialAction\":[{\"@type\":\"SearchAction\",\"target\":{\"@type\":\"EntryPoint\",\"urlTemplate\":\"https:\/\/www.vt.ee\/?s={search_term_string}\"},\"query-input\":\"required name=search_term_string\"}],\"inLanguage\":\"en-US\"},{\"@type\":\"Organization\",\"@id\":\"https:\/\/www.vt.ee\/#organization\",\"name\":\"V\u00f5ti Tulevikku\",\"url\":\"https:\/\/www.vt.ee\/\",\"logo\":{\"@type\":\"ImageObject\",\"inLanguage\":\"en-US\",\"@id\":\"https:\/\/www.vt.ee\/#\/schema\/logo\/image\/\",\"url\":\"https:\/\/www.vt.ee\/wp-content\/uploads\/veebilogo.png\",\"contentUrl\":\"https:\/\/www.vt.ee\/wp-content\/uploads\/veebilogo.png\",\"width\":750,\"height\":750,\"caption\":\"V\u00f5ti Tulevikku\"},\"image\":{\"@id\":\"https:\/\/www.vt.ee\/#\/schema\/logo\/image\/\"},\"sameAs\":[\"https:\/\/www.facebook.com\/VotiTulevikku\/\",\"https:\/\/www.instagram.com\/votitulevikku\/\",\"https:\/\/www.linkedin.com\/company\/vti-tulevikku\/\",\"https:\/\/www.youtube.com\/channel\/UCE3cFRB50dToVNcGsUANlrw\"]}]}<\/script>\n<!-- \/ Yoast SEO plugin. -->","yoast_head_json":{"title":"Comatec \u2022 Mehaanika - V\u00f5ti Tulevikku","robots":{"index":"index","follow":"follow","max-snippet":"max-snippet:-1","max-image-preview":"max-image-preview:large","max-video-preview":"max-video-preview:-1"},"canonical":"https:\/\/www.vt.ee\/en\/comatec\/","og_locale":"en_US","og_type":"article","og_title":"Comatec \u2022 Mehaanika - V\u00f5ti Tulevikku","og_description":"Comatec Main field: MECHANICS Other fields: Energetics Contact Esko Aura, 56706120 Homepage: www.comatec.fi\/en Values Customer satisfaction, profitability, growth, constant learning and ability to cooperate. Vision To be preferred engineering partner for technology industry. Statistics 7 workers. Internship and work possibilities Mechanics and electrical engineer. Why should a student choose your company? Great colleagues, interesting projects [&hellip;]","og_url":"https:\/\/www.vt.ee\/en\/comatec\/","og_site_name":"V\u00f5ti Tulevikku","article_publisher":"https:\/\/www.facebook.com\/VotiTulevikku\/","article_modified_time":"2020-02-18T13:00:20+00:00","og_image":[{"url":"https:\/\/www.vt.ee\/wp-content\/uploads\/comatec-logo-300x300.png"}],"twitter_card":"summary_large_image","schema":{"@context":"https:\/\/schema.org","@graph":[{"@type":"WebPage","@id":"https:\/\/www.vt.ee\/comatec\/","url":"https:\/\/www.vt.ee\/comatec\/","name":"Comatec \u2022 Mehaanika - V\u00f5ti Tulevikku","isPartOf":{"@id":"https:\/\/www.vt.ee\/#website"},"datePublished":"2020-02-11T21:47:16+00:00","dateModified":"2020-02-18T13:00:20+00:00","breadcrumb":{"@id":"https:\/\/www.vt.ee\/comatec\/#breadcrumb"},"inLanguage":"en-US","potentialAction":[{"@type":"ReadAction","target":["https:\/\/www.vt.ee\/comatec\/"]}]},{"@type":"BreadcrumbList","@id":"https:\/\/www.vt.ee\/comatec\/#breadcrumb","itemListElement":[{"@type":"ListItem","position":1,"name":"Home","item":"https:\/\/www.vt.ee\/"},{"@type":"ListItem","position":2,"name":"Comatec \u2022 Mehaanika"}]},{"@type":"WebSite","@id":"https:\/\/www.vt.ee\/#website","url":"https:\/\/www.vt.ee\/","name":"V\u00f5ti Tulevikku","description":"Eesti suurim karj\u00e4\u00e4ri\u00fcritus, mis viib kokku tudengid ja ettev\u00f5tted.","publisher":{"@id":"https:\/\/www.vt.ee\/#organization"},"potentialAction":[{"@type":"SearchAction","target":{"@type":"EntryPoint","urlTemplate":"https:\/\/www.vt.ee\/?s={search_term_string}"},"query-input":"required name=search_term_string"}],"inLanguage":"en-US"},{"@type":"Organization","@id":"https:\/\/www.vt.ee\/#organization","name":"V\u00f5ti Tulevikku","url":"https:\/\/www.vt.ee\/","logo":{"@type":"ImageObject","inLanguage":"en-US","@id":"https:\/\/www.vt.ee\/#\/schema\/logo\/image\/","url":"https:\/\/www.vt.ee\/wp-content\/uploads\/veebilogo.png","contentUrl":"https:\/\/www.vt.ee\/wp-content\/uploads\/veebilogo.png","width":750,"height":750,"caption":"V\u00f5ti Tulevikku"},"image":{"@id":"https:\/\/www.vt.ee\/#\/schema\/logo\/image\/"},"sameAs":["https:\/\/www.facebook.com\/VotiTulevikku\/","https:\/\/www.instagram.com\/votitulevikku\/","https:\/\/www.linkedin.com\/company\/vti-tulevikku\/","https:\/\/www.youtube.com\/channel\/UCE3cFRB50dToVNcGsUANlrw"]}]}},"guten_post_layout_featured_media_urls":{"full":false,"thumbnail":false,"medium":false,"medium_large":false,"large":false,"1536x1536":false,"2048x2048":false,"trp-custom-language-flag":false,"guten_post_layout_landscape_large":false,"guten_post_layout_portrait_large":false,"guten_post_layout_square_large":false,"guten_post_layout_landscape":false,"guten_post_layout_portrait":false,"guten_post_layout_square":false,"post-thumbnail":false,"menu-24x24":false,"menu-36x36":false,"menu-48x48":false},"_links":{"self":[{"href":"https:\/\/www.vt.ee\/en\/wp-json\/wp\/v2\/pages\/2039"}],"collection":[{"href":"https:\/\/www.vt.ee\/en\/wp-json\/wp\/v2\/pages"}],"about":[{"href":"https:\/\/www.vt.ee\/en\/wp-json\/wp\/v2\/types\/page"}],"author":[{"embeddable":true,"href":"https:\/\/www.vt.ee\/en\/wp-json\/wp\/v2\/users\/1"}],"replies":[{"embeddable":true,"href":"https:\/\/www.vt.ee\/en\/wp-json\/wp\/v2\/comments?post=2039"}],"version-history":[{"count":11,"href":"https:\/\/www.vt.ee\/en\/wp-json\/wp\/v2\/pages\/2039\/revisions"}],"predecessor-version":[{"id":3173,"href":"https:\/\/www.vt.ee\/en\/wp-json\/wp\/v2\/pages\/2039\/revisions\/3173"}],"wp:attachment":[{"href":"https:\/\/www.vt.ee\/en\/wp-json\/wp\/v2\/media?parent=2039"}],"curies":[{"name":"wp","href":"https:\/\/api.w.org\/{rel}","templated":true}]}}