{"id":2080,"date":"2020-02-12T01:40:20","date_gmt":"2020-02-11T23:40:20","guid":{"rendered":"https:\/\/www.vt.ee\/?page_id=2080"},"modified":"2020-02-18T15:03:36","modified_gmt":"2020-02-18T13:03:36","slug":"magnetic-mro","status":"publish","type":"page","link":"https:\/\/www.vt.ee\/en\/magnetic-mro\/","title":{"rendered":"Magnetic MRO \u2022 Mehaanika"},"content":{"rendered":"<p><img decoding=\"async\" loading=\"lazy\" width=\"300\" height=\"300\" src=\"https:\/\/www.vt.ee\/wp-content\/uploads\/magnetic-mro-logo-e1581684695947-300x300.png\" alt=\"\" srcset=\"https:\/\/www.vt.ee\/wp-content\/uploads\/magnetic-mro-logo-e1581684695947-300x300.png 300w, https:\/\/www.vt.ee\/wp-content\/uploads\/magnetic-mro-logo-e1581684695947-150x150.png 150w\" sizes=\"(max-width: 300px) 100vw, 300px\" \/>\t\t\t\t\t\t\t\t\t\t\t<\/p>\n<h2>Magnetic MRO<\/h2>\n<p>Main field: MECHANICS<\/p>\n<p>Other fields: Logistics<\/p>\n<h2>Contact<\/h2>\n<p>Enely Liepkalns &#8211; Recruitment assistant enely.liepkalns@magneticmro.com<\/p>\n<p>Homepage: <a href=\"http:\/\/www.magneticmro.com\" target=\"_blank\" rel=\"noopener noreferrer\">www.magneticmro.com<\/a><\/p>\n<h2>Values<\/h2>\n<p>Teamwork<br \/>Partnership<br \/>Honesty<br \/>Creativity<br \/>Progress<\/p>\n<h2>Vision<\/h2>\n<p>We have created Magnetic MRO to reinvent existing business models and industry standards, developing first-class solutions for our customers, partners, employees, and shareholders. Through decades of experience and sectoral expertise, we\u2019ve become one of the few industry leaders in integrated MRO solutions. Our main differentiators are based on constant innovation and strategic expansion.<\/p>\n<h2>Statistics<\/h2>\n<p>In Magnetic MRO group we have more than 650 employees, 15 locations all around the world, more than 18 nationalities on board, more than 2 decades of aviation experience, and 4 brands under and including Magnetic MRO family.<\/p>\n<h2>Internship and work possibilities<\/h2>\n<p>Open Positions:<br \/><a href=\"https:\/\/magneticmro.com\/career\/open-positions\">magneticmro.com\/career\/open-positions<\/a><\/p>\n<p>Apprenticeship:<br \/><a href=\"http:\/\/magneticmro.com\/kandideeri\/\">magneticmro.com\/kandideeri\/<\/a><\/p>\n<h2>Why should a student choose your company?<\/h2>\n<p>We offer exciting career opportunities in a prestige industry \u2013 Aviation! Magnetic MRO is a global company where all strategic decisions affecting international actions take place in HQ \u2013 Estonia. Why wouldn\u2019t anyone want to become a part of this and take part in shaping the global aviation market?<\/p>\n<h2>Contact<\/h2>\n<p>Enely Liepkalns &#8211; Recruitment assistant enely.liepkalns@magneticmro.com<\/p>\n<p>Homepage: <a href=\"http:\/\/www.magneticmro.com\" target=\"_blank\" rel=\"noopener noreferrer\">www.magneticmro.com<\/a><\/p>","protected":false},"excerpt":{"rendered":"<p>Magnetic MRO Main field: MECHANICS Other fields: Logistics Contact Enely Liepkalns &#8211; Recruitment assistant enely.liepkalns@magneticmro.com Homepage: www.magneticmro.com Values TeamworkPartnershipHonestyCreativityProgress Vision We have created Magnetic MRO to reinvent existing business models and industry standards, developing first-class solutions for our customers, partners, employees, and shareholders. Through decades of experience and sectoral expertise, we\u2019ve become one of the [&hellip;]<\/p>","protected":false},"author":1,"featured_media":0,"parent":0,"menu_order":0,"comment_status":"closed","ping_status":"closed","template":"","meta":[],"yoast_head":"<!-- This site is optimized with the Yoast SEO plugin v20.8 - https:\/\/yoast.com\/wordpress\/plugins\/seo\/ -->\n<title>Magnetic MRO \u2022 Mehaanika - V\u00f5ti Tulevikku<\/title>\n<meta name=\"robots\" content=\"index, follow, max-snippet:-1, max-image-preview:large, max-video-preview:-1\" \/>\n<link rel=\"canonical\" href=\"https:\/\/www.vt.ee\/en\/magnetic-mro\/\" \/>\n<meta property=\"og:locale\" content=\"en_US\" \/>\n<meta property=\"og:type\" content=\"article\" \/>\n<meta property=\"og:title\" content=\"Magnetic MRO \u2022 Mehaanika - V\u00f5ti Tulevikku\" \/>\n<meta property=\"og:description\" content=\"Magnetic MRO Main field: MECHANICS Other fields: Logistics Contact Enely Liepkalns &#8211; Recruitment assistant enely.liepkalns@magneticmro.com Homepage: www.magneticmro.com Values TeamworkPartnershipHonestyCreativityProgress Vision We have created Magnetic MRO to reinvent existing business models and industry standards, developing first-class solutions for our customers, partners, employees, and shareholders. Through decades of experience and sectoral expertise, we\u2019ve become one of the [&hellip;]\" \/>\n<meta property=\"og:url\" content=\"https:\/\/www.vt.ee\/en\/magnetic-mro\/\" \/>\n<meta property=\"og:site_name\" content=\"V\u00f5ti Tulevikku\" \/>\n<meta property=\"article:publisher\" content=\"https:\/\/www.facebook.com\/VotiTulevikku\/\" \/>\n<meta property=\"article:modified_time\" content=\"2020-02-18T13:03:36+00:00\" \/>\n<meta property=\"og:image\" content=\"https:\/\/www.vt.ee\/wp-content\/uploads\/magnetic-mro-logo-e1581684695947-300x300.png\" \/>\n<meta name=\"twitter:card\" content=\"summary_large_image\" \/>\n<meta name=\"twitter:label1\" content=\"Est. reading time\" \/>\n\t<meta name=\"twitter:data1\" content=\"1 minute\" \/>\n<script type=\"application\/ld+json\" class=\"yoast-schema-graph\">{\"@context\":\"https:\/\/schema.org\",\"@graph\":[{\"@type\":\"WebPage\",\"@id\":\"https:\/\/www.vt.ee\/magnetic-mro\/\",\"url\":\"https:\/\/www.vt.ee\/magnetic-mro\/\",\"name\":\"Magnetic MRO \u2022 Mehaanika - V\u00f5ti Tulevikku\",\"isPartOf\":{\"@id\":\"https:\/\/www.vt.ee\/#website\"},\"datePublished\":\"2020-02-11T23:40:20+00:00\",\"dateModified\":\"2020-02-18T13:03:36+00:00\",\"breadcrumb\":{\"@id\":\"https:\/\/www.vt.ee\/magnetic-mro\/#breadcrumb\"},\"inLanguage\":\"en-US\",\"potentialAction\":[{\"@type\":\"ReadAction\",\"target\":[\"https:\/\/www.vt.ee\/magnetic-mro\/\"]}]},{\"@type\":\"BreadcrumbList\",\"@id\":\"https:\/\/www.vt.ee\/magnetic-mro\/#breadcrumb\",\"itemListElement\":[{\"@type\":\"ListItem\",\"position\":1,\"name\":\"Home\",\"item\":\"https:\/\/www.vt.ee\/\"},{\"@type\":\"ListItem\",\"position\":2,\"name\":\"Magnetic MRO \u2022 Mehaanika\"}]},{\"@type\":\"WebSite\",\"@id\":\"https:\/\/www.vt.ee\/#website\",\"url\":\"https:\/\/www.vt.ee\/\",\"name\":\"V\u00f5ti Tulevikku\",\"description\":\"Eesti suurim karj\u00e4\u00e4ri\u00fcritus, mis viib kokku tudengid ja ettev\u00f5tted.\",\"publisher\":{\"@id\":\"https:\/\/www.vt.ee\/#organization\"},\"potentialAction\":[{\"@type\":\"SearchAction\",\"target\":{\"@type\":\"EntryPoint\",\"urlTemplate\":\"https:\/\/www.vt.ee\/?s={search_term_string}\"},\"query-input\":\"required name=search_term_string\"}],\"inLanguage\":\"en-US\"},{\"@type\":\"Organization\",\"@id\":\"https:\/\/www.vt.ee\/#organization\",\"name\":\"V\u00f5ti Tulevikku\",\"url\":\"https:\/\/www.vt.ee\/\",\"logo\":{\"@type\":\"ImageObject\",\"inLanguage\":\"en-US\",\"@id\":\"https:\/\/www.vt.ee\/#\/schema\/logo\/image\/\",\"url\":\"https:\/\/www.vt.ee\/wp-content\/uploads\/veebilogo.png\",\"contentUrl\":\"https:\/\/www.vt.ee\/wp-content\/uploads\/veebilogo.png\",\"width\":750,\"height\":750,\"caption\":\"V\u00f5ti Tulevikku\"},\"image\":{\"@id\":\"https:\/\/www.vt.ee\/#\/schema\/logo\/image\/\"},\"sameAs\":[\"https:\/\/www.facebook.com\/VotiTulevikku\/\",\"https:\/\/www.instagram.com\/votitulevikku\/\",\"https:\/\/www.linkedin.com\/company\/vti-tulevikku\/\",\"https:\/\/www.youtube.com\/channel\/UCE3cFRB50dToVNcGsUANlrw\"]}]}<\/script>\n<!-- \/ Yoast SEO plugin. -->","yoast_head_json":{"title":"Magnetic MRO \u2022 Mehaanika - V\u00f5ti Tulevikku","robots":{"index":"index","follow":"follow","max-snippet":"max-snippet:-1","max-image-preview":"max-image-preview:large","max-video-preview":"max-video-preview:-1"},"canonical":"https:\/\/www.vt.ee\/en\/magnetic-mro\/","og_locale":"en_US","og_type":"article","og_title":"Magnetic MRO \u2022 Mehaanika - V\u00f5ti Tulevikku","og_description":"Magnetic MRO Main field: MECHANICS Other fields: Logistics Contact Enely Liepkalns &#8211; Recruitment assistant enely.liepkalns@magneticmro.com Homepage: www.magneticmro.com Values TeamworkPartnershipHonestyCreativityProgress Vision We have created Magnetic MRO to reinvent existing business models and industry standards, developing first-class solutions for our customers, partners, employees, and shareholders. Through decades of experience and sectoral expertise, we\u2019ve become one of the [&hellip;]","og_url":"https:\/\/www.vt.ee\/en\/magnetic-mro\/","og_site_name":"V\u00f5ti Tulevikku","article_publisher":"https:\/\/www.facebook.com\/VotiTulevikku\/","article_modified_time":"2020-02-18T13:03:36+00:00","og_image":[{"url":"https:\/\/www.vt.ee\/wp-content\/uploads\/magnetic-mro-logo-e1581684695947-300x300.png"}],"twitter_card":"summary_large_image","twitter_misc":{"Est. reading time":"1 minute"},"schema":{"@context":"https:\/\/schema.org","@graph":[{"@type":"WebPage","@id":"https:\/\/www.vt.ee\/magnetic-mro\/","url":"https:\/\/www.vt.ee\/magnetic-mro\/","name":"Magnetic MRO \u2022 Mehaanika - V\u00f5ti Tulevikku","isPartOf":{"@id":"https:\/\/www.vt.ee\/#website"},"datePublished":"2020-02-11T23:40:20+00:00","dateModified":"2020-02-18T13:03:36+00:00","breadcrumb":{"@id":"https:\/\/www.vt.ee\/magnetic-mro\/#breadcrumb"},"inLanguage":"en-US","potentialAction":[{"@type":"ReadAction","target":["https:\/\/www.vt.ee\/magnetic-mro\/"]}]},{"@type":"BreadcrumbList","@id":"https:\/\/www.vt.ee\/magnetic-mro\/#breadcrumb","itemListElement":[{"@type":"ListItem","position":1,"name":"Home","item":"https:\/\/www.vt.ee\/"},{"@type":"ListItem","position":2,"name":"Magnetic MRO \u2022 Mehaanika"}]},{"@type":"WebSite","@id":"https:\/\/www.vt.ee\/#website","url":"https:\/\/www.vt.ee\/","name":"V\u00f5ti Tulevikku","description":"Eesti suurim karj\u00e4\u00e4ri\u00fcritus, mis viib kokku tudengid ja ettev\u00f5tted.","publisher":{"@id":"https:\/\/www.vt.ee\/#organization"},"potentialAction":[{"@type":"SearchAction","target":{"@type":"EntryPoint","urlTemplate":"https:\/\/www.vt.ee\/?s={search_term_string}"},"query-input":"required name=search_term_string"}],"inLanguage":"en-US"},{"@type":"Organization","@id":"https:\/\/www.vt.ee\/#organization","name":"V\u00f5ti Tulevikku","url":"https:\/\/www.vt.ee\/","logo":{"@type":"ImageObject","inLanguage":"en-US","@id":"https:\/\/www.vt.ee\/#\/schema\/logo\/image\/","url":"https:\/\/www.vt.ee\/wp-content\/uploads\/veebilogo.png","contentUrl":"https:\/\/www.vt.ee\/wp-content\/uploads\/veebilogo.png","width":750,"height":750,"caption":"V\u00f5ti Tulevikku"},"image":{"@id":"https:\/\/www.vt.ee\/#\/schema\/logo\/image\/"},"sameAs":["https:\/\/www.facebook.com\/VotiTulevikku\/","https:\/\/www.instagram.com\/votitulevikku\/","https:\/\/www.linkedin.com\/company\/vti-tulevikku\/","https:\/\/www.youtube.com\/channel\/UCE3cFRB50dToVNcGsUANlrw"]}]}},"guten_post_layout_featured_media_urls":{"full":false,"thumbnail":false,"medium":false,"medium_large":false,"large":false,"1536x1536":false,"2048x2048":false,"trp-custom-language-flag":false,"guten_post_layout_landscape_large":false,"guten_post_layout_portrait_large":false,"guten_post_layout_square_large":false,"guten_post_layout_landscape":false,"guten_post_layout_portrait":false,"guten_post_layout_square":false,"post-thumbnail":false,"menu-24x24":false,"menu-36x36":false,"menu-48x48":false},"_links":{"self":[{"href":"https:\/\/www.vt.ee\/en\/wp-json\/wp\/v2\/pages\/2080"}],"collection":[{"href":"https:\/\/www.vt.ee\/en\/wp-json\/wp\/v2\/pages"}],"about":[{"href":"https:\/\/www.vt.ee\/en\/wp-json\/wp\/v2\/types\/page"}],"author":[{"embeddable":true,"href":"https:\/\/www.vt.ee\/en\/wp-json\/wp\/v2\/users\/1"}],"replies":[{"embeddable":true,"href":"https:\/\/www.vt.ee\/en\/wp-json\/wp\/v2\/comments?post=2080"}],"version-history":[{"count":7,"href":"https:\/\/www.vt.ee\/en\/wp-json\/wp\/v2\/pages\/2080\/revisions"}],"predecessor-version":[{"id":2270,"href":"https:\/\/www.vt.ee\/en\/wp-json\/wp\/v2\/pages\/2080\/revisions\/2270"}],"wp:attachment":[{"href":"https:\/\/www.vt.ee\/en\/wp-json\/wp\/v2\/media?parent=2080"}],"curies":[{"name":"wp","href":"https:\/\/api.w.org\/{rel}","templated":true}]}}