{"id":2572,"date":"2020-02-21T21:01:34","date_gmt":"2020-02-21T19:01:34","guid":{"rendered":"https:\/\/www.vt.ee\/?page_id=2572"},"modified":"2020-02-21T21:08:42","modified_gmt":"2020-02-21T19:08:42","slug":"viru-keemia-grupp-as","status":"publish","type":"page","link":"https:\/\/www.vt.ee\/en\/viru-keemia-grupp-as\/","title":{"rendered":"Viru Keemia Grupp AS \u2022 Keemia\/materjaliteadus"},"content":{"rendered":"<div data-elementor-type=\"wp-page\" data-elementor-id=\"2572\" class=\"elementor elementor-2572\">\n\t\t\t\t\t\t<div class=\"elementor-inner\">\n\t\t\t\t<div class=\"elementor-section-wrap\">\n\t\t\t\t\t\t\t\t\t<section class=\"elementor-section elementor-top-section elementor-element elementor-element-688bf1fd elementor-section-stretched elementor-section-height-min-height elementor-section-boxed elementor-section-height-default elementor-section-items-middle\" data-id=\"688bf1fd\" data-element_type=\"section\" data-settings=\"{&quot;stretch_section&quot;:&quot;section-stretched&quot;,&quot;background_background&quot;:&quot;gradient&quot;,&quot;shape_divider_bottom&quot;:&quot;curve-asymmetrical&quot;,&quot;shape_divider_bottom_negative&quot;:&quot;yes&quot;}\">\n\t\t\t\t\t<div class=\"elementor-shape elementor-shape-bottom\" data-negative=\"true\">\n\t\t\t<svg xmlns=\"http:\/\/www.w3.org\/2000\/svg\" viewbox=\"0 0 1000 100\" preserveaspectratio=\"none\">\n\t<path class=\"elementor-shape-fill\" d=\"M615.2,96.7C240.2,97.8,0,18.9,0,0v100h1000V0C1000,19.2,989.8,96,615.2,96.7z\"\/>\n<\/svg>\t\t<\/div>\n\t\t\t\t\t<div class=\"elementor-container elementor-column-gap-default\">\n\t\t\t\t\t\t\t<div class=\"elementor-row\">\n\t\t\t\t\t<div class=\"aux-parallax-section elementor-column elementor-col-50 elementor-top-column elementor-element elementor-element-2b1c7d6f\" data-id=\"2b1c7d6f\" data-element_type=\"column\">\n\t\t\t<div class=\"elementor-column-wrap elementor-element-populated\">\n\t\t\t\t\t\t\t<div class=\"elementor-widget-wrap\">\n\t\t\t\t\t\t<section class=\"elementor-section elementor-inner-section elementor-element elementor-element-5cd7bd9e elementor-section-content-middle elementor-section-full_width elementor-section-height-default elementor-section-height-default\" data-id=\"5cd7bd9e\" data-element_type=\"section\" data-settings=\"{&quot;background_background&quot;:&quot;classic&quot;}\">\n\t\t\t\t\t\t<div class=\"elementor-container elementor-column-gap-default\">\n\t\t\t\t\t\t\t<div class=\"elementor-row\">\n\t\t\t\t\t<div class=\"aux-parallax-section elementor-column elementor-col-50 elementor-inner-column elementor-element elementor-element-74a90802\" data-id=\"74a90802\" data-element_type=\"column\">\n\t\t\t<div class=\"elementor-column-wrap elementor-element-populated\">\n\t\t\t\t\t\t\t<div class=\"elementor-widget-wrap\">\n\t\t\t\t\t\t<div class=\"elementor-element elementor-element-7957aae1 elementor-widget elementor-widget-image\" data-id=\"7957aae1\" data-element_type=\"widget\" data-widget_type=\"image.default\">\n\t\t\t\t<div class=\"elementor-widget-container\">\n\t\t\t\t\t\t\t\t<div class=\"elementor-image\">\n\t\t\t\t\t\t\t\t\t\t\t\t<img decoding=\"async\" width=\"300\" height=\"300\" src=\"https:\/\/www.vt.ee\/wp-content\/uploads\/viru-kg-logo-300x300.png\" class=\"attachment-medium size-medium wp-image-2574\" alt=\"\" loading=\"lazy\" srcset=\"https:\/\/www.vt.ee\/wp-content\/uploads\/viru-kg-logo-300x300.png 300w, https:\/\/www.vt.ee\/wp-content\/uploads\/viru-kg-logo-150x150.png 150w, https:\/\/www.vt.ee\/wp-content\/uploads\/viru-kg-logo.png 750w\" sizes=\"(max-width: 300px) 100vw, 300px\" \/>\t\t\t\t\t\t\t\t\t\t\t\t\t\t<\/div>\n\t\t\t\t\t\t<\/div>\n\t\t\t\t<\/div>\n\t\t\t\t\t\t<\/div>\n\t\t\t\t\t<\/div>\n\t\t<\/div>\n\t\t\t\t<div class=\"aux-parallax-section elementor-column elementor-col-50 elementor-inner-column elementor-element elementor-element-386bac48\" data-id=\"386bac48\" data-element_type=\"column\">\n\t\t\t<div class=\"elementor-column-wrap elementor-element-populated\">\n\t\t\t\t\t\t\t<div class=\"elementor-widget-wrap\">\n\t\t\t\t\t\t<div class=\"elementor-element elementor-element-3f83c861 elementor-widget elementor-widget-heading\" data-id=\"3f83c861\" data-element_type=\"widget\" data-widget_type=\"heading.default\">\n\t\t\t\t<div class=\"elementor-widget-container\">\n\t\t\t<h2 class=\"elementor-heading-title elementor-size-default\">Viru Keemia Grupp AS<\/h2>\t\t<\/div>\n\t\t\t\t<\/div>\n\t\t\t\t<div class=\"elementor-element elementor-element-464cc394 elementor-widget elementor-widget-text-editor\" data-id=\"464cc394\" data-element_type=\"widget\" data-widget_type=\"text-editor.default\">\n\t\t\t\t<div class=\"elementor-widget-container\">\n\t\t\t\t\t\t\t\t<div class=\"elementor-text-editor elementor-clearfix\">\n\t\t\t\t<p>P\u00f5hivaldkond: KEEMIA\/MATERJALITEADUS<\/p>\t\t\t\t\t<\/div>\n\t\t\t\t\t\t<\/div>\n\t\t\t\t<\/div>\n\t\t\t\t<div class=\"elementor-element elementor-element-9197ca2 elementor-widget elementor-widget-text-editor\" data-id=\"9197ca2\" data-element_type=\"widget\" data-widget_type=\"text-editor.default\">\n\t\t\t\t<div class=\"elementor-widget-container\">\n\t\t\t\t\t\t\t\t<div class=\"elementor-text-editor elementor-clearfix\">\n\t\t\t\t<p>Muud valdkonnad: energeetika, mehaanika<\/p>\t\t\t\t\t<\/div>\n\t\t\t\t\t\t<\/div>\n\t\t\t\t<\/div>\n\t\t\t\t\t\t<\/div>\n\t\t\t\t\t<\/div>\n\t\t<\/div>\n\t\t\t\t\t\t\t\t<\/div>\n\t\t\t\t\t<\/div>\n\t\t<\/section>\n\t\t\t\t\t\t<\/div>\n\t\t\t\t\t<\/div>\n\t\t<\/div>\n\t\t\t\t<div class=\"aux-parallax-section elementor-column elementor-col-50 elementor-top-column elementor-element elementor-element-12158b69 elementor-hidden-phone\" data-id=\"12158b69\" data-element_type=\"column\">\n\t\t\t<div class=\"elementor-column-wrap elementor-element-populated\">\n\t\t\t\t\t\t\t<div class=\"elementor-widget-wrap\">\n\t\t\t\t\t\t<div class=\"elementor-element elementor-element-1e1b98b3 elementor-widget elementor-widget-heading\" data-id=\"1e1b98b3\" data-element_type=\"widget\" data-widget_type=\"heading.default\">\n\t\t\t\t<div class=\"elementor-widget-container\">\n\t\t\t<h2 class=\"elementor-heading-title elementor-size-default\">Contact<\/h2>\t\t<\/div>\n\t\t\t\t<\/div>\n\t\t\t\t<div class=\"elementor-element elementor-element-6ec063c5 elementor-widget elementor-widget-text-editor\" data-id=\"6ec063c5\" data-element_type=\"widget\" data-widget_type=\"text-editor.default\">\n\t\t\t\t<div class=\"elementor-widget-container\">\n\t\t\t\t\t\t\t\t<div class=\"elementor-text-editor elementor-clearfix\">\n\t\t\t\t<p>J\u00e4rvek\u00fcla tee 14, Kohtla-J\u00e4rve,<br \/>Ida-Virumaa<br \/>personal@vkg.ee<\/p><p>Home page: <a href=\"http:\/\/www.vkg.ee\">www.vkg.ee<\/a><\/p>\t\t\t\t\t<\/div>\n\t\t\t\t\t\t<\/div>\n\t\t\t\t<\/div>\n\t\t\t\t\t\t<\/div>\n\t\t\t\t\t<\/div>\n\t\t<\/div>\n\t\t\t\t\t\t\t\t<\/div>\n\t\t\t\t\t<\/div>\n\t\t<\/section>\n\t\t\t\t<section class=\"elementor-section elementor-top-section elementor-element elementor-element-32baa33f elementor-section-stretched elementor-section-boxed elementor-section-height-default elementor-section-height-default\" data-id=\"32baa33f\" data-element_type=\"section\" data-settings=\"{&quot;stretch_section&quot;:&quot;section-stretched&quot;}\">\n\t\t\t\t\t\t<div class=\"elementor-container elementor-column-gap-default\">\n\t\t\t\t\t\t\t<div class=\"elementor-row\">\n\t\t\t\t\t<div class=\"aux-parallax-section elementor-column elementor-col-100 elementor-top-column elementor-element elementor-element-2e6eec28\" data-id=\"2e6eec28\" data-element_type=\"column\">\n\t\t\t<div class=\"elementor-column-wrap elementor-element-populated\">\n\t\t\t\t\t\t\t<div class=\"elementor-widget-wrap\">\n\t\t\t\t\t\t<div class=\"elementor-element elementor-element-7207bdb4 elementor-widget elementor-widget-heading\" data-id=\"7207bdb4\" data-element_type=\"widget\" data-widget_type=\"heading.default\">\n\t\t\t\t<div class=\"elementor-widget-container\">\n\t\t\t<h2 class=\"elementor-heading-title elementor-size-default\">Company values<\/h2>\t\t<\/div>\n\t\t\t\t<\/div>\n\t\t\t\t<div class=\"elementor-element elementor-element-50c7d502 elementor-widget elementor-widget-text-editor\" data-id=\"50c7d502\" data-element_type=\"widget\" data-widget_type=\"text-editor.default\">\n\t\t\t\t<div class=\"elementor-widget-container\">\n\t\t\t\t\t\t\t\t<div class=\"elementor-text-editor elementor-clearfix\">\n\t\t\t\t<p>BEING OPEN<br \/>We promote transparency, diversity and new perspectives.<\/p><p>COMMITMENT<br \/>We work together as a team, sharing knowledge and helping each other succeed. We work in partnership with our business partners, the local community and society, respecting them and earning their trust.<\/p><p>DEVELOPMENT<br \/>Oleme uudishimulikud, uuenduslikud ja \u00e4ritegevusele suunatud, p\u00fc\u00fceldes pidevalt paremuse poole.<\/p>\t\t\t\t\t<\/div>\n\t\t\t\t\t\t<\/div>\n\t\t\t\t<\/div>\n\t\t\t\t<div class=\"elementor-element elementor-element-4e8082d7 elementor-widget elementor-widget-heading\" data-id=\"4e8082d7\" data-element_type=\"widget\" data-widget_type=\"heading.default\">\n\t\t\t\t<div class=\"elementor-widget-container\">\n\t\t\t<h2 class=\"elementor-heading-title elementor-size-default\">Vision<\/h2>\t\t<\/div>\n\t\t\t\t<\/div>\n\t\t\t\t<div class=\"elementor-element elementor-element-2d5baf81 elementor-widget elementor-widget-text-editor\" data-id=\"2d5baf81\" data-element_type=\"widget\" data-widget_type=\"text-editor.default\">\n\t\t\t\t<div class=\"elementor-widget-container\">\n\t\t\t\t\t\t\t\t<div class=\"elementor-text-editor elementor-clearfix\">\n\t\t\t\t<p>Meie eesm\u00e4rk ja \u00fcks oluline j\u00e4rjepidev p\u00f5him\u00f5te on p\u00f5levkivit\u00f6\u00f6stuse v\u00e4\u00e4rtusahela maksimaalne v\u00e4\u00e4rindamine ning pikendamine. VKG t\u00e4nane v\u00e4\u00e4rtusahel on pikim Eestis ning \u00fcks pikematest maailmas.<\/p>\t\t\t\t\t<\/div>\n\t\t\t\t\t\t<\/div>\n\t\t\t\t<\/div>\n\t\t\t\t<div class=\"elementor-element elementor-element-62b45809 elementor-widget elementor-widget-heading\" data-id=\"62b45809\" data-element_type=\"widget\" data-widget_type=\"heading.default\">\n\t\t\t\t<div class=\"elementor-widget-container\">\n\t\t\t<h2 class=\"elementor-heading-title elementor-size-default\">Statistics<\/h2>\t\t<\/div>\n\t\t\t\t<\/div>\n\t\t\t\t<div class=\"elementor-element elementor-element-656f61a6 elementor-widget elementor-widget-text-editor\" data-id=\"656f61a6\" data-element_type=\"widget\" data-widget_type=\"text-editor.default\">\n\t\t\t\t<div class=\"elementor-widget-container\">\n\t\t\t\t\t\t\t\t<div class=\"elementor-text-editor elementor-clearfix\">\n\t\t\t\t<p>1750 t\u00f6\u00f6tajat.<\/p>\t\t\t\t\t<\/div>\n\t\t\t\t\t\t<\/div>\n\t\t\t\t<\/div>\n\t\t\t\t\t\t<\/div>\n\t\t\t\t\t<\/div>\n\t\t<\/div>\n\t\t\t\t<div class=\"aux-parallax-section elementor-column elementor-col-100 elementor-top-column elementor-element elementor-element-126dd7a6\" data-id=\"126dd7a6\" data-element_type=\"column\">\n\t\t\t<div class=\"elementor-column-wrap elementor-element-populated\">\n\t\t\t\t\t\t\t<div class=\"elementor-widget-wrap\">\n\t\t\t\t\t\t<div class=\"elementor-element elementor-element-62293ef7 elementor-widget elementor-widget-heading\" data-id=\"62293ef7\" data-element_type=\"widget\" data-widget_type=\"heading.default\">\n\t\t\t\t<div class=\"elementor-widget-container\">\n\t\t\t<h2 class=\"elementor-heading-title elementor-size-default\">Job and internship opportunities<\/h2>\t\t<\/div>\n\t\t\t\t<\/div>\n\t\t\t\t<div class=\"elementor-element elementor-element-60af9b5f elementor-widget elementor-widget-text-editor\" data-id=\"60af9b5f\" data-element_type=\"widget\" data-widget_type=\"text-editor.default\">\n\t\t\t\t<div class=\"elementor-widget-container\">\n\t\t\t\t\t\t\t\t<div class=\"elementor-text-editor elementor-clearfix\">\n\t\t\t\t<p>Viru Keemia Grupp on palju enamat kui ainult p\u00f5levkivi kaevandamine ning \u00f5li ja energia tootmine. Otsime julgeid, leidlikke ja loovaid inimesi, kes ei karda v\u00e4ljakutseid ja on valmis maailma muutma.<\/p><p>Viru Keemia Grupis t\u00f6\u00f6tades saad osa unikaalsest suurtootmisest, kus on v\u00f5imalik arendada uusi oskusi ja jagada oma teadmisi erinevates valdkondades ning erinevate t\u00fctarettev\u00f5tete vahel.<\/p>\t\t\t\t\t<\/div>\n\t\t\t\t\t\t<\/div>\n\t\t\t\t<\/div>\n\t\t\t\t<div class=\"elementor-element elementor-element-21e39c38 elementor-widget elementor-widget-heading\" data-id=\"21e39c38\" data-element_type=\"widget\" data-widget_type=\"heading.default\">\n\t\t\t\t<div class=\"elementor-widget-container\">\n\t\t\t<h2 class=\"elementor-heading-title elementor-size-default\">Why should students come to your company for an internship or a job?<\/h2>\t\t<\/div>\n\t\t\t\t<\/div>\n\t\t\t\t<div class=\"elementor-element elementor-element-38ebf010 elementor-widget elementor-widget-text-editor\" data-id=\"38ebf010\" data-element_type=\"widget\" data-widget_type=\"text-editor.default\">\n\t\t\t\t<div class=\"elementor-widget-container\">\n\t\t\t\t\t\t\t\t<div class=\"elementor-text-editor elementor-clearfix\">\n\t\t\t\t<p>1. Tugev mentorprogramm oma ala parimatest.<br \/>2. V\u00f5imalus tegutseda ning ennast t\u00f5estada.<br \/>3. Karj\u00e4\u00e4riv\u00f5imalus tublidele ja nutikatele.<br \/>4. Teame, et ka noortelt on palju \u00f5ppida.<\/p>\t\t\t\t\t<\/div>\n\t\t\t\t\t\t<\/div>\n\t\t\t\t<\/div>\n\t\t\t\t\t\t<\/div>\n\t\t\t\t\t<\/div>\n\t\t<\/div>\n\t\t\t\t\t\t\t\t<\/div>\n\t\t\t\t\t<\/div>\n\t\t<\/section>\n\t\t\t\t<section class=\"elementor-section elementor-top-section elementor-element elementor-element-7f7ef2b4 elementor-section-stretched elementor-hidden-desktop elementor-hidden-tablet elementor-section-height-min-height elementor-section-boxed elementor-section-height-default elementor-section-items-middle\" data-id=\"7f7ef2b4\" data-element_type=\"section\" data-settings=\"{&quot;stretch_section&quot;:&quot;section-stretched&quot;,&quot;background_background&quot;:&quot;gradient&quot;,&quot;shape_divider_top&quot;:&quot;curve-asymmetrical&quot;}\">\n\t\t\t\t\t<div class=\"elementor-shape elementor-shape-top\" data-negative=\"false\">\n\t\t\t<svg xmlns=\"http:\/\/www.w3.org\/2000\/svg\" viewbox=\"0 0 1000 100\" preserveaspectratio=\"none\">\n\t<path class=\"elementor-shape-fill\" d=\"M0,0c0,0,0,6,0,6.7c0,18,240.2,93.6,615.2,92.6C989.8,98.5,1000,25,1000,6.7c0-0.7,0-6.7,0-6.7H0z\"\/>\n<\/svg>\t\t<\/div>\n\t\t\t\t\t<div class=\"elementor-container elementor-column-gap-default\">\n\t\t\t\t\t\t\t<div class=\"elementor-row\">\n\t\t\t\t\t<div class=\"aux-parallax-section elementor-column elementor-col-100 elementor-top-column elementor-element elementor-element-4ceb3bf0\" data-id=\"4ceb3bf0\" data-element_type=\"column\">\n\t\t\t<div class=\"elementor-column-wrap elementor-element-populated\">\n\t\t\t\t\t\t\t<div class=\"elementor-widget-wrap\">\n\t\t\t\t\t\t<div class=\"elementor-element elementor-element-664f9a0f elementor-widget elementor-widget-heading\" data-id=\"664f9a0f\" data-element_type=\"widget\" data-widget_type=\"heading.default\">\n\t\t\t\t<div class=\"elementor-widget-container\">\n\t\t\t<h2 class=\"elementor-heading-title elementor-size-default\">Contact<\/h2>\t\t<\/div>\n\t\t\t\t<\/div>\n\t\t\t\t<div class=\"elementor-element elementor-element-303f64d elementor-widget elementor-widget-text-editor\" data-id=\"303f64d\" data-element_type=\"widget\" data-widget_type=\"text-editor.default\">\n\t\t\t\t<div class=\"elementor-widget-container\">\n\t\t\t\t\t\t\t\t<div class=\"elementor-text-editor elementor-clearfix\">\n\t\t\t\t<p>J\u00e4rvek\u00fcla tee 14, Kohtla-J\u00e4rve,<br \/>Ida-Virumaa<br \/>personal@vkg.ee<\/p><p>Home page: <a href=\"http:\/\/www.vkg.ee\">www.vkg.ee<\/a><\/p>\t\t\t\t\t<\/div>\n\t\t\t\t\t\t<\/div>\n\t\t\t\t<\/div>\n\t\t\t\t\t\t<\/div>\n\t\t\t\t\t<\/div>\n\t\t<\/div>\n\t\t\t\t\t\t\t\t<\/div>\n\t\t\t\t\t<\/div>\n\t\t<\/section>\n\t\t\t\t\t\t\t\t\t<\/div>\n\t\t\t<\/div>\n\t\t\t\t\t<\/div>","protected":false},"excerpt":{"rendered":"<p>Viru Keemia Grupp AS P\u00f5hivaldkond: KEEMIA\/MATERJALITEADUS Muud valdkonnad: energeetika, mehaanika Kontakt J\u00e4rvek\u00fcla tee 14, Kohtla-J\u00e4rve, Ida-Virumaa personal@vkg.ee Koduleht: www.vkg.ee Ettev\u00f5tte v\u00e4\u00e4rtused AVATUS Edendame l\u00e4bipaistvust, mitmekesisust ja uusi perspektiive. P\u00dcHENDUMUS T\u00f6\u00f6tame koos \u00fchtse meeskonnana, jagades omavahel teadmisi ja aidates \u00fcksteisel edu saavutada. Tegutseme koost\u00f6\u00f6s oma \u00e4ripartnerite, kohaliku kogukonna ja \u00fchiskonnaga, neid austades ja nende usaldust p\u00e4lvides. [&hellip;]<\/p>","protected":false},"author":1,"featured_media":0,"parent":0,"menu_order":0,"comment_status":"closed","ping_status":"closed","template":"","meta":[],"yoast_head":"<!-- This site is optimized with the Yoast SEO plugin v20.8 - https:\/\/yoast.com\/wordpress\/plugins\/seo\/ -->\n<title>Viru Keemia Grupp AS \u2022 Keemia\/materjaliteadus - V\u00f5ti Tulevikku<\/title>\n<meta name=\"robots\" content=\"index, follow, max-snippet:-1, max-image-preview:large, max-video-preview:-1\" \/>\n<link rel=\"canonical\" href=\"https:\/\/www.vt.ee\/en\/viru-keemia-grupp-as\/\" \/>\n<meta property=\"og:locale\" content=\"en_US\" \/>\n<meta property=\"og:type\" content=\"article\" \/>\n<meta property=\"og:title\" content=\"Viru Keemia Grupp AS \u2022 Keemia\/materjaliteadus - V\u00f5ti Tulevikku\" \/>\n<meta property=\"og:description\" content=\"Viru Keemia Grupp AS P\u00f5hivaldkond: KEEMIA\/MATERJALITEADUS Muud valdkonnad: energeetika, mehaanika Kontakt J\u00e4rvek\u00fcla tee 14, Kohtla-J\u00e4rve, Ida-Virumaa personal@vkg.ee Koduleht: www.vkg.ee Ettev\u00f5tte v\u00e4\u00e4rtused AVATUS Edendame l\u00e4bipaistvust, mitmekesisust ja uusi perspektiive. P\u00dcHENDUMUS T\u00f6\u00f6tame koos \u00fchtse meeskonnana, jagades omavahel teadmisi ja aidates \u00fcksteisel edu saavutada. Tegutseme koost\u00f6\u00f6s oma \u00e4ripartnerite, kohaliku kogukonna ja \u00fchiskonnaga, neid austades ja nende usaldust p\u00e4lvides. [&hellip;]\" \/>\n<meta property=\"og:url\" content=\"https:\/\/www.vt.ee\/en\/viru-keemia-grupp-as\/\" \/>\n<meta property=\"og:site_name\" content=\"V\u00f5ti Tulevikku\" \/>\n<meta property=\"article:publisher\" content=\"https:\/\/www.facebook.com\/VotiTulevikku\/\" \/>\n<meta property=\"article:modified_time\" content=\"2020-02-21T19:08:42+00:00\" \/>\n<meta property=\"og:image\" content=\"https:\/\/www.vt.ee\/wp-content\/uploads\/viru-kg-logo-300x300.png\" \/>\n<meta name=\"twitter:card\" content=\"summary_large_image\" \/>\n<meta name=\"twitter:label1\" content=\"Est. reading time\" \/>\n\t<meta name=\"twitter:data1\" content=\"1 minute\" \/>\n<script type=\"application\/ld+json\" class=\"yoast-schema-graph\">{\"@context\":\"https:\/\/schema.org\",\"@graph\":[{\"@type\":\"WebPage\",\"@id\":\"https:\/\/www.vt.ee\/viru-keemia-grupp-as\/\",\"url\":\"https:\/\/www.vt.ee\/viru-keemia-grupp-as\/\",\"name\":\"Viru Keemia Grupp AS \u2022 Keemia\/materjaliteadus - V\u00f5ti Tulevikku\",\"isPartOf\":{\"@id\":\"https:\/\/www.vt.ee\/#website\"},\"datePublished\":\"2020-02-21T19:01:34+00:00\",\"dateModified\":\"2020-02-21T19:08:42+00:00\",\"breadcrumb\":{\"@id\":\"https:\/\/www.vt.ee\/viru-keemia-grupp-as\/#breadcrumb\"},\"inLanguage\":\"en-US\",\"potentialAction\":[{\"@type\":\"ReadAction\",\"target\":[\"https:\/\/www.vt.ee\/viru-keemia-grupp-as\/\"]}]},{\"@type\":\"BreadcrumbList\",\"@id\":\"https:\/\/www.vt.ee\/viru-keemia-grupp-as\/#breadcrumb\",\"itemListElement\":[{\"@type\":\"ListItem\",\"position\":1,\"name\":\"Home\",\"item\":\"https:\/\/www.vt.ee\/\"},{\"@type\":\"ListItem\",\"position\":2,\"name\":\"Viru Keemia Grupp AS \u2022 Keemia\/materjaliteadus\"}]},{\"@type\":\"WebSite\",\"@id\":\"https:\/\/www.vt.ee\/#website\",\"url\":\"https:\/\/www.vt.ee\/\",\"name\":\"V\u00f5ti Tulevikku\",\"description\":\"Eesti suurim karj\u00e4\u00e4ri\u00fcritus, mis viib kokku tudengid ja ettev\u00f5tted.\",\"publisher\":{\"@id\":\"https:\/\/www.vt.ee\/#organization\"},\"potentialAction\":[{\"@type\":\"SearchAction\",\"target\":{\"@type\":\"EntryPoint\",\"urlTemplate\":\"https:\/\/www.vt.ee\/?s={search_term_string}\"},\"query-input\":\"required name=search_term_string\"}],\"inLanguage\":\"en-US\"},{\"@type\":\"Organization\",\"@id\":\"https:\/\/www.vt.ee\/#organization\",\"name\":\"V\u00f5ti Tulevikku\",\"url\":\"https:\/\/www.vt.ee\/\",\"logo\":{\"@type\":\"ImageObject\",\"inLanguage\":\"en-US\",\"@id\":\"https:\/\/www.vt.ee\/#\/schema\/logo\/image\/\",\"url\":\"https:\/\/www.vt.ee\/wp-content\/uploads\/veebilogo.png\",\"contentUrl\":\"https:\/\/www.vt.ee\/wp-content\/uploads\/veebilogo.png\",\"width\":750,\"height\":750,\"caption\":\"V\u00f5ti Tulevikku\"},\"image\":{\"@id\":\"https:\/\/www.vt.ee\/#\/schema\/logo\/image\/\"},\"sameAs\":[\"https:\/\/www.facebook.com\/VotiTulevikku\/\",\"https:\/\/www.instagram.com\/votitulevikku\/\",\"https:\/\/www.linkedin.com\/company\/vti-tulevikku\/\",\"https:\/\/www.youtube.com\/channel\/UCE3cFRB50dToVNcGsUANlrw\"]}]}<\/script>\n<!-- \/ Yoast SEO plugin. -->","yoast_head_json":{"title":"Viru Keemia Grupp AS \u2022 Keemia\/materjaliteadus - V\u00f5ti Tulevikku","robots":{"index":"index","follow":"follow","max-snippet":"max-snippet:-1","max-image-preview":"max-image-preview:large","max-video-preview":"max-video-preview:-1"},"canonical":"https:\/\/www.vt.ee\/en\/viru-keemia-grupp-as\/","og_locale":"en_US","og_type":"article","og_title":"Viru Keemia Grupp AS \u2022 Keemia\/materjaliteadus - V\u00f5ti Tulevikku","og_description":"Viru Keemia Grupp AS P\u00f5hivaldkond: KEEMIA\/MATERJALITEADUS Muud valdkonnad: energeetika, mehaanika Kontakt J\u00e4rvek\u00fcla tee 14, Kohtla-J\u00e4rve, Ida-Virumaa personal@vkg.ee Koduleht: www.vkg.ee Ettev\u00f5tte v\u00e4\u00e4rtused AVATUS Edendame l\u00e4bipaistvust, mitmekesisust ja uusi perspektiive. P\u00dcHENDUMUS T\u00f6\u00f6tame koos \u00fchtse meeskonnana, jagades omavahel teadmisi ja aidates \u00fcksteisel edu saavutada. Tegutseme koost\u00f6\u00f6s oma \u00e4ripartnerite, kohaliku kogukonna ja \u00fchiskonnaga, neid austades ja nende usaldust p\u00e4lvides. [&hellip;]","og_url":"https:\/\/www.vt.ee\/en\/viru-keemia-grupp-as\/","og_site_name":"V\u00f5ti Tulevikku","article_publisher":"https:\/\/www.facebook.com\/VotiTulevikku\/","article_modified_time":"2020-02-21T19:08:42+00:00","og_image":[{"url":"https:\/\/www.vt.ee\/wp-content\/uploads\/viru-kg-logo-300x300.png"}],"twitter_card":"summary_large_image","twitter_misc":{"Est. reading time":"1 minute"},"schema":{"@context":"https:\/\/schema.org","@graph":[{"@type":"WebPage","@id":"https:\/\/www.vt.ee\/viru-keemia-grupp-as\/","url":"https:\/\/www.vt.ee\/viru-keemia-grupp-as\/","name":"Viru Keemia Grupp AS \u2022 Keemia\/materjaliteadus - V\u00f5ti Tulevikku","isPartOf":{"@id":"https:\/\/www.vt.ee\/#website"},"datePublished":"2020-02-21T19:01:34+00:00","dateModified":"2020-02-21T19:08:42+00:00","breadcrumb":{"@id":"https:\/\/www.vt.ee\/viru-keemia-grupp-as\/#breadcrumb"},"inLanguage":"en-US","potentialAction":[{"@type":"ReadAction","target":["https:\/\/www.vt.ee\/viru-keemia-grupp-as\/"]}]},{"@type":"BreadcrumbList","@id":"https:\/\/www.vt.ee\/viru-keemia-grupp-as\/#breadcrumb","itemListElement":[{"@type":"ListItem","position":1,"name":"Home","item":"https:\/\/www.vt.ee\/"},{"@type":"ListItem","position":2,"name":"Viru Keemia Grupp AS \u2022 Keemia\/materjaliteadus"}]},{"@type":"WebSite","@id":"https:\/\/www.vt.ee\/#website","url":"https:\/\/www.vt.ee\/","name":"V\u00f5ti Tulevikku","description":"Eesti suurim karj\u00e4\u00e4ri\u00fcritus, mis viib kokku tudengid ja ettev\u00f5tted.","publisher":{"@id":"https:\/\/www.vt.ee\/#organization"},"potentialAction":[{"@type":"SearchAction","target":{"@type":"EntryPoint","urlTemplate":"https:\/\/www.vt.ee\/?s={search_term_string}"},"query-input":"required name=search_term_string"}],"inLanguage":"en-US"},{"@type":"Organization","@id":"https:\/\/www.vt.ee\/#organization","name":"V\u00f5ti Tulevikku","url":"https:\/\/www.vt.ee\/","logo":{"@type":"ImageObject","inLanguage":"en-US","@id":"https:\/\/www.vt.ee\/#\/schema\/logo\/image\/","url":"https:\/\/www.vt.ee\/wp-content\/uploads\/veebilogo.png","contentUrl":"https:\/\/www.vt.ee\/wp-content\/uploads\/veebilogo.png","width":750,"height":750,"caption":"V\u00f5ti Tulevikku"},"image":{"@id":"https:\/\/www.vt.ee\/#\/schema\/logo\/image\/"},"sameAs":["https:\/\/www.facebook.com\/VotiTulevikku\/","https:\/\/www.instagram.com\/votitulevikku\/","https:\/\/www.linkedin.com\/company\/vti-tulevikku\/","https:\/\/www.youtube.com\/channel\/UCE3cFRB50dToVNcGsUANlrw"]}]}},"guten_post_layout_featured_media_urls":{"full":false,"thumbnail":false,"medium":false,"medium_large":false,"large":false,"1536x1536":false,"2048x2048":false,"trp-custom-language-flag":false,"guten_post_layout_landscape_large":false,"guten_post_layout_portrait_large":false,"guten_post_layout_square_large":false,"guten_post_layout_landscape":false,"guten_post_layout_portrait":false,"guten_post_layout_square":false,"post-thumbnail":false,"menu-24x24":false,"menu-36x36":false,"menu-48x48":false},"_links":{"self":[{"href":"https:\/\/www.vt.ee\/en\/wp-json\/wp\/v2\/pages\/2572"}],"collection":[{"href":"https:\/\/www.vt.ee\/en\/wp-json\/wp\/v2\/pages"}],"about":[{"href":"https:\/\/www.vt.ee\/en\/wp-json\/wp\/v2\/types\/page"}],"author":[{"embeddable":true,"href":"https:\/\/www.vt.ee\/en\/wp-json\/wp\/v2\/users\/1"}],"replies":[{"embeddable":true,"href":"https:\/\/www.vt.ee\/en\/wp-json\/wp\/v2\/comments?post=2572"}],"version-history":[{"count":5,"href":"https:\/\/www.vt.ee\/en\/wp-json\/wp\/v2\/pages\/2572\/revisions"}],"predecessor-version":[{"id":2578,"href":"https:\/\/www.vt.ee\/en\/wp-json\/wp\/v2\/pages\/2572\/revisions\/2578"}],"wp:attachment":[{"href":"https:\/\/www.vt.ee\/en\/wp-json\/wp\/v2\/media?parent=2572"}],"curies":[{"name":"wp","href":"https:\/\/api.w.org\/{rel}","templated":true}]}}