{"id":2777,"date":"2020-02-24T02:54:30","date_gmt":"2020-02-24T00:54:30","guid":{"rendered":"https:\/\/www.vt.ee\/?page_id=2777"},"modified":"2020-02-24T02:58:01","modified_gmt":"2020-02-24T00:58:01","slug":"veriff-ou","status":"publish","type":"page","link":"https:\/\/www.vt.ee\/en\/veriff-ou\/","title":{"rendered":"Veriff O\u00dc \u2022 Information Technology"},"content":{"rendered":"<div data-elementor-type=\"wp-page\" data-elementor-id=\"2777\" class=\"elementor elementor-2777\">\n\t\t\t\t\t\t<div class=\"elementor-inner\">\n\t\t\t\t<div class=\"elementor-section-wrap\">\n\t\t\t\t\t\t\t\t\t<section class=\"elementor-section elementor-top-section elementor-element elementor-element-4780d982 elementor-section-stretched elementor-section-height-min-height elementor-section-boxed elementor-section-height-default elementor-section-items-middle\" data-id=\"4780d982\" data-element_type=\"section\" data-settings=\"{&quot;stretch_section&quot;:&quot;section-stretched&quot;,&quot;background_background&quot;:&quot;gradient&quot;,&quot;shape_divider_bottom&quot;:&quot;curve-asymmetrical&quot;,&quot;shape_divider_bottom_negative&quot;:&quot;yes&quot;}\">\n\t\t\t\t\t<div class=\"elementor-shape elementor-shape-bottom\" data-negative=\"true\">\n\t\t\t<svg xmlns=\"http:\/\/www.w3.org\/2000\/svg\" viewbox=\"0 0 1000 100\" preserveaspectratio=\"none\">\n\t<path class=\"elementor-shape-fill\" d=\"M615.2,96.7C240.2,97.8,0,18.9,0,0v100h1000V0C1000,19.2,989.8,96,615.2,96.7z\"\/>\n<\/svg>\t\t<\/div>\n\t\t\t\t\t<div class=\"elementor-container elementor-column-gap-default\">\n\t\t\t\t\t\t\t<div class=\"elementor-row\">\n\t\t\t\t\t<div class=\"aux-parallax-section elementor-column elementor-col-50 elementor-top-column elementor-element elementor-element-2d9d337\" data-id=\"2d9d337\" data-element_type=\"column\">\n\t\t\t<div class=\"elementor-column-wrap elementor-element-populated\">\n\t\t\t\t\t\t\t<div class=\"elementor-widget-wrap\">\n\t\t\t\t\t\t<section class=\"elementor-section elementor-inner-section elementor-element elementor-element-2184516e elementor-section-content-middle elementor-section-full_width elementor-section-height-default elementor-section-height-default\" data-id=\"2184516e\" data-element_type=\"section\" data-settings=\"{&quot;background_background&quot;:&quot;classic&quot;}\">\n\t\t\t\t\t\t<div class=\"elementor-container elementor-column-gap-default\">\n\t\t\t\t\t\t\t<div class=\"elementor-row\">\n\t\t\t\t\t<div class=\"aux-parallax-section elementor-column elementor-col-50 elementor-inner-column elementor-element elementor-element-ee858d1\" data-id=\"ee858d1\" data-element_type=\"column\">\n\t\t\t<div class=\"elementor-column-wrap elementor-element-populated\">\n\t\t\t\t\t\t\t<div class=\"elementor-widget-wrap\">\n\t\t\t\t\t\t<div class=\"elementor-element elementor-element-58e0327c elementor-widget elementor-widget-image\" data-id=\"58e0327c\" data-element_type=\"widget\" data-widget_type=\"image.default\">\n\t\t\t\t<div class=\"elementor-widget-container\">\n\t\t\t\t\t\t\t\t<div class=\"elementor-image\">\n\t\t\t\t\t\t\t\t\t\t\t\t<img decoding=\"async\" width=\"300\" height=\"300\" src=\"https:\/\/www.vt.ee\/wp-content\/uploads\/veriff-logo-300x300.png\" class=\"attachment-medium size-medium wp-image-2779\" alt=\"\" loading=\"lazy\" srcset=\"https:\/\/www.vt.ee\/wp-content\/uploads\/veriff-logo-300x300.png 300w, https:\/\/www.vt.ee\/wp-content\/uploads\/veriff-logo-150x150.png 150w, https:\/\/www.vt.ee\/wp-content\/uploads\/veriff-logo.png 750w\" sizes=\"(max-width: 300px) 100vw, 300px\" \/>\t\t\t\t\t\t\t\t\t\t\t\t\t\t<\/div>\n\t\t\t\t\t\t<\/div>\n\t\t\t\t<\/div>\n\t\t\t\t\t\t<\/div>\n\t\t\t\t\t<\/div>\n\t\t<\/div>\n\t\t\t\t<div class=\"aux-parallax-section elementor-column elementor-col-50 elementor-inner-column elementor-element elementor-element-6f5e4b55\" data-id=\"6f5e4b55\" data-element_type=\"column\">\n\t\t\t<div class=\"elementor-column-wrap elementor-element-populated\">\n\t\t\t\t\t\t\t<div class=\"elementor-widget-wrap\">\n\t\t\t\t\t\t<div class=\"elementor-element elementor-element-6686b3cc elementor-widget elementor-widget-heading\" data-id=\"6686b3cc\" data-element_type=\"widget\" data-widget_type=\"heading.default\">\n\t\t\t\t<div class=\"elementor-widget-container\">\n\t\t\t<h2 class=\"elementor-heading-title elementor-size-default\">Veriff O\u00dc<\/h2>\t\t<\/div>\n\t\t\t\t<\/div>\n\t\t\t\t<div class=\"elementor-element elementor-element-663513f6 elementor-widget elementor-widget-text-editor\" data-id=\"663513f6\" data-element_type=\"widget\" data-widget_type=\"text-editor.default\">\n\t\t\t\t<div class=\"elementor-widget-container\">\n\t\t\t\t\t\t\t\t<div class=\"elementor-text-editor elementor-clearfix\">\n\t\t\t\t<p>P\u00f5hivaldkond: Infotehnoloogia<\/p>\t\t\t\t\t<\/div>\n\t\t\t\t\t\t<\/div>\n\t\t\t\t<\/div>\n\t\t\t\t<div class=\"elementor-element elementor-element-2da7a2c7 elementor-widget elementor-widget-text-editor\" data-id=\"2da7a2c7\" data-element_type=\"widget\" data-widget_type=\"text-editor.default\">\n\t\t\t\t<div class=\"elementor-widget-container\">\n\t\t\t\t\t\t\t\t<div class=\"elementor-text-editor elementor-clearfix\">\n\t\t\t\t<p>Other fields: Economy<\/p>\t\t\t\t\t<\/div>\n\t\t\t\t\t\t<\/div>\n\t\t\t\t<\/div>\n\t\t\t\t\t\t<\/div>\n\t\t\t\t\t<\/div>\n\t\t<\/div>\n\t\t\t\t\t\t\t\t<\/div>\n\t\t\t\t\t<\/div>\n\t\t<\/section>\n\t\t\t\t\t\t<\/div>\n\t\t\t\t\t<\/div>\n\t\t<\/div>\n\t\t\t\t<div class=\"aux-parallax-section elementor-column elementor-col-50 elementor-top-column elementor-element elementor-element-3cfa1468 elementor-hidden-phone\" data-id=\"3cfa1468\" data-element_type=\"column\">\n\t\t\t<div class=\"elementor-column-wrap elementor-element-populated\">\n\t\t\t\t\t\t\t<div class=\"elementor-widget-wrap\">\n\t\t\t\t\t\t<div class=\"elementor-element elementor-element-13c49fdf elementor-widget elementor-widget-heading\" data-id=\"13c49fdf\" data-element_type=\"widget\" data-widget_type=\"heading.default\">\n\t\t\t\t<div class=\"elementor-widget-container\">\n\t\t\t<h2 class=\"elementor-heading-title elementor-size-default\">Contact<\/h2>\t\t<\/div>\n\t\t\t\t<\/div>\n\t\t\t\t<div class=\"elementor-element elementor-element-1b765bfb elementor-widget elementor-widget-text-editor\" data-id=\"1b765bfb\" data-element_type=\"widget\" data-widget_type=\"text-editor.default\">\n\t\t\t\t<div class=\"elementor-widget-container\">\n\t\t\t\t\t\t\t\t<div class=\"elementor-text-editor elementor-clearfix\">\n\t\t\t\t<p>If you find something you like, we would love to talk to you at the career fair! If not, we would be happy to get in touch after you&#8217;ve applied via our jobs site: <a href=\"https:\/\/veriff.com\/careers\">https:\/\/veriff.com\/careers<\/a><\/p><p>Homepage: <a href=\"https:\/\/www.veriff.com\/\">https:\/\/www.veriff.com\/<\/a><\/p>\t\t\t\t\t<\/div>\n\t\t\t\t\t\t<\/div>\n\t\t\t\t<\/div>\n\t\t\t\t\t\t<\/div>\n\t\t\t\t\t<\/div>\n\t\t<\/div>\n\t\t\t\t\t\t\t\t<\/div>\n\t\t\t\t\t<\/div>\n\t\t<\/section>\n\t\t\t\t<section class=\"elementor-section elementor-top-section elementor-element elementor-element-54c1a935 elementor-section-stretched elementor-section-boxed elementor-section-height-default elementor-section-height-default\" data-id=\"54c1a935\" data-element_type=\"section\" data-settings=\"{&quot;stretch_section&quot;:&quot;section-stretched&quot;}\">\n\t\t\t\t\t\t<div class=\"elementor-container elementor-column-gap-default\">\n\t\t\t\t\t\t\t<div class=\"elementor-row\">\n\t\t\t\t\t<div class=\"aux-parallax-section elementor-column elementor-col-100 elementor-top-column elementor-element elementor-element-629d026e\" data-id=\"629d026e\" data-element_type=\"column\">\n\t\t\t<div class=\"elementor-column-wrap elementor-element-populated\">\n\t\t\t\t\t\t\t<div class=\"elementor-widget-wrap\">\n\t\t\t\t\t\t<div class=\"elementor-element elementor-element-327e5ba1 elementor-widget elementor-widget-heading\" data-id=\"327e5ba1\" data-element_type=\"widget\" data-widget_type=\"heading.default\">\n\t\t\t\t<div class=\"elementor-widget-container\">\n\t\t\t<h2 class=\"elementor-heading-title elementor-size-default\">Values<\/h2>\t\t<\/div>\n\t\t\t\t<\/div>\n\t\t\t\t<div class=\"elementor-element elementor-element-7cd832f4 elementor-widget elementor-widget-text-editor\" data-id=\"7cd832f4\" data-element_type=\"widget\" data-widget_type=\"text-editor.default\">\n\t\t\t\t<div class=\"elementor-widget-container\">\n\t\t\t\t\t\t\t\t<div class=\"elementor-text-editor elementor-clearfix\">\n\t\t\t\t<p>Five keys to the Veriffian mind:<br \/>1. Trust, meet accountability<br \/>2. Ideas are free. Execution is priceless<br \/>3. Always come with a solution<br \/>4. We have each other\u2019s backs<br \/>5. We are a force for good<\/p>\t\t\t\t\t<\/div>\n\t\t\t\t\t\t<\/div>\n\t\t\t\t<\/div>\n\t\t\t\t<div class=\"elementor-element elementor-element-660627f6 elementor-widget elementor-widget-heading\" data-id=\"660627f6\" data-element_type=\"widget\" data-widget_type=\"heading.default\">\n\t\t\t\t<div class=\"elementor-widget-container\">\n\t\t\t<h2 class=\"elementor-heading-title elementor-size-default\">Vision<\/h2>\t\t<\/div>\n\t\t\t\t<\/div>\n\t\t\t\t<div class=\"elementor-element elementor-element-5d72941b elementor-widget elementor-widget-text-editor\" data-id=\"5d72941b\" data-element_type=\"widget\" data-widget_type=\"text-editor.default\">\n\t\t\t\t<div class=\"elementor-widget-container\">\n\t\t\t\t\t\t\t\t<div class=\"elementor-text-editor elementor-clearfix\">\n\t\t\t\t<p>We are a force for good and here to help honest people be trusted online and off. Our vision is to create a single digital identity for every connected person on Earth.<\/p>\t\t\t\t\t<\/div>\n\t\t\t\t\t\t<\/div>\n\t\t\t\t<\/div>\n\t\t\t\t<div class=\"elementor-element elementor-element-1ea170ce elementor-widget elementor-widget-heading\" data-id=\"1ea170ce\" data-element_type=\"widget\" data-widget_type=\"heading.default\">\n\t\t\t\t<div class=\"elementor-widget-container\">\n\t\t\t<h2 class=\"elementor-heading-title elementor-size-default\">Internship and work possibilities<\/h2>\t\t<\/div>\n\t\t\t\t<\/div>\n\t\t\t\t<div class=\"elementor-element elementor-element-3a86cea8 elementor-widget elementor-widget-text-editor\" data-id=\"3a86cea8\" data-element_type=\"widget\" data-widget_type=\"text-editor.default\">\n\t\t\t\t<div class=\"elementor-widget-container\">\n\t\t\t\t\t\t\t\t<div class=\"elementor-text-editor elementor-clearfix\">\n\t\t\t\t<p>All our opportunities are visible at <a href=\"https:\/\/www.veriff.com\/careers\">https:\/\/www.veriff.com\/careers<\/a>.<\/p>\t\t\t\t\t<\/div>\n\t\t\t\t\t\t<\/div>\n\t\t\t\t<\/div>\n\t\t\t\t\t\t<\/div>\n\t\t\t\t\t<\/div>\n\t\t<\/div>\n\t\t\t\t<div class=\"aux-parallax-section elementor-column elementor-col-100 elementor-top-column elementor-element elementor-element-3241657a\" data-id=\"3241657a\" data-element_type=\"column\">\n\t\t\t<div class=\"elementor-column-wrap elementor-element-populated\">\n\t\t\t\t\t\t\t<div class=\"elementor-widget-wrap\">\n\t\t\t\t\t\t<div class=\"elementor-element elementor-element-6082f375 elementor-widget elementor-widget-heading\" data-id=\"6082f375\" data-element_type=\"widget\" data-widget_type=\"heading.default\">\n\t\t\t\t<div class=\"elementor-widget-container\">\n\t\t\t<h2 class=\"elementor-heading-title elementor-size-default\">Statistics<\/h2>\t\t<\/div>\n\t\t\t\t<\/div>\n\t\t\t\t<div class=\"elementor-element elementor-element-395db75c elementor-widget elementor-widget-text-editor\" data-id=\"395db75c\" data-element_type=\"widget\" data-widget_type=\"text-editor.default\">\n\t\t\t\t<div class=\"elementor-widget-container\">\n\t\t\t\t\t\t\t\t<div class=\"elementor-text-editor elementor-clearfix\">\n\t\t\t\t<p>When we talk about our team, then the growth has been enormous &#8211; approximately 17 times. Today we have 310 great people and 40% of them are from a foreign country. We have 46 different citizenships. Largest expat communities are Brazilian, Georgian, Nigerian, Russian, Turkish &amp; American. 53% of our employees are men and 47% are women.<\/p>\t\t\t\t\t<\/div>\n\t\t\t\t\t\t<\/div>\n\t\t\t\t<\/div>\n\t\t\t\t<div class=\"elementor-element elementor-element-7e5d439f elementor-widget elementor-widget-heading\" data-id=\"7e5d439f\" data-element_type=\"widget\" data-widget_type=\"heading.default\">\n\t\t\t\t<div class=\"elementor-widget-container\">\n\t\t\t<h2 class=\"elementor-heading-title elementor-size-default\">Why should a student choose your company?<\/h2>\t\t<\/div>\n\t\t\t\t<\/div>\n\t\t\t\t<div class=\"elementor-element elementor-element-2c58dda9 elementor-widget elementor-widget-text-editor\" data-id=\"2c58dda9\" data-element_type=\"widget\" data-widget_type=\"text-editor.default\">\n\t\t\t\t<div class=\"elementor-widget-container\">\n\t\t\t\t\t\t\t\t<div class=\"elementor-text-editor elementor-clearfix\">\n\t\t\t\t<p>While working at Veriff you can work together with motivated and ambitious people, who are here to solve a real issue in the world. You have the opportunity to grow inside of the company, develop your skill set and face new challenges. In addition to that Veriff offers a great bonus package, team events, and of course a wonderful team to work with.<\/p>\t\t\t\t\t<\/div>\n\t\t\t\t\t\t<\/div>\n\t\t\t\t<\/div>\n\t\t\t\t\t\t<\/div>\n\t\t\t\t\t<\/div>\n\t\t<\/div>\n\t\t\t\t\t\t\t\t<\/div>\n\t\t\t\t\t<\/div>\n\t\t<\/section>\n\t\t\t\t<section class=\"elementor-section elementor-top-section elementor-element elementor-element-42fba18 elementor-section-stretched elementor-hidden-desktop elementor-hidden-tablet elementor-section-height-min-height elementor-section-boxed elementor-section-height-default elementor-section-items-middle\" data-id=\"42fba18\" data-element_type=\"section\" data-settings=\"{&quot;stretch_section&quot;:&quot;section-stretched&quot;,&quot;background_background&quot;:&quot;gradient&quot;,&quot;shape_divider_top&quot;:&quot;curve-asymmetrical&quot;}\">\n\t\t\t\t\t<div class=\"elementor-shape elementor-shape-top\" data-negative=\"false\">\n\t\t\t<svg xmlns=\"http:\/\/www.w3.org\/2000\/svg\" viewbox=\"0 0 1000 100\" preserveaspectratio=\"none\">\n\t<path class=\"elementor-shape-fill\" d=\"M0,0c0,0,0,6,0,6.7c0,18,240.2,93.6,615.2,92.6C989.8,98.5,1000,25,1000,6.7c0-0.7,0-6.7,0-6.7H0z\"\/>\n<\/svg>\t\t<\/div>\n\t\t\t\t\t<div class=\"elementor-container elementor-column-gap-default\">\n\t\t\t\t\t\t\t<div class=\"elementor-row\">\n\t\t\t\t\t<div class=\"aux-parallax-section elementor-column elementor-col-100 elementor-top-column elementor-element elementor-element-4adb4540\" data-id=\"4adb4540\" data-element_type=\"column\">\n\t\t\t<div class=\"elementor-column-wrap elementor-element-populated\">\n\t\t\t\t\t\t\t<div class=\"elementor-widget-wrap\">\n\t\t\t\t\t\t<div class=\"elementor-element elementor-element-20635c76 elementor-widget elementor-widget-heading\" data-id=\"20635c76\" data-element_type=\"widget\" data-widget_type=\"heading.default\">\n\t\t\t\t<div class=\"elementor-widget-container\">\n\t\t\t<h2 class=\"elementor-heading-title elementor-size-default\">Contact<\/h2>\t\t<\/div>\n\t\t\t\t<\/div>\n\t\t\t\t<div class=\"elementor-element elementor-element-c481323 elementor-widget elementor-widget-text-editor\" data-id=\"c481323\" data-element_type=\"widget\" data-widget_type=\"text-editor.default\">\n\t\t\t\t<div class=\"elementor-widget-container\">\n\t\t\t\t\t\t\t\t<div class=\"elementor-text-editor elementor-clearfix\">\n\t\t\t\t<p>If you find something you like, we would love to talk to you at the career fair! If not, we would be happy to get in touch after you&#8217;ve applied via our jobs site: <a href=\"https:\/\/veriff.com\/careers\">https:\/\/veriff.com\/careers<\/a><\/p><p>Homepage: <a href=\"https:\/\/www.veriff.com\/\">https:\/\/www.veriff.com\/<\/a><\/p>\t\t\t\t\t<\/div>\n\t\t\t\t\t\t<\/div>\n\t\t\t\t<\/div>\n\t\t\t\t\t\t<\/div>\n\t\t\t\t\t<\/div>\n\t\t<\/div>\n\t\t\t\t\t\t\t\t<\/div>\n\t\t\t\t\t<\/div>\n\t\t<\/section>\n\t\t\t\t\t\t\t\t\t<\/div>\n\t\t\t<\/div>\n\t\t\t\t\t<\/div>","protected":false},"excerpt":{"rendered":"<p>Veriff O\u00dc Main field: INFORMATION TECHNOLOGY Other fields: Economy Contact If you find something you like, we would love to talk to you at the career fair! If not, we would be happy to get in touch after you&#8217;ve applied via our jobs site: https:\/\/veriff.com\/careers Homepage: https:\/\/www.veriff.com\/ Values Five keys to the Veriffian mind: 1. [&hellip;]<\/p>","protected":false},"author":1,"featured_media":0,"parent":0,"menu_order":0,"comment_status":"closed","ping_status":"closed","template":"","meta":[],"yoast_head":"<!-- This site is optimized with the Yoast SEO plugin v20.8 - https:\/\/yoast.com\/wordpress\/plugins\/seo\/ -->\n<title>Veriff O\u00dc \u2022 Information Technology - V\u00f5ti Tulevikku<\/title>\n<meta name=\"robots\" content=\"index, follow, max-snippet:-1, max-image-preview:large, max-video-preview:-1\" \/>\n<link rel=\"canonical\" href=\"https:\/\/www.vt.ee\/en\/veriff-ou\/\" \/>\n<meta property=\"og:locale\" content=\"en_US\" \/>\n<meta property=\"og:type\" content=\"article\" \/>\n<meta property=\"og:title\" content=\"Veriff O\u00dc \u2022 Information Technology - V\u00f5ti Tulevikku\" \/>\n<meta property=\"og:description\" content=\"Veriff O\u00dc Main field: INFORMATION TECHNOLOGY Other fields: Economy Contact If you find something you like, we would love to talk to you at the career fair! If not, we would be happy to get in touch after you&#8217;ve applied via our jobs site: https:\/\/veriff.com\/careers Homepage: https:\/\/www.veriff.com\/ Values Five keys to the Veriffian mind: 1. [&hellip;]\" \/>\n<meta property=\"og:url\" content=\"https:\/\/www.vt.ee\/en\/veriff-ou\/\" \/>\n<meta property=\"og:site_name\" content=\"V\u00f5ti Tulevikku\" \/>\n<meta property=\"article:publisher\" content=\"https:\/\/www.facebook.com\/VotiTulevikku\/\" \/>\n<meta property=\"article:modified_time\" content=\"2020-02-24T00:58:01+00:00\" \/>\n<meta property=\"og:image\" content=\"https:\/\/www.vt.ee\/wp-content\/uploads\/veriff-logo-300x300.png\" \/>\n<meta name=\"twitter:card\" content=\"summary_large_image\" \/>\n<meta name=\"twitter:label1\" content=\"Est. reading time\" \/>\n\t<meta name=\"twitter:data1\" content=\"2 minutes\" \/>\n<script type=\"application\/ld+json\" class=\"yoast-schema-graph\">{\"@context\":\"https:\/\/schema.org\",\"@graph\":[{\"@type\":\"WebPage\",\"@id\":\"https:\/\/www.vt.ee\/en\/veriff-ou\/\",\"url\":\"https:\/\/www.vt.ee\/en\/veriff-ou\/\",\"name\":\"Veriff O\u00dc \u2022 Information Technology - V\u00f5ti Tulevikku\",\"isPartOf\":{\"@id\":\"https:\/\/www.vt.ee\/#website\"},\"datePublished\":\"2020-02-24T00:54:30+00:00\",\"dateModified\":\"2020-02-24T00:58:01+00:00\",\"breadcrumb\":{\"@id\":\"https:\/\/www.vt.ee\/en\/veriff-ou\/#breadcrumb\"},\"inLanguage\":\"en-US\",\"potentialAction\":[{\"@type\":\"ReadAction\",\"target\":[\"https:\/\/www.vt.ee\/en\/veriff-ou\/\"]}]},{\"@type\":\"BreadcrumbList\",\"@id\":\"https:\/\/www.vt.ee\/en\/veriff-ou\/#breadcrumb\",\"itemListElement\":[{\"@type\":\"ListItem\",\"position\":1,\"name\":\"Home\",\"item\":\"https:\/\/www.vt.ee\/\"},{\"@type\":\"ListItem\",\"position\":2,\"name\":\"Veriff O\u00dc \u2022 Information Technology\"}]},{\"@type\":\"WebSite\",\"@id\":\"https:\/\/www.vt.ee\/#website\",\"url\":\"https:\/\/www.vt.ee\/\",\"name\":\"V\u00f5ti Tulevikku\",\"description\":\"Eesti suurim karj\u00e4\u00e4ri\u00fcritus, mis viib kokku tudengid ja ettev\u00f5tted.\",\"publisher\":{\"@id\":\"https:\/\/www.vt.ee\/#organization\"},\"potentialAction\":[{\"@type\":\"SearchAction\",\"target\":{\"@type\":\"EntryPoint\",\"urlTemplate\":\"https:\/\/www.vt.ee\/?s={search_term_string}\"},\"query-input\":\"required name=search_term_string\"}],\"inLanguage\":\"en-US\"},{\"@type\":\"Organization\",\"@id\":\"https:\/\/www.vt.ee\/#organization\",\"name\":\"V\u00f5ti Tulevikku\",\"url\":\"https:\/\/www.vt.ee\/\",\"logo\":{\"@type\":\"ImageObject\",\"inLanguage\":\"en-US\",\"@id\":\"https:\/\/www.vt.ee\/#\/schema\/logo\/image\/\",\"url\":\"https:\/\/www.vt.ee\/wp-content\/uploads\/veebilogo.png\",\"contentUrl\":\"https:\/\/www.vt.ee\/wp-content\/uploads\/veebilogo.png\",\"width\":750,\"height\":750,\"caption\":\"V\u00f5ti Tulevikku\"},\"image\":{\"@id\":\"https:\/\/www.vt.ee\/#\/schema\/logo\/image\/\"},\"sameAs\":[\"https:\/\/www.facebook.com\/VotiTulevikku\/\",\"https:\/\/www.instagram.com\/votitulevikku\/\",\"https:\/\/www.linkedin.com\/company\/vti-tulevikku\/\",\"https:\/\/www.youtube.com\/channel\/UCE3cFRB50dToVNcGsUANlrw\"]}]}<\/script>\n<!-- \/ Yoast SEO plugin. -->","yoast_head_json":{"title":"Veriff O\u00dc \u2022 Information Technology - V\u00f5ti Tulevikku","robots":{"index":"index","follow":"follow","max-snippet":"max-snippet:-1","max-image-preview":"max-image-preview:large","max-video-preview":"max-video-preview:-1"},"canonical":"https:\/\/www.vt.ee\/en\/veriff-ou\/","og_locale":"en_US","og_type":"article","og_title":"Veriff O\u00dc \u2022 Information Technology - V\u00f5ti Tulevikku","og_description":"Veriff O\u00dc Main field: INFORMATION TECHNOLOGY Other fields: Economy Contact If you find something you like, we would love to talk to you at the career fair! If not, we would be happy to get in touch after you&#8217;ve applied via our jobs site: https:\/\/veriff.com\/careers Homepage: https:\/\/www.veriff.com\/ Values Five keys to the Veriffian mind: 1. [&hellip;]","og_url":"https:\/\/www.vt.ee\/en\/veriff-ou\/","og_site_name":"V\u00f5ti Tulevikku","article_publisher":"https:\/\/www.facebook.com\/VotiTulevikku\/","article_modified_time":"2020-02-24T00:58:01+00:00","og_image":[{"url":"https:\/\/www.vt.ee\/wp-content\/uploads\/veriff-logo-300x300.png"}],"twitter_card":"summary_large_image","twitter_misc":{"Est. reading time":"2 minutes"},"schema":{"@context":"https:\/\/schema.org","@graph":[{"@type":"WebPage","@id":"https:\/\/www.vt.ee\/en\/veriff-ou\/","url":"https:\/\/www.vt.ee\/en\/veriff-ou\/","name":"Veriff O\u00dc \u2022 Information Technology - V\u00f5ti Tulevikku","isPartOf":{"@id":"https:\/\/www.vt.ee\/#website"},"datePublished":"2020-02-24T00:54:30+00:00","dateModified":"2020-02-24T00:58:01+00:00","breadcrumb":{"@id":"https:\/\/www.vt.ee\/en\/veriff-ou\/#breadcrumb"},"inLanguage":"en-US","potentialAction":[{"@type":"ReadAction","target":["https:\/\/www.vt.ee\/en\/veriff-ou\/"]}]},{"@type":"BreadcrumbList","@id":"https:\/\/www.vt.ee\/en\/veriff-ou\/#breadcrumb","itemListElement":[{"@type":"ListItem","position":1,"name":"Home","item":"https:\/\/www.vt.ee\/"},{"@type":"ListItem","position":2,"name":"Veriff O\u00dc \u2022 Information Technology"}]},{"@type":"WebSite","@id":"https:\/\/www.vt.ee\/#website","url":"https:\/\/www.vt.ee\/","name":"V\u00f5ti Tulevikku","description":"Eesti suurim karj\u00e4\u00e4ri\u00fcritus, mis viib kokku tudengid ja ettev\u00f5tted.","publisher":{"@id":"https:\/\/www.vt.ee\/#organization"},"potentialAction":[{"@type":"SearchAction","target":{"@type":"EntryPoint","urlTemplate":"https:\/\/www.vt.ee\/?s={search_term_string}"},"query-input":"required name=search_term_string"}],"inLanguage":"en-US"},{"@type":"Organization","@id":"https:\/\/www.vt.ee\/#organization","name":"V\u00f5ti Tulevikku","url":"https:\/\/www.vt.ee\/","logo":{"@type":"ImageObject","inLanguage":"en-US","@id":"https:\/\/www.vt.ee\/#\/schema\/logo\/image\/","url":"https:\/\/www.vt.ee\/wp-content\/uploads\/veebilogo.png","contentUrl":"https:\/\/www.vt.ee\/wp-content\/uploads\/veebilogo.png","width":750,"height":750,"caption":"V\u00f5ti Tulevikku"},"image":{"@id":"https:\/\/www.vt.ee\/#\/schema\/logo\/image\/"},"sameAs":["https:\/\/www.facebook.com\/VotiTulevikku\/","https:\/\/www.instagram.com\/votitulevikku\/","https:\/\/www.linkedin.com\/company\/vti-tulevikku\/","https:\/\/www.youtube.com\/channel\/UCE3cFRB50dToVNcGsUANlrw"]}]}},"guten_post_layout_featured_media_urls":{"full":false,"thumbnail":false,"medium":false,"medium_large":false,"large":false,"1536x1536":false,"2048x2048":false,"trp-custom-language-flag":false,"guten_post_layout_landscape_large":false,"guten_post_layout_portrait_large":false,"guten_post_layout_square_large":false,"guten_post_layout_landscape":false,"guten_post_layout_portrait":false,"guten_post_layout_square":false,"post-thumbnail":false,"menu-24x24":false,"menu-36x36":false,"menu-48x48":false},"_links":{"self":[{"href":"https:\/\/www.vt.ee\/en\/wp-json\/wp\/v2\/pages\/2777"}],"collection":[{"href":"https:\/\/www.vt.ee\/en\/wp-json\/wp\/v2\/pages"}],"about":[{"href":"https:\/\/www.vt.ee\/en\/wp-json\/wp\/v2\/types\/page"}],"author":[{"embeddable":true,"href":"https:\/\/www.vt.ee\/en\/wp-json\/wp\/v2\/users\/1"}],"replies":[{"embeddable":true,"href":"https:\/\/www.vt.ee\/en\/wp-json\/wp\/v2\/comments?post=2777"}],"version-history":[{"count":3,"href":"https:\/\/www.vt.ee\/en\/wp-json\/wp\/v2\/pages\/2777\/revisions"}],"predecessor-version":[{"id":2781,"href":"https:\/\/www.vt.ee\/en\/wp-json\/wp\/v2\/pages\/2777\/revisions\/2781"}],"wp:attachment":[{"href":"https:\/\/www.vt.ee\/en\/wp-json\/wp\/v2\/media?parent=2777"}],"curies":[{"name":"wp","href":"https:\/\/api.w.org\/{rel}","templated":true}]}}