{"id":3472,"date":"2021-01-04T15:05:54","date_gmt":"2021-01-04T13:05:54","guid":{"rendered":"https:\/\/www.vt.ee\/?page_id=3472"},"modified":"2021-01-04T15:13:21","modified_gmt":"2021-01-04T13:13:21","slug":"tele2-eesti-as-2021","status":"publish","type":"page","link":"https:\/\/www.vt.ee\/en\/tele2-eesti-as-2021\/","title":{"rendered":"Tele2 Eesti AS \u2022 Telekommunikatsioon \u2022 2021"},"content":{"rendered":"<div data-elementor-type=\"wp-page\" data-elementor-id=\"3472\" class=\"elementor elementor-3472\">\n\t\t\t\t\t\t<div class=\"elementor-inner\">\n\t\t\t\t<div class=\"elementor-section-wrap\">\n\t\t\t\t\t\t\t\t\t<section class=\"elementor-section elementor-top-section elementor-element elementor-element-16d7619 elementor-section-stretched elementor-section-height-min-height elementor-section-boxed elementor-section-height-default elementor-section-items-middle\" data-id=\"16d7619\" data-element_type=\"section\" data-settings=\"{&quot;stretch_section&quot;:&quot;section-stretched&quot;,&quot;background_background&quot;:&quot;gradient&quot;,&quot;shape_divider_bottom&quot;:&quot;curve-asymmetrical&quot;,&quot;shape_divider_bottom_negative&quot;:&quot;yes&quot;}\">\n\t\t\t\t\t<div class=\"elementor-shape elementor-shape-bottom\" data-negative=\"true\">\n\t\t\t<svg xmlns=\"http:\/\/www.w3.org\/2000\/svg\" viewbox=\"0 0 1000 100\" preserveaspectratio=\"none\">\n\t<path class=\"elementor-shape-fill\" d=\"M615.2,96.7C240.2,97.8,0,18.9,0,0v100h1000V0C1000,19.2,989.8,96,615.2,96.7z\"\/>\n<\/svg>\t\t<\/div>\n\t\t\t\t\t<div class=\"elementor-container elementor-column-gap-default\">\n\t\t\t\t\t\t\t<div class=\"elementor-row\">\n\t\t\t\t\t<div class=\"aux-parallax-section elementor-column elementor-col-50 elementor-top-column elementor-element elementor-element-4355b0f3\" data-id=\"4355b0f3\" data-element_type=\"column\">\n\t\t\t<div class=\"elementor-column-wrap elementor-element-populated\">\n\t\t\t\t\t\t\t<div class=\"elementor-widget-wrap\">\n\t\t\t\t\t\t<section class=\"elementor-section elementor-inner-section elementor-element elementor-element-4eda423d elementor-section-content-middle elementor-section-full_width elementor-section-height-default elementor-section-height-default\" data-id=\"4eda423d\" data-element_type=\"section\" data-settings=\"{&quot;background_background&quot;:&quot;classic&quot;}\">\n\t\t\t\t\t\t<div class=\"elementor-container elementor-column-gap-default\">\n\t\t\t\t\t\t\t<div class=\"elementor-row\">\n\t\t\t\t\t<div class=\"aux-parallax-section elementor-column elementor-col-50 elementor-inner-column elementor-element elementor-element-5f1b296e\" data-id=\"5f1b296e\" data-element_type=\"column\">\n\t\t\t<div class=\"elementor-column-wrap elementor-element-populated\">\n\t\t\t\t\t\t\t<div class=\"elementor-widget-wrap\">\n\t\t\t\t\t\t<div class=\"elementor-element elementor-element-3adf8f7c elementor-widget elementor-widget-image\" data-id=\"3adf8f7c\" data-element_type=\"widget\" data-widget_type=\"image.default\">\n\t\t\t\t<div class=\"elementor-widget-container\">\n\t\t\t\t\t\t\t\t<div class=\"elementor-image\">\n\t\t\t\t\t\t\t\t\t\t\t\t<img decoding=\"async\" width=\"300\" height=\"300\" src=\"https:\/\/www.vt.ee\/wp-content\/uploads\/tele2-logo-300x300.png\" class=\"attachment-medium size-medium wp-image-2353\" alt=\"\" loading=\"lazy\" srcset=\"https:\/\/www.vt.ee\/wp-content\/uploads\/tele2-logo-300x300.png 300w, https:\/\/www.vt.ee\/wp-content\/uploads\/tele2-logo-150x150.png 150w, https:\/\/www.vt.ee\/wp-content\/uploads\/tele2-logo.png 750w\" sizes=\"(max-width: 300px) 100vw, 300px\" \/>\t\t\t\t\t\t\t\t\t\t\t\t\t\t<\/div>\n\t\t\t\t\t\t<\/div>\n\t\t\t\t<\/div>\n\t\t\t\t\t\t<\/div>\n\t\t\t\t\t<\/div>\n\t\t<\/div>\n\t\t\t\t<div class=\"aux-parallax-section elementor-column elementor-col-50 elementor-inner-column elementor-element elementor-element-2354dba\" data-id=\"2354dba\" data-element_type=\"column\">\n\t\t\t<div class=\"elementor-column-wrap elementor-element-populated\">\n\t\t\t\t\t\t\t<div class=\"elementor-widget-wrap\">\n\t\t\t\t\t\t<div class=\"elementor-element elementor-element-2cd39da7 elementor-widget elementor-widget-heading\" data-id=\"2cd39da7\" data-element_type=\"widget\" data-widget_type=\"heading.default\">\n\t\t\t\t<div class=\"elementor-widget-container\">\n\t\t\t<h2 class=\"elementor-heading-title elementor-size-default\">Tele2 Eesti AS<\/h2>\t\t<\/div>\n\t\t\t\t<\/div>\n\t\t\t\t<div class=\"elementor-element elementor-element-7f42491c elementor-widget elementor-widget-text-editor\" data-id=\"7f42491c\" data-element_type=\"widget\" data-widget_type=\"text-editor.default\">\n\t\t\t\t<div class=\"elementor-widget-container\">\n\t\t\t\t\t\t\t\t<div class=\"elementor-text-editor elementor-clearfix\">\n\t\t\t\t<p>Main field: TELECOMMUNICATIONS<\/p>\t\t\t\t\t<\/div>\n\t\t\t\t\t\t<\/div>\n\t\t\t\t<\/div>\n\t\t\t\t<div class=\"elementor-element elementor-element-68872c90 elementor-widget elementor-widget-text-editor\" data-id=\"68872c90\" data-element_type=\"widget\" data-widget_type=\"text-editor.default\">\n\t\t\t\t<div class=\"elementor-widget-container\">\n\t\t\t\t\t\t\t\t<div class=\"elementor-text-editor elementor-clearfix\">\n\t\t\t\t<p>Other areas: Infotechnology, Economy<\/p>\t\t\t\t\t<\/div>\n\t\t\t\t\t\t<\/div>\n\t\t\t\t<\/div>\n\t\t\t\t\t\t<\/div>\n\t\t\t\t\t<\/div>\n\t\t<\/div>\n\t\t\t\t\t\t\t\t<\/div>\n\t\t\t\t\t<\/div>\n\t\t<\/section>\n\t\t\t\t\t\t<\/div>\n\t\t\t\t\t<\/div>\n\t\t<\/div>\n\t\t\t\t<div class=\"aux-parallax-section elementor-column elementor-col-50 elementor-top-column elementor-element elementor-element-f68a5ad elementor-hidden-phone\" data-id=\"f68a5ad\" data-element_type=\"column\">\n\t\t\t<div class=\"elementor-column-wrap elementor-element-populated\">\n\t\t\t\t\t\t\t<div class=\"elementor-widget-wrap\">\n\t\t\t\t\t\t<div class=\"elementor-element elementor-element-60c38f65 elementor-widget elementor-widget-heading\" data-id=\"60c38f65\" data-element_type=\"widget\" data-widget_type=\"heading.default\">\n\t\t\t\t<div class=\"elementor-widget-container\">\n\t\t\t<h2 class=\"elementor-heading-title elementor-size-default\">Contact<\/h2>\t\t<\/div>\n\t\t\t\t<\/div>\n\t\t\t\t<div class=\"elementor-element elementor-element-36073441 elementor-widget elementor-widget-text-editor\" data-id=\"36073441\" data-element_type=\"widget\" data-widget_type=\"text-editor.default\">\n\t\t\t\t<div class=\"elementor-widget-container\">\n\t\t\t\t\t\t\t\t<div class=\"elementor-text-editor elementor-clearfix\">\n\t\t\t\t<p>cv@tele2.ee<br \/>Tel: 550 5458<\/p><p>Home page: <a href=\"https:\/\/tele2.ee\/praktika\">tele2.ee\/praktika<\/a><\/p>\t\t\t\t\t<\/div>\n\t\t\t\t\t\t<\/div>\n\t\t\t\t<\/div>\n\t\t\t\t\t\t<\/div>\n\t\t\t\t\t<\/div>\n\t\t<\/div>\n\t\t\t\t\t\t\t\t<\/div>\n\t\t\t\t\t<\/div>\n\t\t<\/section>\n\t\t\t\t<section class=\"elementor-section elementor-top-section elementor-element elementor-element-1b1d876a elementor-section-stretched elementor-section-boxed elementor-section-height-default elementor-section-height-default\" data-id=\"1b1d876a\" data-element_type=\"section\" data-settings=\"{&quot;stretch_section&quot;:&quot;section-stretched&quot;}\">\n\t\t\t\t\t\t<div class=\"elementor-container elementor-column-gap-default\">\n\t\t\t\t\t\t\t<div class=\"elementor-row\">\n\t\t\t\t\t<div class=\"aux-parallax-section elementor-column elementor-col-100 elementor-top-column elementor-element elementor-element-5de06992\" data-id=\"5de06992\" data-element_type=\"column\">\n\t\t\t<div class=\"elementor-column-wrap elementor-element-populated\">\n\t\t\t\t\t\t\t<div class=\"elementor-widget-wrap\">\n\t\t\t\t\t\t<div class=\"elementor-element elementor-element-53682e01 elementor-widget elementor-widget-heading\" data-id=\"53682e01\" data-element_type=\"widget\" data-widget_type=\"heading.default\">\n\t\t\t\t<div class=\"elementor-widget-container\">\n\t\t\t<h2 class=\"elementor-heading-title elementor-size-default\">Company values<\/h2>\t\t<\/div>\n\t\t\t\t<\/div>\n\t\t\t\t<div class=\"elementor-element elementor-element-573dd3dc elementor-widget elementor-widget-text-editor\" data-id=\"573dd3dc\" data-element_type=\"widget\" data-widget_type=\"text-editor.default\">\n\t\t\t\t<div class=\"elementor-widget-container\">\n\t\t\t\t\t\t\t\t<div class=\"elementor-text-editor elementor-clearfix\">\n\t\t\t\t<p>Meie p\u00f5hit\u00f5ed.<\/p><ul><li><strong> Trust<\/strong>. Usaldus teeb k\u00f5ik v\u00f5imalikuks, kiiremaks, efektiivsemaks ja toob meist v\u00e4lja parima. Seet\u00f5ttu me v\u00f5tame ja anname vastutust.<\/li><li><strong>Passion<\/strong>. Kirg on energia, mis meid hommikul \u00e4ratab, mis meid toidab. See on sisemine p\u00f5lemine ja uudishimu, mis viib meid edasi.\u00a0<\/li><li><strong> Courage<\/strong>. Me julgeme otsustada, teadlikult riskida ja k\u00e4ituda teistmoodi. Ja muidugi me julgeme tunnistada vigu ja neist \u00f5ppida.<\/li><li><strong>Care<\/strong>. Me hoolime endast, kolleegidest, klientidest, \u00fcmbritsevast keskkonnast ja ressurssidest. Hoolime sellest, mida teeme ja kuidas elame!<\/li><\/ul>\t\t\t\t\t<\/div>\n\t\t\t\t\t\t<\/div>\n\t\t\t\t<\/div>\n\t\t\t\t<div class=\"elementor-element elementor-element-3d1d09c0 elementor-widget elementor-widget-heading\" data-id=\"3d1d09c0\" data-element_type=\"widget\" data-widget_type=\"heading.default\">\n\t\t\t\t<div class=\"elementor-widget-container\">\n\t\t\t<h2 class=\"elementor-heading-title elementor-size-default\">Vision<\/h2>\t\t<\/div>\n\t\t\t\t<\/div>\n\t\t\t\t<div class=\"elementor-element elementor-element-142c1249 elementor-widget elementor-widget-text-editor\" data-id=\"142c1249\" data-element_type=\"widget\" data-widget_type=\"text-editor.default\">\n\t\t\t\t<div class=\"elementor-widget-container\">\n\t\t\t\t\t\t\t\t<div class=\"elementor-text-editor elementor-clearfix\">\n\t\t\t\t<p>Meie visioon on muuta igap\u00e4evaelu lihtsamaks ja v\u00f5imalusterohkemaks. \u00dchendame turvaliselt inimesi, ettev\u00f5tteid ja seadmeid. Ja see on \u00e4ge.<\/p>\t\t\t\t\t<\/div>\n\t\t\t\t\t\t<\/div>\n\t\t\t\t<\/div>\n\t\t\t\t<div class=\"elementor-element elementor-element-57d8d942 elementor-widget elementor-widget-heading\" data-id=\"57d8d942\" data-element_type=\"widget\" data-widget_type=\"heading.default\">\n\t\t\t\t<div class=\"elementor-widget-container\">\n\t\t\t<h2 class=\"elementor-heading-title elementor-size-default\">Statistics<\/h2>\t\t<\/div>\n\t\t\t\t<\/div>\n\t\t\t\t<div class=\"elementor-element elementor-element-5ec4e01e elementor-widget elementor-widget-text-editor\" data-id=\"5ec4e01e\" data-element_type=\"widget\" data-widget_type=\"text-editor.default\">\n\t\t\t\t<div class=\"elementor-widget-container\">\n\t\t\t\t\t\t\t\t<div class=\"elementor-text-editor elementor-clearfix\">\n\t\t\t\t<p>Numbrid, numbrid, numbrid:<\/p><ul><li>Meid on kokku 357!<\/li><li>Meestele2lasi: 129<\/li><li>Naistele2lasi: 228<\/li><li>Keskmine tele2lase vanus: 34<\/li><li>K\u00f5ige populaarsem tele2lase nimi: Katrin<\/li><li>K\u00f5ige populaarsem s\u00fcnnip\u00e4evakuu: detsember<\/li><\/ul>\t\t\t\t\t<\/div>\n\t\t\t\t\t\t<\/div>\n\t\t\t\t<\/div>\n\t\t\t\t\t\t<\/div>\n\t\t\t\t\t<\/div>\n\t\t<\/div>\n\t\t\t\t<div class=\"aux-parallax-section elementor-column elementor-col-100 elementor-top-column elementor-element elementor-element-5c421691\" data-id=\"5c421691\" data-element_type=\"column\">\n\t\t\t<div class=\"elementor-column-wrap elementor-element-populated\">\n\t\t\t\t\t\t\t<div class=\"elementor-widget-wrap\">\n\t\t\t\t\t\t<div class=\"elementor-element elementor-element-14a16428 elementor-widget elementor-widget-heading\" data-id=\"14a16428\" data-element_type=\"widget\" data-widget_type=\"heading.default\">\n\t\t\t\t<div class=\"elementor-widget-container\">\n\t\t\t<h2 class=\"elementor-heading-title elementor-size-default\">Job and internship opportunities<\/h2>\t\t<\/div>\n\t\t\t\t<\/div>\n\t\t\t\t<div class=\"elementor-element elementor-element-694cfdb elementor-widget elementor-widget-text-editor\" data-id=\"694cfdb\" data-element_type=\"widget\" data-widget_type=\"text-editor.default\">\n\t\t\t\t<div class=\"elementor-widget-container\">\n\t\t\t\t\t\t\t\t<div class=\"elementor-text-editor elementor-clearfix\">\n\t\t\t\t<p>\u00c4ra lepi status quoga.\u00a0<\/p><p>Tule Tele2-te. Tele2 pakub ka sellel aastal ainulaadseid praktikav\u00f5imalusi p\u00f5hjusega m\u00e4ssajatele. Tahad t\u00f5endeid, kas ikka on teistmoodi? Siit saad lugeda eelmise suve praktikantide lugusid. <br \/>Uuri l\u00e4hemalt <a href=\"https:\/\/tele2.ee\/praktika\">SIIT<\/a><\/p>\t\t\t\t\t<\/div>\n\t\t\t\t\t\t<\/div>\n\t\t\t\t<\/div>\n\t\t\t\t<div class=\"elementor-element elementor-element-79325ca5 elementor-widget elementor-widget-heading\" data-id=\"79325ca5\" data-element_type=\"widget\" data-widget_type=\"heading.default\">\n\t\t\t\t<div class=\"elementor-widget-container\">\n\t\t\t<h2 class=\"elementor-heading-title elementor-size-default\">Why should students come to your company for an internship or a job?<\/h2>\t\t<\/div>\n\t\t\t\t<\/div>\n\t\t\t\t<div class=\"elementor-element elementor-element-d9446ea elementor-widget elementor-widget-text-editor\" data-id=\"d9446ea\" data-element_type=\"widget\" data-widget_type=\"text-editor.default\">\n\t\t\t\t<div class=\"elementor-widget-container\">\n\t\t\t\t\t\t\t\t<div class=\"elementor-text-editor elementor-clearfix\">\n\t\t\t\t<p>Argumendid ja pr\u00e4\u00e4nikud:<\/p><ul><li>Toetav meeskond. Tele2 peres oled v\u00f5rdne meeskonnaliige ning meie Sulle piire ei sea. Lisaks on Sul juhendaja, kes Sind terve praktikaperioodi v\u00e4ltel toetab ja kellega p\u00fcstitad selged eesm\u00e4rgid.<\/li><li>\u00dchis\u00fcritused. Me treenime k\u00f5hulihaseid igap\u00e4evase naeruga, toidame adrenaliinivajadust enneolematute v\u00e4ljakutsete \u00fcletamisega ning t\u00e4histame t\u00f6\u00f6v\u00f5ite meeleolukate \u00fchis\u00fcritustega.<\/li><li>Karj\u00e4\u00e4ri h\u00fcppelaud. Praktika meie juures on heaks h\u00fcppelauaks Sinu karj\u00e4\u00e4rile, sest annab v\u00f5imaluse osaleda vastutusrikastes projektides ning kasutada enda potentsiaali mitmek\u00fclgselt.<\/li><li>Lubame, et s\u00f5na \u201eigav\u201c unustad Sa meiega koos olles \u00e4ra!<\/li><\/ul>\t\t\t\t\t<\/div>\n\t\t\t\t\t\t<\/div>\n\t\t\t\t<\/div>\n\t\t\t\t\t\t<\/div>\n\t\t\t\t\t<\/div>\n\t\t<\/div>\n\t\t\t\t\t\t\t\t<\/div>\n\t\t\t\t\t<\/div>\n\t\t<\/section>\n\t\t\t\t<section class=\"elementor-section elementor-top-section elementor-element elementor-element-cf9dfc elementor-section-stretched elementor-hidden-desktop elementor-hidden-tablet elementor-section-height-min-height elementor-section-boxed elementor-section-height-default elementor-section-items-middle\" data-id=\"cf9dfc\" data-element_type=\"section\" data-settings=\"{&quot;stretch_section&quot;:&quot;section-stretched&quot;,&quot;background_background&quot;:&quot;gradient&quot;,&quot;shape_divider_top&quot;:&quot;curve-asymmetrical&quot;}\">\n\t\t\t\t\t<div class=\"elementor-shape elementor-shape-top\" data-negative=\"false\">\n\t\t\t<svg xmlns=\"http:\/\/www.w3.org\/2000\/svg\" viewbox=\"0 0 1000 100\" preserveaspectratio=\"none\">\n\t<path class=\"elementor-shape-fill\" d=\"M0,0c0,0,0,6,0,6.7c0,18,240.2,93.6,615.2,92.6C989.8,98.5,1000,25,1000,6.7c0-0.7,0-6.7,0-6.7H0z\"\/>\n<\/svg>\t\t<\/div>\n\t\t\t\t\t<div class=\"elementor-container elementor-column-gap-default\">\n\t\t\t\t\t\t\t<div class=\"elementor-row\">\n\t\t\t\t\t<div class=\"aux-parallax-section elementor-column elementor-col-100 elementor-top-column elementor-element elementor-element-76ae6309\" data-id=\"76ae6309\" data-element_type=\"column\">\n\t\t\t<div class=\"elementor-column-wrap elementor-element-populated\">\n\t\t\t\t\t\t\t<div class=\"elementor-widget-wrap\">\n\t\t\t\t\t\t<div class=\"elementor-element elementor-element-492885a4 elementor-widget elementor-widget-heading\" data-id=\"492885a4\" data-element_type=\"widget\" data-widget_type=\"heading.default\">\n\t\t\t\t<div class=\"elementor-widget-container\">\n\t\t\t<h2 class=\"elementor-heading-title elementor-size-default\">Contact<\/h2>\t\t<\/div>\n\t\t\t\t<\/div>\n\t\t\t\t<div class=\"elementor-element elementor-element-95ac3dc elementor-widget elementor-widget-text-editor\" data-id=\"95ac3dc\" data-element_type=\"widget\" data-widget_type=\"text-editor.default\">\n\t\t\t\t<div class=\"elementor-widget-container\">\n\t\t\t\t\t\t\t\t<div class=\"elementor-text-editor elementor-clearfix\">\n\t\t\t\t<p>cv@tele2.ee<br \/>Tel: 550 5458<\/p><p>Home page: <a href=\"https:\/\/tele2.ee\/praktika\">tele2.ee\/praktika<\/a><\/p>\t\t\t\t\t<\/div>\n\t\t\t\t\t\t<\/div>\n\t\t\t\t<\/div>\n\t\t\t\t\t\t<\/div>\n\t\t\t\t\t<\/div>\n\t\t<\/div>\n\t\t\t\t\t\t\t\t<\/div>\n\t\t\t\t\t<\/div>\n\t\t<\/section>\n\t\t\t\t\t\t\t\t\t<\/div>\n\t\t\t<\/div>\n\t\t\t\t\t<\/div>","protected":false},"excerpt":{"rendered":"<p>Tele2 Eesti AS P\u00f5hivaldkond: TELEKOMMUNIKATSIOON Muud valdkonnad: Infotehnoloogia, Majandus Kontakt cv@tele2.eeTel: 550 5458 Koduleht: tele2.ee\/praktika Ettev\u00f5tte v\u00e4\u00e4rtused Meie p\u00f5hit\u00f5ed. Usaldus. Usaldus teeb k\u00f5ik v\u00f5imalikuks, kiiremaks, efektiivsemaks ja toob meist v\u00e4lja parima. Seet\u00f5ttu me v\u00f5tame ja anname vastutust. Kirg. Kirg on energia, mis meid hommikul \u00e4ratab, mis meid toidab. See on sisemine p\u00f5lemine ja uudishimu, mis [&hellip;]<\/p>","protected":false},"author":1,"featured_media":0,"parent":0,"menu_order":0,"comment_status":"closed","ping_status":"closed","template":"","meta":[],"yoast_head":"<!-- This site is optimized with the Yoast SEO plugin v20.8 - https:\/\/yoast.com\/wordpress\/plugins\/seo\/ -->\n<title>Tele2 Eesti AS \u2022 Telekommunikatsioon \u2022 2021 - V\u00f5ti Tulevikku<\/title>\n<meta name=\"robots\" content=\"index, follow, max-snippet:-1, max-image-preview:large, max-video-preview:-1\" \/>\n<link rel=\"canonical\" href=\"https:\/\/www.vt.ee\/en\/tele2-eesti-as-2021\/\" \/>\n<meta property=\"og:locale\" content=\"en_US\" \/>\n<meta property=\"og:type\" content=\"article\" \/>\n<meta property=\"og:title\" content=\"Tele2 Eesti AS \u2022 Telekommunikatsioon \u2022 2021 - V\u00f5ti Tulevikku\" \/>\n<meta property=\"og:description\" content=\"Tele2 Eesti AS P\u00f5hivaldkond: TELEKOMMUNIKATSIOON Muud valdkonnad: Infotehnoloogia, Majandus Kontakt cv@tele2.eeTel: 550 5458 Koduleht: tele2.ee\/praktika Ettev\u00f5tte v\u00e4\u00e4rtused Meie p\u00f5hit\u00f5ed. Usaldus. Usaldus teeb k\u00f5ik v\u00f5imalikuks, kiiremaks, efektiivsemaks ja toob meist v\u00e4lja parima. Seet\u00f5ttu me v\u00f5tame ja anname vastutust. Kirg. Kirg on energia, mis meid hommikul \u00e4ratab, mis meid toidab. See on sisemine p\u00f5lemine ja uudishimu, mis [&hellip;]\" \/>\n<meta property=\"og:url\" content=\"https:\/\/www.vt.ee\/en\/tele2-eesti-as-2021\/\" \/>\n<meta property=\"og:site_name\" content=\"V\u00f5ti Tulevikku\" \/>\n<meta property=\"article:publisher\" content=\"https:\/\/www.facebook.com\/VotiTulevikku\/\" \/>\n<meta property=\"article:modified_time\" content=\"2021-01-04T13:13:21+00:00\" \/>\n<meta property=\"og:image\" content=\"https:\/\/www.vt.ee\/wp-content\/uploads\/tele2-logo-300x300.png\" \/>\n<meta name=\"twitter:card\" content=\"summary_large_image\" \/>\n<meta name=\"twitter:label1\" content=\"Est. reading time\" \/>\n\t<meta name=\"twitter:data1\" content=\"2 minutes\" \/>\n<script type=\"application\/ld+json\" class=\"yoast-schema-graph\">{\"@context\":\"https:\/\/schema.org\",\"@graph\":[{\"@type\":\"WebPage\",\"@id\":\"https:\/\/www.vt.ee\/tele2-eesti-as-2021\/\",\"url\":\"https:\/\/www.vt.ee\/tele2-eesti-as-2021\/\",\"name\":\"Tele2 Eesti AS \u2022 Telekommunikatsioon \u2022 2021 - V\u00f5ti Tulevikku\",\"isPartOf\":{\"@id\":\"https:\/\/www.vt.ee\/#website\"},\"datePublished\":\"2021-01-04T13:05:54+00:00\",\"dateModified\":\"2021-01-04T13:13:21+00:00\",\"breadcrumb\":{\"@id\":\"https:\/\/www.vt.ee\/tele2-eesti-as-2021\/#breadcrumb\"},\"inLanguage\":\"en-US\",\"potentialAction\":[{\"@type\":\"ReadAction\",\"target\":[\"https:\/\/www.vt.ee\/tele2-eesti-as-2021\/\"]}]},{\"@type\":\"BreadcrumbList\",\"@id\":\"https:\/\/www.vt.ee\/tele2-eesti-as-2021\/#breadcrumb\",\"itemListElement\":[{\"@type\":\"ListItem\",\"position\":1,\"name\":\"Home\",\"item\":\"https:\/\/www.vt.ee\/\"},{\"@type\":\"ListItem\",\"position\":2,\"name\":\"Tele2 Eesti AS \u2022 Telekommunikatsioon \u2022 2021\"}]},{\"@type\":\"WebSite\",\"@id\":\"https:\/\/www.vt.ee\/#website\",\"url\":\"https:\/\/www.vt.ee\/\",\"name\":\"V\u00f5ti Tulevikku\",\"description\":\"Eesti suurim karj\u00e4\u00e4ri\u00fcritus, mis viib kokku tudengid ja ettev\u00f5tted.\",\"publisher\":{\"@id\":\"https:\/\/www.vt.ee\/#organization\"},\"potentialAction\":[{\"@type\":\"SearchAction\",\"target\":{\"@type\":\"EntryPoint\",\"urlTemplate\":\"https:\/\/www.vt.ee\/?s={search_term_string}\"},\"query-input\":\"required name=search_term_string\"}],\"inLanguage\":\"en-US\"},{\"@type\":\"Organization\",\"@id\":\"https:\/\/www.vt.ee\/#organization\",\"name\":\"V\u00f5ti Tulevikku\",\"url\":\"https:\/\/www.vt.ee\/\",\"logo\":{\"@type\":\"ImageObject\",\"inLanguage\":\"en-US\",\"@id\":\"https:\/\/www.vt.ee\/#\/schema\/logo\/image\/\",\"url\":\"https:\/\/www.vt.ee\/wp-content\/uploads\/veebilogo.png\",\"contentUrl\":\"https:\/\/www.vt.ee\/wp-content\/uploads\/veebilogo.png\",\"width\":750,\"height\":750,\"caption\":\"V\u00f5ti Tulevikku\"},\"image\":{\"@id\":\"https:\/\/www.vt.ee\/#\/schema\/logo\/image\/\"},\"sameAs\":[\"https:\/\/www.facebook.com\/VotiTulevikku\/\",\"https:\/\/www.instagram.com\/votitulevikku\/\",\"https:\/\/www.linkedin.com\/company\/vti-tulevikku\/\",\"https:\/\/www.youtube.com\/channel\/UCE3cFRB50dToVNcGsUANlrw\"]}]}<\/script>\n<!-- \/ Yoast SEO plugin. -->","yoast_head_json":{"title":"Tele2 Eesti AS \u2022 Telekommunikatsioon \u2022 2021 - V\u00f5ti Tulevikku","robots":{"index":"index","follow":"follow","max-snippet":"max-snippet:-1","max-image-preview":"max-image-preview:large","max-video-preview":"max-video-preview:-1"},"canonical":"https:\/\/www.vt.ee\/en\/tele2-eesti-as-2021\/","og_locale":"en_US","og_type":"article","og_title":"Tele2 Eesti AS \u2022 Telekommunikatsioon \u2022 2021 - V\u00f5ti Tulevikku","og_description":"Tele2 Eesti AS P\u00f5hivaldkond: TELEKOMMUNIKATSIOON Muud valdkonnad: Infotehnoloogia, Majandus Kontakt cv@tele2.eeTel: 550 5458 Koduleht: tele2.ee\/praktika Ettev\u00f5tte v\u00e4\u00e4rtused Meie p\u00f5hit\u00f5ed. Usaldus. Usaldus teeb k\u00f5ik v\u00f5imalikuks, kiiremaks, efektiivsemaks ja toob meist v\u00e4lja parima. Seet\u00f5ttu me v\u00f5tame ja anname vastutust. Kirg. Kirg on energia, mis meid hommikul \u00e4ratab, mis meid toidab. See on sisemine p\u00f5lemine ja uudishimu, mis [&hellip;]","og_url":"https:\/\/www.vt.ee\/en\/tele2-eesti-as-2021\/","og_site_name":"V\u00f5ti Tulevikku","article_publisher":"https:\/\/www.facebook.com\/VotiTulevikku\/","article_modified_time":"2021-01-04T13:13:21+00:00","og_image":[{"url":"https:\/\/www.vt.ee\/wp-content\/uploads\/tele2-logo-300x300.png"}],"twitter_card":"summary_large_image","twitter_misc":{"Est. reading time":"2 minutes"},"schema":{"@context":"https:\/\/schema.org","@graph":[{"@type":"WebPage","@id":"https:\/\/www.vt.ee\/tele2-eesti-as-2021\/","url":"https:\/\/www.vt.ee\/tele2-eesti-as-2021\/","name":"Tele2 Eesti AS \u2022 Telekommunikatsioon \u2022 2021 - V\u00f5ti Tulevikku","isPartOf":{"@id":"https:\/\/www.vt.ee\/#website"},"datePublished":"2021-01-04T13:05:54+00:00","dateModified":"2021-01-04T13:13:21+00:00","breadcrumb":{"@id":"https:\/\/www.vt.ee\/tele2-eesti-as-2021\/#breadcrumb"},"inLanguage":"en-US","potentialAction":[{"@type":"ReadAction","target":["https:\/\/www.vt.ee\/tele2-eesti-as-2021\/"]}]},{"@type":"BreadcrumbList","@id":"https:\/\/www.vt.ee\/tele2-eesti-as-2021\/#breadcrumb","itemListElement":[{"@type":"ListItem","position":1,"name":"Home","item":"https:\/\/www.vt.ee\/"},{"@type":"ListItem","position":2,"name":"Tele2 Eesti AS \u2022 Telekommunikatsioon \u2022 2021"}]},{"@type":"WebSite","@id":"https:\/\/www.vt.ee\/#website","url":"https:\/\/www.vt.ee\/","name":"V\u00f5ti Tulevikku","description":"Eesti suurim karj\u00e4\u00e4ri\u00fcritus, mis viib kokku tudengid ja ettev\u00f5tted.","publisher":{"@id":"https:\/\/www.vt.ee\/#organization"},"potentialAction":[{"@type":"SearchAction","target":{"@type":"EntryPoint","urlTemplate":"https:\/\/www.vt.ee\/?s={search_term_string}"},"query-input":"required name=search_term_string"}],"inLanguage":"en-US"},{"@type":"Organization","@id":"https:\/\/www.vt.ee\/#organization","name":"V\u00f5ti Tulevikku","url":"https:\/\/www.vt.ee\/","logo":{"@type":"ImageObject","inLanguage":"en-US","@id":"https:\/\/www.vt.ee\/#\/schema\/logo\/image\/","url":"https:\/\/www.vt.ee\/wp-content\/uploads\/veebilogo.png","contentUrl":"https:\/\/www.vt.ee\/wp-content\/uploads\/veebilogo.png","width":750,"height":750,"caption":"V\u00f5ti Tulevikku"},"image":{"@id":"https:\/\/www.vt.ee\/#\/schema\/logo\/image\/"},"sameAs":["https:\/\/www.facebook.com\/VotiTulevikku\/","https:\/\/www.instagram.com\/votitulevikku\/","https:\/\/www.linkedin.com\/company\/vti-tulevikku\/","https:\/\/www.youtube.com\/channel\/UCE3cFRB50dToVNcGsUANlrw"]}]}},"guten_post_layout_featured_media_urls":{"full":false,"thumbnail":false,"medium":false,"medium_large":false,"large":false,"1536x1536":false,"2048x2048":false,"trp-custom-language-flag":false,"guten_post_layout_landscape_large":false,"guten_post_layout_portrait_large":false,"guten_post_layout_square_large":false,"guten_post_layout_landscape":false,"guten_post_layout_portrait":false,"guten_post_layout_square":false,"post-thumbnail":false,"menu-24x24":false,"menu-36x36":false,"menu-48x48":false},"_links":{"self":[{"href":"https:\/\/www.vt.ee\/en\/wp-json\/wp\/v2\/pages\/3472"}],"collection":[{"href":"https:\/\/www.vt.ee\/en\/wp-json\/wp\/v2\/pages"}],"about":[{"href":"https:\/\/www.vt.ee\/en\/wp-json\/wp\/v2\/types\/page"}],"author":[{"embeddable":true,"href":"https:\/\/www.vt.ee\/en\/wp-json\/wp\/v2\/users\/1"}],"replies":[{"embeddable":true,"href":"https:\/\/www.vt.ee\/en\/wp-json\/wp\/v2\/comments?post=3472"}],"version-history":[{"count":3,"href":"https:\/\/www.vt.ee\/en\/wp-json\/wp\/v2\/pages\/3472\/revisions"}],"predecessor-version":[{"id":3475,"href":"https:\/\/www.vt.ee\/en\/wp-json\/wp\/v2\/pages\/3472\/revisions\/3475"}],"wp:attachment":[{"href":"https:\/\/www.vt.ee\/en\/wp-json\/wp\/v2\/media?parent=3472"}],"curies":[{"name":"wp","href":"https:\/\/api.w.org\/{rel}","templated":true}]}}