{"id":4000,"date":"2021-02-26T10:22:55","date_gmt":"2021-02-26T08:22:55","guid":{"rendered":"https:\/\/www.vt.ee\/?page_id=4000"},"modified":"2021-02-26T11:20:38","modified_gmt":"2021-02-26T09:20:38","slug":"projektiburoo-ou-2021","status":"publish","type":"page","link":"https:\/\/www.vt.ee\/en\/projektiburoo-ou-2021\/","title":{"rendered":"Projektib\u00fcroo O\u00dc \u2022 Ehitus \u2022 2021"},"content":{"rendered":"<div data-elementor-type=\"wp-page\" data-elementor-id=\"4000\" class=\"elementor elementor-4000\">\n\t\t\t\t\t\t<div class=\"elementor-inner\">\n\t\t\t\t<div class=\"elementor-section-wrap\">\n\t\t\t\t\t\t\t\t\t<section class=\"elementor-section elementor-top-section elementor-element elementor-element-50516e82 elementor-section-stretched elementor-section-height-min-height elementor-section-boxed elementor-section-height-default elementor-section-items-middle\" data-id=\"50516e82\" data-element_type=\"section\" data-settings=\"{&quot;stretch_section&quot;:&quot;section-stretched&quot;,&quot;background_background&quot;:&quot;gradient&quot;,&quot;shape_divider_bottom&quot;:&quot;curve-asymmetrical&quot;,&quot;shape_divider_bottom_negative&quot;:&quot;yes&quot;}\">\n\t\t\t\t\t<div class=\"elementor-shape elementor-shape-bottom\" data-negative=\"true\">\n\t\t\t<svg xmlns=\"http:\/\/www.w3.org\/2000\/svg\" viewbox=\"0 0 1000 100\" preserveaspectratio=\"none\">\n\t<path class=\"elementor-shape-fill\" d=\"M615.2,96.7C240.2,97.8,0,18.9,0,0v100h1000V0C1000,19.2,989.8,96,615.2,96.7z\"\/>\n<\/svg>\t\t<\/div>\n\t\t\t\t\t<div class=\"elementor-container elementor-column-gap-default\">\n\t\t\t\t\t\t\t<div class=\"elementor-row\">\n\t\t\t\t\t<div class=\"aux-parallax-section elementor-column elementor-col-50 elementor-top-column elementor-element elementor-element-3f16d4d7\" data-id=\"3f16d4d7\" data-element_type=\"column\">\n\t\t\t<div class=\"elementor-column-wrap elementor-element-populated\">\n\t\t\t\t\t\t\t<div class=\"elementor-widget-wrap\">\n\t\t\t\t\t\t<section class=\"elementor-section elementor-inner-section elementor-element elementor-element-586fcc36 elementor-section-content-middle elementor-section-full_width elementor-section-height-default elementor-section-height-default\" data-id=\"586fcc36\" data-element_type=\"section\" data-settings=\"{&quot;background_background&quot;:&quot;classic&quot;}\">\n\t\t\t\t\t\t<div class=\"elementor-container elementor-column-gap-default\">\n\t\t\t\t\t\t\t<div class=\"elementor-row\">\n\t\t\t\t\t<div class=\"aux-parallax-section elementor-column elementor-col-50 elementor-inner-column elementor-element elementor-element-7e7794e7\" data-id=\"7e7794e7\" data-element_type=\"column\">\n\t\t\t<div class=\"elementor-column-wrap elementor-element-populated\">\n\t\t\t\t\t\t\t<div class=\"elementor-widget-wrap\">\n\t\t\t\t\t\t<div class=\"elementor-element elementor-element-60da7fa3 elementor-widget elementor-widget-image\" data-id=\"60da7fa3\" data-element_type=\"widget\" data-widget_type=\"image.default\">\n\t\t\t\t<div class=\"elementor-widget-container\">\n\t\t\t\t\t\t\t\t<div class=\"elementor-image\">\n\t\t\t\t\t\t\t\t\t\t\t\t<img decoding=\"async\" width=\"300\" height=\"300\" src=\"https:\/\/www.vt.ee\/wp-content\/uploads\/projektib\u00fcroo-300x300.jpg\" class=\"attachment-medium size-medium wp-image-4002\" alt=\"\" loading=\"lazy\" srcset=\"https:\/\/www.vt.ee\/wp-content\/uploads\/projektib\u00fcroo-300x300.jpg 300w, https:\/\/www.vt.ee\/wp-content\/uploads\/projektib\u00fcroo-150x150.jpg 150w, https:\/\/www.vt.ee\/wp-content\/uploads\/projektib\u00fcroo.jpg 750w\" sizes=\"(max-width: 300px) 100vw, 300px\" \/>\t\t\t\t\t\t\t\t\t\t\t\t\t\t<\/div>\n\t\t\t\t\t\t<\/div>\n\t\t\t\t<\/div>\n\t\t\t\t\t\t<\/div>\n\t\t\t\t\t<\/div>\n\t\t<\/div>\n\t\t\t\t<div class=\"aux-parallax-section elementor-column elementor-col-50 elementor-inner-column elementor-element elementor-element-1fb7cce2\" data-id=\"1fb7cce2\" data-element_type=\"column\">\n\t\t\t<div class=\"elementor-column-wrap elementor-element-populated\">\n\t\t\t\t\t\t\t<div class=\"elementor-widget-wrap\">\n\t\t\t\t\t\t<div class=\"elementor-element elementor-element-2f818714 elementor-widget elementor-widget-heading\" data-id=\"2f818714\" data-element_type=\"widget\" data-widget_type=\"heading.default\">\n\t\t\t\t<div class=\"elementor-widget-container\">\n\t\t\t<h2 class=\"elementor-heading-title elementor-size-default\">Projektib\u00fcroo O\u00dc<\/h2>\t\t<\/div>\n\t\t\t\t<\/div>\n\t\t\t\t<div class=\"elementor-element elementor-element-431115b5 elementor-widget elementor-widget-text-editor\" data-id=\"431115b5\" data-element_type=\"widget\" data-widget_type=\"text-editor.default\">\n\t\t\t\t<div class=\"elementor-widget-container\">\n\t\t\t\t\t\t\t\t<div class=\"elementor-text-editor elementor-clearfix\">\n\t\t\t\t<p>Main field: CONSTRUCTION<\/p>\t\t\t\t\t<\/div>\n\t\t\t\t\t\t<\/div>\n\t\t\t\t<\/div>\n\t\t\t\t<div class=\"elementor-element elementor-element-66dcf97f elementor-widget elementor-widget-text-editor\" data-id=\"66dcf97f\" data-element_type=\"widget\" data-widget_type=\"text-editor.default\">\n\t\t\t\t<div class=\"elementor-widget-container\">\n\t\t\t\t\t\t\t\t<div class=\"elementor-text-editor elementor-clearfix\">\n\t\t\t\t<p>Muud valdkonnad: Projekteerimine<\/p>\t\t\t\t\t<\/div>\n\t\t\t\t\t\t<\/div>\n\t\t\t\t<\/div>\n\t\t\t\t\t\t<\/div>\n\t\t\t\t\t<\/div>\n\t\t<\/div>\n\t\t\t\t\t\t\t\t<\/div>\n\t\t\t\t\t<\/div>\n\t\t<\/section>\n\t\t\t\t\t\t<\/div>\n\t\t\t\t\t<\/div>\n\t\t<\/div>\n\t\t\t\t<div class=\"aux-parallax-section elementor-column elementor-col-50 elementor-top-column elementor-element elementor-element-6bc1cf92 elementor-hidden-phone\" data-id=\"6bc1cf92\" data-element_type=\"column\">\n\t\t\t<div class=\"elementor-column-wrap elementor-element-populated\">\n\t\t\t\t\t\t\t<div class=\"elementor-widget-wrap\">\n\t\t\t\t\t\t<div class=\"elementor-element elementor-element-6fb6a5e elementor-widget elementor-widget-heading\" data-id=\"6fb6a5e\" data-element_type=\"widget\" data-widget_type=\"heading.default\">\n\t\t\t\t<div class=\"elementor-widget-container\">\n\t\t\t<h2 class=\"elementor-heading-title elementor-size-default\">Contact<\/h2>\t\t<\/div>\n\t\t\t\t<\/div>\n\t\t\t\t<div class=\"elementor-element elementor-element-4c215620 elementor-widget elementor-widget-text-editor\" data-id=\"4c215620\" data-element_type=\"widget\" data-widget_type=\"text-editor.default\">\n\t\t\t\t<div class=\"elementor-widget-container\">\n\t\t\t\t\t\t\t\t<div class=\"elementor-text-editor elementor-clearfix\">\n\t\t\t\t<p>Harju maakond, Tallinn, Kesklinna linnaosa, Vana-L\u00f5una tn 39a-12, 10134 Registrikood: 14426010<br \/>Personalijuht: Gerly Roosmets <br \/>tel: +372 53 092 924 <br \/>e-mail: gerly@projektiburoo.ee<\/p><p>Home page: <a href=\"https:\/\/www.projektiburoo.ee\/et\">www.projektiburoo.ee\/et<\/a><\/p>\t\t\t\t\t<\/div>\n\t\t\t\t\t\t<\/div>\n\t\t\t\t<\/div>\n\t\t\t\t\t\t<\/div>\n\t\t\t\t\t<\/div>\n\t\t<\/div>\n\t\t\t\t\t\t\t\t<\/div>\n\t\t\t\t\t<\/div>\n\t\t<\/section>\n\t\t\t\t<section class=\"elementor-section elementor-top-section elementor-element elementor-element-2d5ca708 elementor-section-stretched elementor-section-boxed elementor-section-height-default elementor-section-height-default\" data-id=\"2d5ca708\" data-element_type=\"section\" data-settings=\"{&quot;stretch_section&quot;:&quot;section-stretched&quot;}\">\n\t\t\t\t\t\t<div class=\"elementor-container elementor-column-gap-default\">\n\t\t\t\t\t\t\t<div class=\"elementor-row\">\n\t\t\t\t\t<div class=\"aux-parallax-section elementor-column elementor-col-100 elementor-top-column elementor-element elementor-element-6add46b8\" data-id=\"6add46b8\" data-element_type=\"column\">\n\t\t\t<div class=\"elementor-column-wrap elementor-element-populated\">\n\t\t\t\t\t\t\t<div class=\"elementor-widget-wrap\">\n\t\t\t\t\t\t<div class=\"elementor-element elementor-element-a6c4f87 elementor-widget elementor-widget-heading\" data-id=\"a6c4f87\" data-element_type=\"widget\" data-widget_type=\"heading.default\">\n\t\t\t\t<div class=\"elementor-widget-container\">\n\t\t\t<h2 class=\"elementor-heading-title elementor-size-default\">Company values<\/h2>\t\t<\/div>\n\t\t\t\t<\/div>\n\t\t\t\t<div class=\"elementor-element elementor-element-475391e3 elementor-widget elementor-widget-text-editor\" data-id=\"475391e3\" data-element_type=\"widget\" data-widget_type=\"text-editor.default\">\n\t\t\t\t<div class=\"elementor-widget-container\">\n\t\t\t\t\t\t\t\t<div class=\"elementor-text-editor elementor-clearfix\">\n\t\t\t\t<p>Projekteerimine n\u00f5uab kogemusi, t\u00e4psust ning teotahet. Oleme oma meeskonna kokku liitnud just neid p\u00f5him\u00f5tteid silmas pidades. Suurte kogemustega spetsialistid on meie raudvara, kes panevad paika t\u00f6\u00f6de p\u00f5hisuunad ning teostavad ranget kvaliteedikontrolli. Nende ekspertide k\u00e4e all kasvavad noored suure teotahtega insenerid, kelle lennukad ideed aitavad \u00fcheks liita traditsioonilised lahendused ning innovaatilised ideed. Just kogenud tegijate asjatundlikkus, t\u00e4psus ja organiseeritus ning uue p\u00f5lvkonna initsiatiivikus ja loovus moodustavad ettev\u00f5tte p\u00f5hiv\u00e4\u00e4rtused.<\/p>\t\t\t\t\t<\/div>\n\t\t\t\t\t\t<\/div>\n\t\t\t\t<\/div>\n\t\t\t\t<div class=\"elementor-element elementor-element-50d25106 elementor-widget elementor-widget-heading\" data-id=\"50d25106\" data-element_type=\"widget\" data-widget_type=\"heading.default\">\n\t\t\t\t<div class=\"elementor-widget-container\">\n\t\t\t<h2 class=\"elementor-heading-title elementor-size-default\">Vision<\/h2>\t\t<\/div>\n\t\t\t\t<\/div>\n\t\t\t\t<div class=\"elementor-element elementor-element-69946677 elementor-widget elementor-widget-text-editor\" data-id=\"69946677\" data-element_type=\"widget\" data-widget_type=\"text-editor.default\">\n\t\t\t\t<div class=\"elementor-widget-container\">\n\t\t\t\t\t\t\t\t<div class=\"elementor-text-editor elementor-clearfix\">\n\t\t\t\t<p>Meie missioon on luua inimeste jaoks paremat elukeskkonda: rakendame nutikaid ja silmapaistvaid lahendusi tulevaste hoonete kujundamisel. Meie eesm\u00e4rgiks on anda inimestele turva- ja kindlustunne, et nende hooned on kontrollitud ja ohutud ning vastavad k\u00f5igile \u00f5igusaktidele.<\/p>\t\t\t\t\t<\/div>\n\t\t\t\t\t\t<\/div>\n\t\t\t\t<\/div>\n\t\t\t\t<div class=\"elementor-element elementor-element-195999e4 elementor-widget elementor-widget-heading\" data-id=\"195999e4\" data-element_type=\"widget\" data-widget_type=\"heading.default\">\n\t\t\t\t<div class=\"elementor-widget-container\">\n\t\t\t<h2 class=\"elementor-heading-title elementor-size-default\">Statistics<\/h2>\t\t<\/div>\n\t\t\t\t<\/div>\n\t\t\t\t<div class=\"elementor-element elementor-element-74d54035 elementor-widget elementor-widget-text-editor\" data-id=\"74d54035\" data-element_type=\"widget\" data-widget_type=\"text-editor.default\">\n\t\t\t\t<div class=\"elementor-widget-container\">\n\t\t\t\t\t\t\t\t<div class=\"elementor-text-editor elementor-clearfix\">\n\t\t\t\t<ul><li>Meid on t\u00e4na kokku 24 tegusat kolleegi. On arhitektid, projekteerijad, konstruktorid jt. ametite esindajad;<\/li><li>09.veebruar 2021 t\u00e4histasime oma s\u00fcnnip\u00e4eva, saime 3aastaseks.<\/li><li>2019 aastal jooksul v\u00e4ljastati Projektib\u00fcroo abil \u00fcle 250 kasutusloa.<\/li><li>Oleme projekteerinud mitmeid avalikke hooneid<\/li><\/ul>\t\t\t\t\t<\/div>\n\t\t\t\t\t\t<\/div>\n\t\t\t\t<\/div>\n\t\t\t\t\t\t<\/div>\n\t\t\t\t\t<\/div>\n\t\t<\/div>\n\t\t\t\t<div class=\"aux-parallax-section elementor-column elementor-col-100 elementor-top-column elementor-element elementor-element-443072e6\" data-id=\"443072e6\" data-element_type=\"column\">\n\t\t\t<div class=\"elementor-column-wrap elementor-element-populated\">\n\t\t\t\t\t\t\t<div class=\"elementor-widget-wrap\">\n\t\t\t\t\t\t<div class=\"elementor-element elementor-element-36a5524 elementor-widget elementor-widget-heading\" data-id=\"36a5524\" data-element_type=\"widget\" data-widget_type=\"heading.default\">\n\t\t\t\t<div class=\"elementor-widget-container\">\n\t\t\t<h2 class=\"elementor-heading-title elementor-size-default\">Job and internship opportunities<\/h2>\t\t<\/div>\n\t\t\t\t<\/div>\n\t\t\t\t<div class=\"elementor-element elementor-element-5e6b9fb elementor-widget elementor-widget-text-editor\" data-id=\"5e6b9fb\" data-element_type=\"widget\" data-widget_type=\"text-editor.default\">\n\t\t\t\t<div class=\"elementor-widget-container\">\n\t\t\t\t\t\t\t\t<div class=\"elementor-text-editor elementor-clearfix\">\n\t\t\t\t<p>Projekteerijad, joonestajad, arhitektid, projekteerimise projektijuhid, ehitusinsenerid ning k\u00fctte, ventilatsiooni ja jahutuse insenerid.<\/p>\t\t\t\t\t<\/div>\n\t\t\t\t\t\t<\/div>\n\t\t\t\t<\/div>\n\t\t\t\t<div class=\"elementor-element elementor-element-75d65c73 elementor-widget elementor-widget-heading\" data-id=\"75d65c73\" data-element_type=\"widget\" data-widget_type=\"heading.default\">\n\t\t\t\t<div class=\"elementor-widget-container\">\n\t\t\t<h2 class=\"elementor-heading-title elementor-size-default\">Why should students come to your company for an internship or a job?<\/h2>\t\t<\/div>\n\t\t\t\t<\/div>\n\t\t\t\t<div class=\"elementor-element elementor-element-77a55994 elementor-widget elementor-widget-text-editor\" data-id=\"77a55994\" data-element_type=\"widget\" data-widget_type=\"text-editor.default\">\n\t\t\t\t<div class=\"elementor-widget-container\">\n\t\t\t\t\t\t\t\t<div class=\"elementor-text-editor elementor-clearfix\">\n\t\t\t\t<p>Meie juures saad Sa kogu projekteerimise protsessist tervik\u00fclevaate ning olla kaasatud erinevatesse tegevustesse, millega me t\u00e4na ettev\u00f5ttes tegeleme. Sul on v\u00f5imalus kasvada ja areneda koos ettev\u00f5ttega, n\u00e4idates \u00fclesse oma huvi ja initsiatiivi, on k\u00f5ik v\u00f5imalik. Meie kolleegideks on alati oodatud \u00f5ppurid ka otse koolipingist. Meil toimib h\u00e4sti mentorlus. Kogenumate kolleegide toel ja n\u00f5ul saad areneda ja kasvada oma erialal. Pakume Sulle ka erialaseid koolitusi ja arenemisv\u00f5imalust.<\/p>\t\t\t\t\t<\/div>\n\t\t\t\t\t\t<\/div>\n\t\t\t\t<\/div>\n\t\t\t\t\t\t<\/div>\n\t\t\t\t\t<\/div>\n\t\t<\/div>\n\t\t\t\t\t\t\t\t<\/div>\n\t\t\t\t\t<\/div>\n\t\t<\/section>\n\t\t\t\t<section class=\"elementor-section elementor-top-section elementor-element elementor-element-20d4f1b0 elementor-section-stretched elementor-hidden-desktop elementor-hidden-tablet elementor-section-height-min-height elementor-section-boxed elementor-section-height-default elementor-section-items-middle\" data-id=\"20d4f1b0\" data-element_type=\"section\" data-settings=\"{&quot;stretch_section&quot;:&quot;section-stretched&quot;,&quot;background_background&quot;:&quot;gradient&quot;,&quot;shape_divider_top&quot;:&quot;curve-asymmetrical&quot;}\">\n\t\t\t\t\t<div class=\"elementor-shape elementor-shape-top\" data-negative=\"false\">\n\t\t\t<svg xmlns=\"http:\/\/www.w3.org\/2000\/svg\" viewbox=\"0 0 1000 100\" preserveaspectratio=\"none\">\n\t<path class=\"elementor-shape-fill\" d=\"M0,0c0,0,0,6,0,6.7c0,18,240.2,93.6,615.2,92.6C989.8,98.5,1000,25,1000,6.7c0-0.7,0-6.7,0-6.7H0z\"\/>\n<\/svg>\t\t<\/div>\n\t\t\t\t\t<div class=\"elementor-container elementor-column-gap-default\">\n\t\t\t\t\t\t\t<div class=\"elementor-row\">\n\t\t\t\t\t<div class=\"aux-parallax-section elementor-column elementor-col-100 elementor-top-column elementor-element elementor-element-60449ec\" data-id=\"60449ec\" data-element_type=\"column\">\n\t\t\t<div class=\"elementor-column-wrap elementor-element-populated\">\n\t\t\t\t\t\t\t<div class=\"elementor-widget-wrap\">\n\t\t\t\t\t\t<div class=\"elementor-element elementor-element-1a20ca53 elementor-widget elementor-widget-heading\" data-id=\"1a20ca53\" data-element_type=\"widget\" data-widget_type=\"heading.default\">\n\t\t\t\t<div class=\"elementor-widget-container\">\n\t\t\t<h2 class=\"elementor-heading-title elementor-size-default\">Contact<\/h2>\t\t<\/div>\n\t\t\t\t<\/div>\n\t\t\t\t<div class=\"elementor-element elementor-element-2b0c2645 elementor-widget elementor-widget-text-editor\" data-id=\"2b0c2645\" data-element_type=\"widget\" data-widget_type=\"text-editor.default\">\n\t\t\t\t<div class=\"elementor-widget-container\">\n\t\t\t\t\t\t\t\t<div class=\"elementor-text-editor elementor-clearfix\">\n\t\t\t\t<p>Harju maakond, Tallinn, Kesklinna linnaosa, Vana-L\u00f5una tn 39a-12, 10134 Registrikood: 14426010<br \/>Personalijuht: Gerly Roosmets <br \/>tel: +372 53 092 924 <br \/>e-mail: gerly@projektiburoo.ee<\/p><p>Home page: <a href=\"https:\/\/www.projektiburoo.ee\/et\">www.projektiburoo.ee\/et<\/a><\/p>\t\t\t\t\t<\/div>\n\t\t\t\t\t\t<\/div>\n\t\t\t\t<\/div>\n\t\t\t\t\t\t<\/div>\n\t\t\t\t\t<\/div>\n\t\t<\/div>\n\t\t\t\t\t\t\t\t<\/div>\n\t\t\t\t\t<\/div>\n\t\t<\/section>\n\t\t\t\t\t\t\t\t\t<\/div>\n\t\t\t<\/div>\n\t\t\t\t\t<\/div>","protected":false},"excerpt":{"rendered":"<p>Projektib\u00fcroo O\u00dc P\u00f5hivaldkond: EHITUS Muud valdkonnad: Projekteerimine Kontakt Harju maakond, Tallinn, Kesklinna linnaosa, Vana-L\u00f5una tn 39a-12, 10134 Registrikood: 14426010Personalijuht: Gerly Roosmets tel: +372 53 092 924 e-mail: gerly@projektiburoo.ee Koduleht: www.projektiburoo.ee\/et Ettev\u00f5tte v\u00e4\u00e4rtused Projekteerimine n\u00f5uab kogemusi, t\u00e4psust ning teotahet. Oleme oma meeskonna kokku liitnud just neid p\u00f5him\u00f5tteid silmas pidades. Suurte kogemustega spetsialistid on meie raudvara, kes [&hellip;]<\/p>","protected":false},"author":1,"featured_media":0,"parent":0,"menu_order":0,"comment_status":"closed","ping_status":"closed","template":"","meta":[],"yoast_head":"<!-- This site is optimized with the Yoast SEO plugin v20.8 - https:\/\/yoast.com\/wordpress\/plugins\/seo\/ -->\n<title>Projektib\u00fcroo O\u00dc \u2022 Ehitus \u2022 2021 - V\u00f5ti Tulevikku<\/title>\n<meta name=\"robots\" content=\"index, follow, max-snippet:-1, max-image-preview:large, max-video-preview:-1\" \/>\n<link rel=\"canonical\" href=\"https:\/\/www.vt.ee\/en\/projektiburoo-ou-2021\/\" \/>\n<meta property=\"og:locale\" content=\"en_US\" \/>\n<meta property=\"og:type\" content=\"article\" \/>\n<meta property=\"og:title\" content=\"Projektib\u00fcroo O\u00dc \u2022 Ehitus \u2022 2021 - V\u00f5ti Tulevikku\" \/>\n<meta property=\"og:description\" content=\"Projektib\u00fcroo O\u00dc P\u00f5hivaldkond: EHITUS Muud valdkonnad: Projekteerimine Kontakt Harju maakond, Tallinn, Kesklinna linnaosa, Vana-L\u00f5una tn 39a-12, 10134 Registrikood: 14426010Personalijuht: Gerly Roosmets tel: +372 53 092 924 e-mail: gerly@projektiburoo.ee Koduleht: www.projektiburoo.ee\/et Ettev\u00f5tte v\u00e4\u00e4rtused Projekteerimine n\u00f5uab kogemusi, t\u00e4psust ning teotahet. Oleme oma meeskonna kokku liitnud just neid p\u00f5him\u00f5tteid silmas pidades. Suurte kogemustega spetsialistid on meie raudvara, kes [&hellip;]\" \/>\n<meta property=\"og:url\" content=\"https:\/\/www.vt.ee\/en\/projektiburoo-ou-2021\/\" \/>\n<meta property=\"og:site_name\" content=\"V\u00f5ti Tulevikku\" \/>\n<meta property=\"article:publisher\" content=\"https:\/\/www.facebook.com\/VotiTulevikku\/\" \/>\n<meta property=\"article:modified_time\" content=\"2021-02-26T09:20:38+00:00\" \/>\n<meta name=\"twitter:card\" content=\"summary_large_image\" \/>\n<meta name=\"twitter:label1\" content=\"Est. reading time\" \/>\n\t<meta name=\"twitter:data1\" content=\"2 minutes\" \/>\n<script type=\"application\/ld+json\" class=\"yoast-schema-graph\">{\"@context\":\"https:\/\/schema.org\",\"@graph\":[{\"@type\":\"WebPage\",\"@id\":\"https:\/\/www.vt.ee\/en\/projektiburoo-ou-2021\/\",\"url\":\"https:\/\/www.vt.ee\/en\/projektiburoo-ou-2021\/\",\"name\":\"Projektib\u00fcroo O\u00dc \u2022 Ehitus \u2022 2021 - V\u00f5ti Tulevikku\",\"isPartOf\":{\"@id\":\"https:\/\/www.vt.ee\/#website\"},\"datePublished\":\"2021-02-26T08:22:55+00:00\",\"dateModified\":\"2021-02-26T09:20:38+00:00\",\"breadcrumb\":{\"@id\":\"https:\/\/www.vt.ee\/en\/projektiburoo-ou-2021\/#breadcrumb\"},\"inLanguage\":\"en-US\",\"potentialAction\":[{\"@type\":\"ReadAction\",\"target\":[\"https:\/\/www.vt.ee\/en\/projektiburoo-ou-2021\/\"]}]},{\"@type\":\"BreadcrumbList\",\"@id\":\"https:\/\/www.vt.ee\/en\/projektiburoo-ou-2021\/#breadcrumb\",\"itemListElement\":[{\"@type\":\"ListItem\",\"position\":1,\"name\":\"Home\",\"item\":\"https:\/\/www.vt.ee\/\"},{\"@type\":\"ListItem\",\"position\":2,\"name\":\"Projektib\u00fcroo O\u00dc \u2022 Ehitus \u2022 2021\"}]},{\"@type\":\"WebSite\",\"@id\":\"https:\/\/www.vt.ee\/#website\",\"url\":\"https:\/\/www.vt.ee\/\",\"name\":\"V\u00f5ti Tulevikku\",\"description\":\"Eesti suurim karj\u00e4\u00e4ri\u00fcritus, mis viib kokku tudengid ja ettev\u00f5tted.\",\"publisher\":{\"@id\":\"https:\/\/www.vt.ee\/#organization\"},\"potentialAction\":[{\"@type\":\"SearchAction\",\"target\":{\"@type\":\"EntryPoint\",\"urlTemplate\":\"https:\/\/www.vt.ee\/?s={search_term_string}\"},\"query-input\":\"required name=search_term_string\"}],\"inLanguage\":\"en-US\"},{\"@type\":\"Organization\",\"@id\":\"https:\/\/www.vt.ee\/#organization\",\"name\":\"V\u00f5ti Tulevikku\",\"url\":\"https:\/\/www.vt.ee\/\",\"logo\":{\"@type\":\"ImageObject\",\"inLanguage\":\"en-US\",\"@id\":\"https:\/\/www.vt.ee\/#\/schema\/logo\/image\/\",\"url\":\"https:\/\/www.vt.ee\/wp-content\/uploads\/veebilogo.png\",\"contentUrl\":\"https:\/\/www.vt.ee\/wp-content\/uploads\/veebilogo.png\",\"width\":750,\"height\":750,\"caption\":\"V\u00f5ti Tulevikku\"},\"image\":{\"@id\":\"https:\/\/www.vt.ee\/#\/schema\/logo\/image\/\"},\"sameAs\":[\"https:\/\/www.facebook.com\/VotiTulevikku\/\",\"https:\/\/www.instagram.com\/votitulevikku\/\",\"https:\/\/www.linkedin.com\/company\/vti-tulevikku\/\",\"https:\/\/www.youtube.com\/channel\/UCE3cFRB50dToVNcGsUANlrw\"]}]}<\/script>\n<!-- \/ Yoast SEO plugin. -->","yoast_head_json":{"title":"Projektib\u00fcroo O\u00dc \u2022 Ehitus \u2022 2021 - V\u00f5ti Tulevikku","robots":{"index":"index","follow":"follow","max-snippet":"max-snippet:-1","max-image-preview":"max-image-preview:large","max-video-preview":"max-video-preview:-1"},"canonical":"https:\/\/www.vt.ee\/en\/projektiburoo-ou-2021\/","og_locale":"en_US","og_type":"article","og_title":"Projektib\u00fcroo O\u00dc \u2022 Ehitus \u2022 2021 - V\u00f5ti Tulevikku","og_description":"Projektib\u00fcroo O\u00dc P\u00f5hivaldkond: EHITUS Muud valdkonnad: Projekteerimine Kontakt Harju maakond, Tallinn, Kesklinna linnaosa, Vana-L\u00f5una tn 39a-12, 10134 Registrikood: 14426010Personalijuht: Gerly Roosmets tel: +372 53 092 924 e-mail: gerly@projektiburoo.ee Koduleht: www.projektiburoo.ee\/et Ettev\u00f5tte v\u00e4\u00e4rtused Projekteerimine n\u00f5uab kogemusi, t\u00e4psust ning teotahet. Oleme oma meeskonna kokku liitnud just neid p\u00f5him\u00f5tteid silmas pidades. Suurte kogemustega spetsialistid on meie raudvara, kes [&hellip;]","og_url":"https:\/\/www.vt.ee\/en\/projektiburoo-ou-2021\/","og_site_name":"V\u00f5ti Tulevikku","article_publisher":"https:\/\/www.facebook.com\/VotiTulevikku\/","article_modified_time":"2021-02-26T09:20:38+00:00","twitter_card":"summary_large_image","twitter_misc":{"Est. reading time":"2 minutes"},"schema":{"@context":"https:\/\/schema.org","@graph":[{"@type":"WebPage","@id":"https:\/\/www.vt.ee\/en\/projektiburoo-ou-2021\/","url":"https:\/\/www.vt.ee\/en\/projektiburoo-ou-2021\/","name":"Projektib\u00fcroo O\u00dc \u2022 Ehitus \u2022 2021 - V\u00f5ti Tulevikku","isPartOf":{"@id":"https:\/\/www.vt.ee\/#website"},"datePublished":"2021-02-26T08:22:55+00:00","dateModified":"2021-02-26T09:20:38+00:00","breadcrumb":{"@id":"https:\/\/www.vt.ee\/en\/projektiburoo-ou-2021\/#breadcrumb"},"inLanguage":"en-US","potentialAction":[{"@type":"ReadAction","target":["https:\/\/www.vt.ee\/en\/projektiburoo-ou-2021\/"]}]},{"@type":"BreadcrumbList","@id":"https:\/\/www.vt.ee\/en\/projektiburoo-ou-2021\/#breadcrumb","itemListElement":[{"@type":"ListItem","position":1,"name":"Home","item":"https:\/\/www.vt.ee\/"},{"@type":"ListItem","position":2,"name":"Projektib\u00fcroo O\u00dc \u2022 Ehitus \u2022 2021"}]},{"@type":"WebSite","@id":"https:\/\/www.vt.ee\/#website","url":"https:\/\/www.vt.ee\/","name":"V\u00f5ti Tulevikku","description":"Eesti suurim karj\u00e4\u00e4ri\u00fcritus, mis viib kokku tudengid ja ettev\u00f5tted.","publisher":{"@id":"https:\/\/www.vt.ee\/#organization"},"potentialAction":[{"@type":"SearchAction","target":{"@type":"EntryPoint","urlTemplate":"https:\/\/www.vt.ee\/?s={search_term_string}"},"query-input":"required name=search_term_string"}],"inLanguage":"en-US"},{"@type":"Organization","@id":"https:\/\/www.vt.ee\/#organization","name":"V\u00f5ti Tulevikku","url":"https:\/\/www.vt.ee\/","logo":{"@type":"ImageObject","inLanguage":"en-US","@id":"https:\/\/www.vt.ee\/#\/schema\/logo\/image\/","url":"https:\/\/www.vt.ee\/wp-content\/uploads\/veebilogo.png","contentUrl":"https:\/\/www.vt.ee\/wp-content\/uploads\/veebilogo.png","width":750,"height":750,"caption":"V\u00f5ti Tulevikku"},"image":{"@id":"https:\/\/www.vt.ee\/#\/schema\/logo\/image\/"},"sameAs":["https:\/\/www.facebook.com\/VotiTulevikku\/","https:\/\/www.instagram.com\/votitulevikku\/","https:\/\/www.linkedin.com\/company\/vti-tulevikku\/","https:\/\/www.youtube.com\/channel\/UCE3cFRB50dToVNcGsUANlrw"]}]}},"guten_post_layout_featured_media_urls":{"full":false,"thumbnail":false,"medium":false,"medium_large":false,"large":false,"1536x1536":false,"2048x2048":false,"trp-custom-language-flag":false,"guten_post_layout_landscape_large":false,"guten_post_layout_portrait_large":false,"guten_post_layout_square_large":false,"guten_post_layout_landscape":false,"guten_post_layout_portrait":false,"guten_post_layout_square":false,"post-thumbnail":false,"menu-24x24":false,"menu-36x36":false,"menu-48x48":false},"_links":{"self":[{"href":"https:\/\/www.vt.ee\/en\/wp-json\/wp\/v2\/pages\/4000"}],"collection":[{"href":"https:\/\/www.vt.ee\/en\/wp-json\/wp\/v2\/pages"}],"about":[{"href":"https:\/\/www.vt.ee\/en\/wp-json\/wp\/v2\/types\/page"}],"author":[{"embeddable":true,"href":"https:\/\/www.vt.ee\/en\/wp-json\/wp\/v2\/users\/1"}],"replies":[{"embeddable":true,"href":"https:\/\/www.vt.ee\/en\/wp-json\/wp\/v2\/comments?post=4000"}],"version-history":[{"count":4,"href":"https:\/\/www.vt.ee\/en\/wp-json\/wp\/v2\/pages\/4000\/revisions"}],"predecessor-version":[{"id":4029,"href":"https:\/\/www.vt.ee\/en\/wp-json\/wp\/v2\/pages\/4000\/revisions\/4029"}],"wp:attachment":[{"href":"https:\/\/www.vt.ee\/en\/wp-json\/wp\/v2\/media?parent=4000"}],"curies":[{"name":"wp","href":"https:\/\/api.w.org\/{rel}","templated":true}]}}