{"id":8376,"date":"2024-02-21T17:41:20","date_gmt":"2024-02-21T15:41:20","guid":{"rendered":"https:\/\/www.vt.ee\/?page_id=8376"},"modified":"2024-02-26T05:18:27","modified_gmt":"2024-02-26T03:18:27","slug":"ettevottekulastused-ja-toovarjupaevad","status":"publish","type":"page","link":"https:\/\/www.vt.ee\/en\/ettevottekulastused-ja-toovarjupaevad\/","title":{"rendered":"Ettev\u00f5ttek\u00fclastused ja t\u00f6\u00f6varjup\u00e4evad"},"content":{"rendered":"<div data-elementor-type=\"wp-page\" data-elementor-id=\"8376\" class=\"elementor elementor-8376\">\n\t\t\t\t\t\t<div class=\"elementor-inner\">\n\t\t\t\t<div class=\"elementor-section-wrap\">\n\t\t\t\t\t\t\t\t\t<section class=\"elementor-section elementor-top-section elementor-element elementor-element-4ec9d908 elementor-section-boxed elementor-section-height-default elementor-section-height-default\" data-id=\"4ec9d908\" data-element_type=\"section\" data-settings=\"{&quot;background_background&quot;:&quot;classic&quot;}\">\n\t\t\t\t\t\t\t<div class=\"elementor-background-overlay\"><\/div>\n\t\t\t\t\t\t\t<div class=\"elementor-container elementor-column-gap-default\">\n\t\t\t\t\t\t\t<div class=\"elementor-row\">\n\t\t\t\t\t<div class=\"aux-parallax-section elementor-column elementor-col-100 elementor-top-column elementor-element elementor-element-91a92fb\" data-id=\"91a92fb\" data-element_type=\"column\" data-settings=\"{&quot;background_background&quot;:&quot;slideshow&quot;,&quot;background_slideshow_gallery&quot;:[],&quot;background_slideshow_slide_duration&quot;:5000,&quot;background_slideshow_slide_transition&quot;:&quot;fade&quot;,&quot;background_slideshow_transition_duration&quot;:500}\">\n\t\t\t<div class=\"elementor-column-wrap elementor-element-populated\">\n\t\t\t\t\t\t\t<div class=\"elementor-widget-wrap\">\n\t\t\t\t\t\t<div class=\"elementor-element elementor-element-bbf8040 elementor-widget-divider--view-line_text elementor-widget-divider--element-align-center elementor-widget elementor-widget-divider\" data-id=\"bbf8040\" data-element_type=\"widget\" data-widget_type=\"divider.default\">\n\t\t\t\t<div class=\"elementor-widget-container\">\n\t\t\t\t\t<div class=\"elementor-divider\">\n\t\t\t<span class=\"elementor-divider-separator\">\n\t\t\t\t\t\t\t<span class=\"elementor-divider__text elementor-divider__element\">\n\t\t\t\tCOMPANY VISITS\t\t\t\t<\/span>\n\t\t\t\t\t\t<\/span>\n\t\t<\/div>\n\t\t\t\t<\/div>\n\t\t\t\t<\/div>\n\t\t\t\t<div class=\"elementor-element elementor-element-cba178b elementor-widget elementor-widget-heading\" data-id=\"cba178b\" data-element_type=\"widget\" data-widget_type=\"heading.default\">\n\t\t\t\t<div class=\"elementor-widget-container\">\n\t\t\t<h2 class=\"elementor-heading-title elementor-size-medium\"><p style=\"font-size: 22px;\">As part of the Career Event Key to the Future 2024, you have the opportunity to visit companies from various fields. During the visits, you will get acquainted in more detail with the company, its employees, and their tasks. In addition, information about available internships and job positions will be discussed.  <span style=\"font-family: var( --e-global-typography-primary-font-family ), Sans-serif; font-size: 19px; font-weight: var( --e-global-typography-primary-font-weight ); letter-spacing: 0px;\"><\/span><\/p><\/h2>\t\t<\/div>\n\t\t\t\t<\/div>\n\t\t\t\t<section class=\"elementor-section elementor-inner-section elementor-element elementor-element-a611197 elementor-section-boxed elementor-section-height-default elementor-section-height-default\" data-id=\"a611197\" data-element_type=\"section\">\n\t\t\t\t\t\t<div class=\"elementor-container elementor-column-gap-default\">\n\t\t\t\t\t\t\t<div class=\"elementor-row\">\n\t\t\t\t\t<div class=\"aux-parallax-section elementor-column elementor-col-100 elementor-inner-column elementor-element elementor-element-51c94b1\" data-id=\"51c94b1\" data-element_type=\"column\">\n\t\t\t<div class=\"elementor-column-wrap elementor-element-populated\">\n\t\t\t\t\t\t\t<div class=\"elementor-widget-wrap\">\n\t\t\t\t\t\t<div class=\"elementor-element elementor-element-7bb3210 elementor-align-justify elementor-widget__width-initial elementor-widget elementor-widget-button\" data-id=\"7bb3210\" data-element_type=\"widget\" data-widget_type=\"button.default\">\n\t\t\t\t<div class=\"elementor-widget-container\">\n\t\t\t\t\t<div class=\"elementor-button-wrapper\">\n\t\t\t<a href=\"https:\/\/forms.gle\/WeX3j6rNP4oRDw8j9\" class=\"elementor-button-link elementor-button elementor-size-xl\" role=\"button\">\n\t\t\t\t\t\t<span class=\"elementor-button-content-wrapper\">\n\t\t\t\t\t\t<span class=\"elementor-button-text\">REGISTER HERE<\/span>\n\t\t<\/span>\n\t\t\t\t\t<\/a>\n\t\t<\/div>\n\t\t\t\t<\/div>\n\t\t\t\t<\/div>\n\t\t\t\t\t\t<\/div>\n\t\t\t\t\t<\/div>\n\t\t<\/div>\n\t\t\t\t\t\t\t\t<\/div>\n\t\t\t\t\t<\/div>\n\t\t<\/section>\n\t\t\t\t<div class=\"elementor-element elementor-element-4e99c63 elementor-widget-divider--view-line_text elementor-widget-divider--element-align-center elementor-widget elementor-widget-divider\" data-id=\"4e99c63\" data-element_type=\"widget\" data-widget_type=\"divider.default\">\n\t\t\t\t<div class=\"elementor-widget-container\">\n\t\t\t\t\t<div class=\"elementor-divider\">\n\t\t\t<span class=\"elementor-divider-separator\">\n\t\t\t\t\t\t\t<span class=\"elementor-divider__text elementor-divider__element\">\n\t\t\t\tJOB SHADOWING DAYS\t\t\t\t<\/span>\n\t\t\t\t\t\t<\/span>\n\t\t<\/div>\n\t\t\t\t<\/div>\n\t\t\t\t<\/div>\n\t\t\t\t<div class=\"elementor-element elementor-element-749905c elementor-widget elementor-widget-heading\" data-id=\"749905c\" data-element_type=\"widget\" data-widget_type=\"heading.default\">\n\t\t\t\t<div class=\"elementor-widget-container\">\n\t\t\t<h2 class=\"elementor-heading-title elementor-size-default\"><p style=\"font-size: 22px;\">Job Shadowing Day provides the opportunity to learn more about a specific job position, as the student spends the entire day with an employee of the company (the person being shadowed). Throughout the day, the student becomes familiar with the tasks and the nature of the daily work of the person being shadowed. The company determines which job positions and how many students will be taken for shadowing.<\/p><\/h2>\t\t<\/div>\n\t\t\t\t<\/div>\n\t\t\t\t<section class=\"elementor-section elementor-inner-section elementor-element elementor-element-ddff889 elementor-section-boxed elementor-section-height-default elementor-section-height-default\" data-id=\"ddff889\" data-element_type=\"section\">\n\t\t\t\t\t\t<div class=\"elementor-container elementor-column-gap-default\">\n\t\t\t\t\t\t\t<div class=\"elementor-row\">\n\t\t\t\t\t<div class=\"aux-parallax-section elementor-column elementor-col-100 elementor-inner-column elementor-element elementor-element-8fb9aff\" data-id=\"8fb9aff\" data-element_type=\"column\">\n\t\t\t<div class=\"elementor-column-wrap elementor-element-populated\">\n\t\t\t\t\t\t\t<div class=\"elementor-widget-wrap\">\n\t\t\t\t\t\t<div class=\"elementor-element elementor-element-5664500 elementor-align-justify elementor-widget__width-initial elementor-widget elementor-widget-button\" data-id=\"5664500\" data-element_type=\"widget\" data-widget_type=\"button.default\">\n\t\t\t\t<div class=\"elementor-widget-container\">\n\t\t\t\t\t<div class=\"elementor-button-wrapper\">\n\t\t\t<a href=\"https:\/\/forms.gle\/v65kRt5EhjRJcD2EA\" class=\"elementor-button-link elementor-button elementor-size-xl\" role=\"button\">\n\t\t\t\t\t\t<span class=\"elementor-button-content-wrapper\">\n\t\t\t\t\t\t<span class=\"elementor-button-text\">REGISTER HERE<\/span>\n\t\t<\/span>\n\t\t\t\t\t<\/a>\n\t\t<\/div>\n\t\t\t\t<\/div>\n\t\t\t\t<\/div>\n\t\t\t\t\t\t<\/div>\n\t\t\t\t\t<\/div>\n\t\t<\/div>\n\t\t\t\t\t\t\t\t<\/div>\n\t\t\t\t\t<\/div>\n\t\t<\/section>\n\t\t\t\t<div class=\"elementor-element elementor-element-d31c4c8 elementor-widget elementor-widget-heading\" data-id=\"d31c4c8\" data-element_type=\"widget\" data-widget_type=\"heading.default\">\n\t\t\t\t<div class=\"elementor-widget-container\">\n\t\t\t<h2 class=\"elementor-heading-title elementor-size-default\"><br><br><br><br><br><br>\n<\/h2>\t\t<\/div>\n\t\t\t\t<\/div>\n\t\t\t\t\t\t<\/div>\n\t\t\t\t\t<\/div>\n\t\t<\/div>\n\t\t\t\t\t\t\t\t<\/div>\n\t\t\t\t\t<\/div>\n\t\t<\/section>\n\t\t\t\t\t\t\t\t\t<\/div>\n\t\t\t<\/div>\n\t\t\t\t\t<\/div>","protected":false},"excerpt":{"rendered":"<p>ETTEV\u00d5TTEK\u00dcLASTUSED Karj\u00e4\u00e4ri\u00fcrituse V\u00f5ti Tulevikku 2024 raames on Sul v\u00f5imalus k\u00fclastada erinevate valdkondade ettev\u00f5tteid. K\u00fclastustel tutvutakse t\u00e4psemalt firma, t\u00f6\u00f6tajate ja t\u00f6\u00f6\u00fclesannetega. Lisaks r\u00e4\u00e4gitakse vabadest praktika- ja t\u00f6\u00f6kohtadest. REGISTREERI SIIN T\u00d6\u00d6VARJUP\u00c4EVAD T\u00f6\u00f6varjup\u00e4ev annab v\u00f5imaluse saada rohkem teada kindlast ametipositsioonist, kuna tudeng on ettev\u00f5tte t\u00f6\u00f6tajaga (varjutatavaga) terve p\u00e4eva koos. P\u00e4eva v\u00e4ltel tutvutakse varjutatava t\u00f6\u00f6\u00fclesannetega ja igap\u00e4evase t\u00f6\u00f6 olemusega. [&hellip;]<\/p>","protected":false},"author":1,"featured_media":0,"parent":0,"menu_order":0,"comment_status":"closed","ping_status":"closed","template":"","meta":[],"yoast_head":"<!-- This site is optimized with the Yoast SEO plugin v20.8 - https:\/\/yoast.com\/wordpress\/plugins\/seo\/ -->\n<title>Ettev\u00f5ttek\u00fclastused ja t\u00f6\u00f6varjup\u00e4evad - V\u00f5ti Tulevikku<\/title>\n<meta name=\"robots\" content=\"index, follow, max-snippet:-1, max-image-preview:large, max-video-preview:-1\" \/>\n<link rel=\"canonical\" href=\"https:\/\/www.vt.ee\/en\/ettevottekulastused-ja-toovarjupaevad\/\" \/>\n<meta property=\"og:locale\" content=\"en_US\" \/>\n<meta property=\"og:type\" content=\"article\" \/>\n<meta property=\"og:title\" content=\"Ettev\u00f5ttek\u00fclastused ja t\u00f6\u00f6varjup\u00e4evad - V\u00f5ti Tulevikku\" \/>\n<meta property=\"og:description\" content=\"ETTEV\u00d5TTEK\u00dcLASTUSED Karj\u00e4\u00e4ri\u00fcrituse V\u00f5ti Tulevikku 2024 raames on Sul v\u00f5imalus k\u00fclastada erinevate valdkondade ettev\u00f5tteid. K\u00fclastustel tutvutakse t\u00e4psemalt firma, t\u00f6\u00f6tajate ja t\u00f6\u00f6\u00fclesannetega. Lisaks r\u00e4\u00e4gitakse vabadest praktika- ja t\u00f6\u00f6kohtadest. REGISTREERI SIIN T\u00d6\u00d6VARJUP\u00c4EVAD T\u00f6\u00f6varjup\u00e4ev annab v\u00f5imaluse saada rohkem teada kindlast ametipositsioonist, kuna tudeng on ettev\u00f5tte t\u00f6\u00f6tajaga (varjutatavaga) terve p\u00e4eva koos. P\u00e4eva v\u00e4ltel tutvutakse varjutatava t\u00f6\u00f6\u00fclesannetega ja igap\u00e4evase t\u00f6\u00f6 olemusega. [&hellip;]\" \/>\n<meta property=\"og:url\" content=\"https:\/\/www.vt.ee\/en\/ettevottekulastused-ja-toovarjupaevad\/\" \/>\n<meta property=\"og:site_name\" content=\"V\u00f5ti Tulevikku\" \/>\n<meta property=\"article:publisher\" content=\"https:\/\/www.facebook.com\/VotiTulevikku\/\" \/>\n<meta property=\"article:modified_time\" content=\"2024-02-26T03:18:27+00:00\" \/>\n<meta name=\"twitter:card\" content=\"summary_large_image\" \/>\n<meta name=\"twitter:label1\" content=\"Est. reading time\" \/>\n\t<meta name=\"twitter:data1\" content=\"1 minute\" \/>\n<script type=\"application\/ld+json\" class=\"yoast-schema-graph\">{\"@context\":\"https:\/\/schema.org\",\"@graph\":[{\"@type\":\"WebPage\",\"@id\":\"https:\/\/www.vt.ee\/ettevottekulastused-ja-toovarjupaevad\/\",\"url\":\"https:\/\/www.vt.ee\/ettevottekulastused-ja-toovarjupaevad\/\",\"name\":\"Ettev\u00f5ttek\u00fclastused ja t\u00f6\u00f6varjup\u00e4evad - V\u00f5ti Tulevikku\",\"isPartOf\":{\"@id\":\"https:\/\/www.vt.ee\/#website\"},\"datePublished\":\"2024-02-21T15:41:20+00:00\",\"dateModified\":\"2024-02-26T03:18:27+00:00\",\"breadcrumb\":{\"@id\":\"https:\/\/www.vt.ee\/ettevottekulastused-ja-toovarjupaevad\/#breadcrumb\"},\"inLanguage\":\"en-US\",\"potentialAction\":[{\"@type\":\"ReadAction\",\"target\":[\"https:\/\/www.vt.ee\/ettevottekulastused-ja-toovarjupaevad\/\"]}]},{\"@type\":\"BreadcrumbList\",\"@id\":\"https:\/\/www.vt.ee\/ettevottekulastused-ja-toovarjupaevad\/#breadcrumb\",\"itemListElement\":[{\"@type\":\"ListItem\",\"position\":1,\"name\":\"Home\",\"item\":\"https:\/\/www.vt.ee\/\"},{\"@type\":\"ListItem\",\"position\":2,\"name\":\"Ettev\u00f5ttek\u00fclastused ja t\u00f6\u00f6varjup\u00e4evad\"}]},{\"@type\":\"WebSite\",\"@id\":\"https:\/\/www.vt.ee\/#website\",\"url\":\"https:\/\/www.vt.ee\/\",\"name\":\"V\u00f5ti Tulevikku\",\"description\":\"Eesti suurim karj\u00e4\u00e4ri\u00fcritus, mis viib kokku tudengid ja ettev\u00f5tted.\",\"publisher\":{\"@id\":\"https:\/\/www.vt.ee\/#organization\"},\"potentialAction\":[{\"@type\":\"SearchAction\",\"target\":{\"@type\":\"EntryPoint\",\"urlTemplate\":\"https:\/\/www.vt.ee\/?s={search_term_string}\"},\"query-input\":\"required name=search_term_string\"}],\"inLanguage\":\"en-US\"},{\"@type\":\"Organization\",\"@id\":\"https:\/\/www.vt.ee\/#organization\",\"name\":\"V\u00f5ti Tulevikku\",\"url\":\"https:\/\/www.vt.ee\/\",\"logo\":{\"@type\":\"ImageObject\",\"inLanguage\":\"en-US\",\"@id\":\"https:\/\/www.vt.ee\/#\/schema\/logo\/image\/\",\"url\":\"https:\/\/www.vt.ee\/wp-content\/uploads\/veebilogo.png\",\"contentUrl\":\"https:\/\/www.vt.ee\/wp-content\/uploads\/veebilogo.png\",\"width\":750,\"height\":750,\"caption\":\"V\u00f5ti Tulevikku\"},\"image\":{\"@id\":\"https:\/\/www.vt.ee\/#\/schema\/logo\/image\/\"},\"sameAs\":[\"https:\/\/www.facebook.com\/VotiTulevikku\/\",\"https:\/\/www.instagram.com\/votitulevikku\/\",\"https:\/\/www.linkedin.com\/company\/vti-tulevikku\/\",\"https:\/\/www.youtube.com\/channel\/UCE3cFRB50dToVNcGsUANlrw\"]}]}<\/script>\n<!-- \/ Yoast SEO plugin. -->","yoast_head_json":{"title":"Ettev\u00f5ttek\u00fclastused ja t\u00f6\u00f6varjup\u00e4evad - V\u00f5ti Tulevikku","robots":{"index":"index","follow":"follow","max-snippet":"max-snippet:-1","max-image-preview":"max-image-preview:large","max-video-preview":"max-video-preview:-1"},"canonical":"https:\/\/www.vt.ee\/en\/ettevottekulastused-ja-toovarjupaevad\/","og_locale":"en_US","og_type":"article","og_title":"Ettev\u00f5ttek\u00fclastused ja t\u00f6\u00f6varjup\u00e4evad - V\u00f5ti Tulevikku","og_description":"ETTEV\u00d5TTEK\u00dcLASTUSED Karj\u00e4\u00e4ri\u00fcrituse V\u00f5ti Tulevikku 2024 raames on Sul v\u00f5imalus k\u00fclastada erinevate valdkondade ettev\u00f5tteid. K\u00fclastustel tutvutakse t\u00e4psemalt firma, t\u00f6\u00f6tajate ja t\u00f6\u00f6\u00fclesannetega. Lisaks r\u00e4\u00e4gitakse vabadest praktika- ja t\u00f6\u00f6kohtadest. REGISTREERI SIIN T\u00d6\u00d6VARJUP\u00c4EVAD T\u00f6\u00f6varjup\u00e4ev annab v\u00f5imaluse saada rohkem teada kindlast ametipositsioonist, kuna tudeng on ettev\u00f5tte t\u00f6\u00f6tajaga (varjutatavaga) terve p\u00e4eva koos. P\u00e4eva v\u00e4ltel tutvutakse varjutatava t\u00f6\u00f6\u00fclesannetega ja igap\u00e4evase t\u00f6\u00f6 olemusega. [&hellip;]","og_url":"https:\/\/www.vt.ee\/en\/ettevottekulastused-ja-toovarjupaevad\/","og_site_name":"V\u00f5ti Tulevikku","article_publisher":"https:\/\/www.facebook.com\/VotiTulevikku\/","article_modified_time":"2024-02-26T03:18:27+00:00","twitter_card":"summary_large_image","twitter_misc":{"Est. reading time":"1 minute"},"schema":{"@context":"https:\/\/schema.org","@graph":[{"@type":"WebPage","@id":"https:\/\/www.vt.ee\/ettevottekulastused-ja-toovarjupaevad\/","url":"https:\/\/www.vt.ee\/ettevottekulastused-ja-toovarjupaevad\/","name":"Ettev\u00f5ttek\u00fclastused ja t\u00f6\u00f6varjup\u00e4evad - V\u00f5ti Tulevikku","isPartOf":{"@id":"https:\/\/www.vt.ee\/#website"},"datePublished":"2024-02-21T15:41:20+00:00","dateModified":"2024-02-26T03:18:27+00:00","breadcrumb":{"@id":"https:\/\/www.vt.ee\/ettevottekulastused-ja-toovarjupaevad\/#breadcrumb"},"inLanguage":"en-US","potentialAction":[{"@type":"ReadAction","target":["https:\/\/www.vt.ee\/ettevottekulastused-ja-toovarjupaevad\/"]}]},{"@type":"BreadcrumbList","@id":"https:\/\/www.vt.ee\/ettevottekulastused-ja-toovarjupaevad\/#breadcrumb","itemListElement":[{"@type":"ListItem","position":1,"name":"Home","item":"https:\/\/www.vt.ee\/"},{"@type":"ListItem","position":2,"name":"Ettev\u00f5ttek\u00fclastused ja t\u00f6\u00f6varjup\u00e4evad"}]},{"@type":"WebSite","@id":"https:\/\/www.vt.ee\/#website","url":"https:\/\/www.vt.ee\/","name":"V\u00f5ti Tulevikku","description":"Eesti suurim karj\u00e4\u00e4ri\u00fcritus, mis viib kokku tudengid ja ettev\u00f5tted.","publisher":{"@id":"https:\/\/www.vt.ee\/#organization"},"potentialAction":[{"@type":"SearchAction","target":{"@type":"EntryPoint","urlTemplate":"https:\/\/www.vt.ee\/?s={search_term_string}"},"query-input":"required name=search_term_string"}],"inLanguage":"en-US"},{"@type":"Organization","@id":"https:\/\/www.vt.ee\/#organization","name":"V\u00f5ti Tulevikku","url":"https:\/\/www.vt.ee\/","logo":{"@type":"ImageObject","inLanguage":"en-US","@id":"https:\/\/www.vt.ee\/#\/schema\/logo\/image\/","url":"https:\/\/www.vt.ee\/wp-content\/uploads\/veebilogo.png","contentUrl":"https:\/\/www.vt.ee\/wp-content\/uploads\/veebilogo.png","width":750,"height":750,"caption":"V\u00f5ti Tulevikku"},"image":{"@id":"https:\/\/www.vt.ee\/#\/schema\/logo\/image\/"},"sameAs":["https:\/\/www.facebook.com\/VotiTulevikku\/","https:\/\/www.instagram.com\/votitulevikku\/","https:\/\/www.linkedin.com\/company\/vti-tulevikku\/","https:\/\/www.youtube.com\/channel\/UCE3cFRB50dToVNcGsUANlrw"]}]}},"guten_post_layout_featured_media_urls":{"full":false,"thumbnail":false,"medium":false,"medium_large":false,"large":false,"1536x1536":false,"2048x2048":false,"trp-custom-language-flag":false,"guten_post_layout_landscape_large":false,"guten_post_layout_portrait_large":false,"guten_post_layout_square_large":false,"guten_post_layout_landscape":false,"guten_post_layout_portrait":false,"guten_post_layout_square":false,"post-thumbnail":false,"menu-24x24":false,"menu-36x36":false,"menu-48x48":false},"_links":{"self":[{"href":"https:\/\/www.vt.ee\/en\/wp-json\/wp\/v2\/pages\/8376"}],"collection":[{"href":"https:\/\/www.vt.ee\/en\/wp-json\/wp\/v2\/pages"}],"about":[{"href":"https:\/\/www.vt.ee\/en\/wp-json\/wp\/v2\/types\/page"}],"author":[{"embeddable":true,"href":"https:\/\/www.vt.ee\/en\/wp-json\/wp\/v2\/users\/1"}],"replies":[{"embeddable":true,"href":"https:\/\/www.vt.ee\/en\/wp-json\/wp\/v2\/comments?post=8376"}],"version-history":[{"count":18,"href":"https:\/\/www.vt.ee\/en\/wp-json\/wp\/v2\/pages\/8376\/revisions"}],"predecessor-version":[{"id":10518,"href":"https:\/\/www.vt.ee\/en\/wp-json\/wp\/v2\/pages\/8376\/revisions\/10518"}],"wp:attachment":[{"href":"https:\/\/www.vt.ee\/en\/wp-json\/wp\/v2\/media?parent=8376"}],"curies":[{"name":"wp","href":"https:\/\/api.w.org\/{rel}","templated":true}]}}